{"id":11770,"date":"2025-08-19T12:04:29","date_gmt":"2025-08-19T12:04:29","guid":{"rendered":"https:\/\/www.largepillow.com\/product\/side-sleeper-pillow-modular-body-pillow-h-shaped-ergonomic-wedge-pillow"},"modified":"2026-02-03T21:17:01","modified_gmt":"2026-02-03T21:17:01","slug":"moduline-kuno-pagalve-h-formos-ergonomiska-pleisto-formos-pagalve-miegui-ant-sono","status":"publish","type":"product","link":"https:\/\/www.largepillow.com\/lt\/product\/side-sleeper-pillow-modular-body-pillow-h-shaped-ergonomic-wedge-pillow\/","title":{"rendered":"\u0160onin\u0117 miegojimo pagalv\u0117, modulin\u0117 k\u016bno pagalv\u0117, H formos ergonomin\u0117 plei\u0161to formos pagalv\u0117"},"content":{"rendered":"[zc_getpagecontent mb=&#8221;mb_aplus&#8221; apid=&#8221;142&#8243;]\n","protected":false},"excerpt":{"rendered":"<ul>\n<li>4 viename H formos modulinis dizainas \u2013 sudaro plei\u0161to formos pagrindas, kaklo pagalv\u0117 ir dvi \u0161onin\u0117s pagalv\u0117s. Naudokite kartu arba atskirai, kad prisitaikytum\u0117te prie savo miegojimo pozos ir k\u016bno poreiki\u0173.<\/li>\n<li>Atviras dizainas rank\u0173 laisvei \u2013 nereikia rank\u0173 tunelio. Leid\u017eia laisvai jud\u0117ti rankai apsiver\u010diant, suma\u017eina pe\u010di\u0173 spaudim\u0105 ir pagerina miegojimo ant \u0161ono komfort\u0105.<\/li>\n<li>Visapusi\u0161kas palaikymas skausmo mal\u0161inimui \u2013 ergonomi\u0161ka konstrukcija palaiko kakl\u0105, nugar\u0105, juosmen\u012f ir kojas. Padeda mal\u0161inti GERL, r\u016bg\u0161ties refliukso, knarkimo ir netaisyklingos laikysenos sukelt\u0105 skausm\u0105.<\/li>\n<li>Plaunamas u\u017evalkalas ir kokybi\u0161kas u\u017epildas \u2013 tiekiamas su nuimamu, skalbimo ma\u0161inoje skalbiamu u\u017evalkalu. Vidinis u\u017epildas yra mink\u0161tas, ta\u010diau suteikia atram\u0105; vidiniai \u0161erd\u017eiai yra nuimami, kad b\u016bt\u0173 lengva valyti.<\/li>\n<li>Ergonomi\u0161kas miego sprendimas \u2013 sukurtas miegantiems ant \u0161ono ir nugaros. Reguliuojami lipdukai ir apver\u010diamas plei\u0161to formos pagrindas suteikia lanks\u010di\u0105 atram\u0105 geresniam miegui.<\/li>\n<\/ul>","protected":false},"featured_media":11762,"comment_status":"open","ping_status":"closed","template":"","meta":[],"product_brand":[],"product_cat":[228],"product_tag":[],"class_list":{"0":"post-11770","1":"product","2":"type-product","3":"status-publish","4":"has-post-thumbnail","6":"product_cat-cushions","8":"first","9":"outofstock","10":"sold-individually","11":"shipping-taxable","12":"purchasable","13":"product-type-simple"},"_links":{"self":[{"href":"https:\/\/www.largepillow.com\/lt\/wp-json\/wp\/v2\/product\/11770","targetHints":{"allow":["GET"]}}],"collection":[{"href":"https:\/\/www.largepillow.com\/lt\/wp-json\/wp\/v2\/product"}],"about":[{"href":"https:\/\/www.largepillow.com\/lt\/wp-json\/wp\/v2\/types\/product"}],"replies":[{"embeddable":true,"href":"https:\/\/www.largepillow.com\/lt\/wp-json\/wp\/v2\/comments?post=11770"}],"wp:featuredmedia":[{"embeddable":true,"href":"https:\/\/www.largepillow.com\/lt\/wp-json\/wp\/v2\/media\/11762"}],"wp:attachment":[{"href":"https:\/\/www.largepillow.com\/lt\/wp-json\/wp\/v2\/media?parent=11770"}],"wp:term":[{"taxonomy":"product_brand","embeddable":true,"href":"https:\/\/www.largepillow.com\/lt\/wp-json\/wp\/v2\/product_brand?post=11770"},{"taxonomy":"product_cat","embeddable":true,"href":"https:\/\/www.largepillow.com\/lt\/wp-json\/wp\/v2\/product_cat?post=11770"},{"taxonomy":"product_tag","embeddable":true,"href":"https:\/\/www.largepillow.com\/lt\/wp-json\/wp\/v2\/product_tag?post=11770"}],"curies":[{"name":"wp","href":"https:\/\/api.w.org\/{rel}","templated":true}]}}