{"id":1187,"date":"2022-09-19T03:28:05","date_gmt":"2022-09-19T03:28:05","guid":{"rendered":"https:\/\/www.largepillow.com\/product\/wedge-lumbar-pillow"},"modified":"2025-09-19T02:33:07","modified_gmt":"2025-09-19T02:33:07","slug":"didele-lovos-pagalvele-2","status":"publish","type":"product","link":"https:\/\/www.largepillow.com\/lt\/product\/large-bed-bolster-cushion","title":{"rendered":"Didel\u0117 lovos pagalv\u0117l\u0117"},"content":{"rendered":"<p>The Large Bed Bolster Cushion: Your Ultimate Comfort Companion<\/p>\n<p>If you have trouble sitting up on your bed for long periods of time, whether it&#8217;s for reading, watching TV, or browsing your phone, then the Large Bed Bolster Cushion is a must-have for you. This comfortable bedside reading pillow is designed to provide you with soft back support, acting as a lumbar pillow to keep you comfortable and relaxed.<\/p>\n<p>But the Large Bed Bolster Cushion is more than just a reading pillow. It&#8217;s a large body pillow that can replace all your normal bed rest or lumbar pillows. It creates multiple positions to support your back, shoulder, spine, stomach, and legs, allowing your muscles to stay relaxed. Whether you need a large back support cushion or an upholstered bedrest pillow, the Large Bed Bolster Cushion can be adjusted to suit your needs perfectly.<\/p>\n<p>The Large Bed Bolster Cushion is designed using high-quality materials that ensure it maintains its shape and support. The cushion comes with three-dimensional stripes, fabric button tufts, and fully hemmed edges. The resilient and flexible micro polyester fiberfill ensures that the cushion retains its original shape and support. The two-way zipper is strong and durable, ensuring long-term use.<\/p>\n<p>Not only is the Large Bed Bolster Cushion a functional and comfortable pillow, but it&#8217;s also a beautiful decorative piece. Its elegant design adds an inviting view to your bedroom, making it a great alternative to a headboard. Whether you&#8217;re in a bedroom, hotel, hospital, window seat, couch, sofa, daybed, bunk bed, dorm bed, or platform bed, the Large Bed Bolster Cushion is adjustable to suit your needs.<\/p>\n<p>The velvet material used in the Large Bed Bolster Cushion is 100% polyester, making it soft and comfortable to the touch. It&#8217;s available in various sizes: 100x50x8cm (3 buttons), 120x50x8cm (4 buttons), 140x50x8cm (4 buttons), 160x50x8cm (5 buttons), 180x50x8cm (6 buttons), and 200x50x8cm (7 buttons).<\/p>\n<p>Our customers are raving about the Large Bed Bolster Cushion! Here are just a few of their comments:<\/p>\n<p>&#8220;I bought this pillow to help with my back pain, and it has been a game-changer! It provides excellent support, and it&#8217;s also very comfortable to sleep with.&#8221;<\/p>\n<p>&#8220;I&#8217;m really impressed with the quality of this pillow. The velvet material is soft and luxurious, and the cushion is very supportive. I highly recommend it!&#8221;<\/p>\n<p>&#8220;I love how versatile this pillow is! I can use it for reading, watching TV, or sleeping, and it provides great support in all positions.&#8221;<\/p>\n<p>If you want to experience the ultimate comfort and support while sitting up on your bed, then the Large Bed Bolster Cushion is the perfect solution for you. Don&#8217;t wait any longer\u2014order yours today!<\/p>","protected":false},"excerpt":{"rendered":"<ul>\n<li><strong>TOBULA SKAITYMO PAGALV\u0116:<\/strong> \u0160i patogi skaitymo pagalv\u0117l\u0117 su sta\u010diakampio formos pagalv\u0117le puikiai tinka kaip mink\u0161ta nugaros atrama juosmens srityje, kai s\u0117dite lovoje skaitydami, \u017ei\u016br\u0117dami televizori\u0173, nar\u0161ydami telefone, nar\u0161ydami plan\u0161etiniame kompiuteryje, \u017eaisdami vaizdo \u017eaidimus, u\u017esiimdami joga, maitindami kr\u016btimi ir ils\u0117damiesi po operacijos.<\/li>\n<li><strong>PATOGI K\u016aNO PAGALV\u0116:<\/strong> Kaip didelio k\u016bno pagalv\u0117, ji pakei\u010dia visas \u012fprastas lovos ar juosmens pagalves, sukuria kelias pozicijas kaip pozicionuojanti pagalv\u0117, skirta paremti nugar\u0105, pe\u010dius, stubur\u0105, pilv\u0105, kojas ir leid\u017eianti atpalaiduoti raumenis. Skatina teising\u0105 stubur\u0105 bet kuriam miegan\u010diajam, nesvarbu, ar jums reikia mink\u0161tos lovos pagalv\u0117s, ar didel\u0117s nugaros atramos pagalv\u0117l\u0117s, jei jums tiesiog reikia daugiau ar ma\u017eiau pakylos. J\u0105 taip pat galite naudoti kaip n\u0117\u0161tumo pagalv\u0119, kuri suteikia atram\u0105 \u012fvairioms k\u016bno dalims ir mal\u0161ina n\u0117\u0161tumo skausmus.<\/li>\n<li><strong>I\u0160 PRAD\u017dI\u0172 SUKURTA I\u0160 AUK\u0160TOS KOKYB\u0116S MED\u017dIAG\u0172:<\/strong> Sta\u010diakamp\u0117 skaitymo pagalv\u0117l\u0117 su trimat\u0117mis juostel\u0117mis, med\u017eiaginiais sag\u0173 kuok\u0161teliais ir visi\u0161kai apsi\u016btais kra\u0161tais i\u0161siskiria i\u0161 vis\u0173 \u012fprast\u0173 nugaros atramos pagalv\u0117li\u0173. Nors dekoratyvin\u0117 nugaros atramos pagalv\u0117l\u0117 yra mink\u0161ta, ji i\u0161laiko savo atramin\u0119 form\u0105, i\u0161naudodama visas elastingo ir lanks\u010dio mikro poliesterio pluo\u0161to pripildymo galimybes. Dvikryptis lovos pagalv\u0117l\u0117s u\u017etrauktukas yra labai tvirtas ir patvarus ilgalaikiam naudojimui.<\/li>\n<li><strong>GRA\u017dI DEKORATYVIN\u0116 PAGALV\u0116 PRIE NAKTIES:<\/strong> Jei jums reikia greito ir paprasto lovos galv\u016bgalio, \u0161i apmu\u0161ta lovos galv\u016bgalio pagalv\u0117l\u0117 skaitymui gali b\u016bti naudojama kaip alternatyva ir tuo pa\u010diu metu b\u016bti gra\u017eiu lovos dekoru. Eleganti\u0161kas dizainas suteiks j\u016bs\u0173 miegamajam viliojan\u010dio vaizdo. D\u0117l patrauklios i\u0161vaizdos \u0161is originalus lovos atlo\u0161o pagalv\u0117l\u0117 yra reguliuojamo dyd\u017eio ir tinka miegamajam, vie\u0161bu\u010diui, ligoninei, prie palang\u0117s, sofai, sofai, dviauk\u0161tei lovai, bendrabu\u010dio lovai ar lovai su platforma.<\/li>\n<li><strong>NUIMAMAS IR LENGVAI SKALBIAMAS JUOMENS PAGALV\u0116S U\u017dVALKALAS:<\/strong> Lovos poilsio pagalv\u0117s u\u017evalkal\u0105 galite lengvai nuimti atsegdami u\u017etrauktuk\u0105, atsegdami sagas ir i\u0161skalbdami j\u012f skalbimo ma\u0161inoje.<\/li>\n<li><strong>Audinys:<\/strong> Aksomas (100% poliesteris).<\/li>\n<li><strong>Dydis:<\/strong> 100x50x8cm (3 sagos), 120x50x8cm (4 sagos), 140x50x8cm (4 sagos), 160x50x8cm (5 sagos), 180x50x8cm (6 sagos), 200x50x8cm (7 sagos)<\/li>\n<\/ul>","protected":false},"featured_media":1171,"comment_status":"open","ping_status":"closed","template":"","meta":[],"product_brand":[],"product_cat":[28],"product_tag":[117,124,122,121,131,79,112,118,59,126,125,128,127,129,130,123],"class_list":{"0":"post-1187","1":"product","2":"type-product","3":"status-publish","4":"has-post-thumbnail","6":"product_cat-large-body-pillow","7":"product_tag-back-support-cushion","8":"product_tag-bedside-decorative-pillow","9":"product_tag-body-pillow","10":"product_tag-large-bed-bolster-cushion","11":"product_tag-leg-support-pillow","12":"product_tag-lumbar-pillow","13":"product_tag-lumbar-support-pillow","14":"product_tag-pregnancy-pillow","15":"product_tag-reading-pillow","16":"product_tag-rectangular-shape-cushion","17":"product_tag-removable-pillow-cover","18":"product_tag-shoulder-support-pillow","19":"product_tag-soft-back-support-cushion","20":"product_tag-spine-support-pillow","21":"product_tag-stomach-support-pillow","22":"product_tag-upholstered-bedrest-pillow","24":"first","25":"instock","26":"featured","27":"shipping-taxable","28":"purchasable","29":"product-type-variable"},"_links":{"self":[{"href":"https:\/\/www.largepillow.com\/lt\/wp-json\/wp\/v2\/product\/1187","targetHints":{"allow":["GET"]}}],"collection":[{"href":"https:\/\/www.largepillow.com\/lt\/wp-json\/wp\/v2\/product"}],"about":[{"href":"https:\/\/www.largepillow.com\/lt\/wp-json\/wp\/v2\/types\/product"}],"replies":[{"embeddable":true,"href":"https:\/\/www.largepillow.com\/lt\/wp-json\/wp\/v2\/comments?post=1187"}],"wp:featuredmedia":[{"embeddable":true,"href":"https:\/\/www.largepillow.com\/lt\/wp-json\/wp\/v2\/media\/1171"}],"wp:attachment":[{"href":"https:\/\/www.largepillow.com\/lt\/wp-json\/wp\/v2\/media?parent=1187"}],"wp:term":[{"taxonomy":"product_brand","embeddable":true,"href":"https:\/\/www.largepillow.com\/lt\/wp-json\/wp\/v2\/product_brand?post=1187"},{"taxonomy":"product_cat","embeddable":true,"href":"https:\/\/www.largepillow.com\/lt\/wp-json\/wp\/v2\/product_cat?post=1187"},{"taxonomy":"product_tag","embeddable":true,"href":"https:\/\/www.largepillow.com\/lt\/wp-json\/wp\/v2\/product_tag?post=1187"}],"curies":[{"name":"wp","href":"https:\/\/api.w.org\/{rel}","templated":true}]}}