{"id":1238,"date":"2022-09-19T05:36:36","date_gmt":"2022-09-19T05:36:36","guid":{"rendered":"https:\/\/www.largepillow.com\/product\/back-cushion-for-sofa"},"modified":"2026-02-06T13:51:15","modified_gmt":"2026-02-06T13:51:15","slug":"lovos-poilsio-pagalve","status":"publish","type":"product","link":"https:\/\/www.largepillow.com\/lt\/product\/bedrest-pillow","title":{"rendered":"Lovos pagalv\u0117"},"content":{"rendered":"<p>M\u0117gaukit\u0117s komfortu ir atrama su m\u016bs\u0173 lovos pagalve<\/p>\n<p>Ie\u0161kote tobulos pagalv\u0117s, kuri pagerint\u0173 j\u016bs\u0173 atsipalaidavim\u0105 ir savijaut\u0105? Tai yra tai, ko jums reikia \u2013 m\u016bs\u0173 auk\u0161\u010diausios kokyb\u0117s lovos pagalv\u0117, kruop\u0161\u010diai sukurta siekiant suteikti neprilygstam\u0105 atram\u0105 ir komfort\u0105.<\/p>\n<p>Neprilygstama kokyb\u0117 ir patogumas<\/p>\n<p>M\u016bs\u0173 lovos pagalv\u0117, pagaminta i\u0161skirtinai tiksliai, yra u\u017epildyta auk\u0161\u010diausios kokyb\u0117s poliesterio pluo\u0161tu, kuris nepriekai\u0161tingai prisitaiko prie j\u016bs\u0173 k\u016bno form\u0173, u\u017etikrindamas tvirt\u0105 nugaros atram\u0105 ir mink\u0161t\u0105 poj\u016bt\u012f. Apgaubta prabangiai mink\u0161tu aksominiu audiniu, ji atspari deformacijai ir pumpuravimuisi, \u017ead\u0117dama ilgalaik\u012f komfort\u0105.<\/p>\n<p>Universalus reguliavimas ir patogumas<\/p>\n<p>D\u0117l reguliuojamo dizaino m\u016bs\u0173 pagalv\u0117 turi nedidel\u012f, susukam\u0105 pagalv\u0117l\u0119, kuri\u0105 galima strategi\u0161kai i\u0161d\u0117styti, kad b\u016bt\u0173 u\u017etikrinta tikslin\u0117 atrama. I\u0161laikykite stubur\u0105 tiesiai ir neleiskite susik\u016bprinti, kad i\u0161laikytum\u0117te sveik\u0105 laikysen\u0105. Be to, nuimamas ir skalbiamas pagalv\u0117s u\u017evalkalas suteikia papildom\u0105 higienos sluoksn\u012f ir palengvina prie\u017ei\u016br\u0105. Dar didesniam patogumui dvi prakti\u0161kos \u0161onin\u0117s ki\u0161en\u0117s suteikia galimyb\u0119 laikyti smulkius daiktus, kad j\u016bs\u0173 m\u0117gstamiausi daiktai b\u016bt\u0173 lengvai pasiekiami.<\/p>\n<p>Mokslin\u0117 nugaros atrama<\/p>\n<p>Ergonomi\u0161kai suprojektuota m\u016bs\u0173 lovos pagalv\u0117 suteikia neprilygstam\u0105 nugaros atram\u0105, mal\u0161ina juosmens ir kaklo skausmus, skatina taisykling\u0105 laikysen\u0105 ir apsaugo nuo diskomforto, kur\u012f sukelia ilgas s\u0117d\u0117jimas ar gul\u0117jimas.<\/p>\n<p>Daugiafunkcis komfortas<\/p>\n<p>M\u016bs\u0173 universali ir pritaikoma lovos pagalv\u0117 per\u017eengia miegamojo ribas. Ji idealiai tinka sofoms, ku\u0161et\u0117ms, kr\u0117slams ir ku\u0161etams, leisdama m\u0117gautis maksimal\u0173 komfort\u0105 ir stuburo atram\u0105 bet kokioje aplinkoje. Nesvarbu, ar skaitote \u012ftraukiant\u012f roman\u0105, \u017ei\u016brite m\u0117gstamus serialus, ar tiesiog atsipalaiduojate po ilgos dienos, m\u016bs\u0173 pagalv\u0117 garantuoja atgaiv\u0105.<\/p>\n<p>Klient\u0173 rekomendacijos<\/p>\n<p>\u201c\u0160i trikamp\u0117 pagalv\u0117l\u0117 yra labai patogi. Olandi\u0161ko aksomo audinys toks \u0161velnus mano odai, o cilindro formos pagalv\u0117l\u0117 puikiai tinka kaklui palaikyti.\u201d \u2013 Patenkintas klientas<\/p>\n<p>\u201cMan patinka erdvios \u0161onin\u0117s ki\u0161en\u0117s. Jose telefonas, u\u017era\u0161\u0173 knygel\u0117 ir kiti reikalingi daiktai yra tvarkingai susid\u0117ti ir lengvai pasiekiami.\u201d \u2013 Patenkinta naudotoja<\/p>\n<p>Specifikacijos<\/p>\n<p>* Audinys: 100% poliesterio velvetas<br \/>\n* Dydis: 60 x 50 x 22 cm<\/p>\n<p>Investuokite \u012f tobuliausi\u0105 atsipalaidavimo ir palaikymo sprendim\u0105 jau \u0161iandien \u2013 m\u016bs\u0173 i\u0161skirtin\u0119 lovos pagalv\u0119. Jos i\u0161skirtinis komfortas, universalumas ir patvarumas pakeis j\u016bs\u0173 namus ir pagerins j\u016bs\u0173 savijaut\u0105.<\/p>","protected":false},"excerpt":{"rendered":"<ul>\n<li><strong>Kvalifikuota plei\u0161to formos pagalv\u0117:<\/strong> \u0160i plei\u0161to formos lovos pagalv\u0117 yra prikim\u0161ta auk\u0161\u010diausios kokyb\u0117s poliesterio pluo\u0161to, kad suteikt\u0173 stabili\u0105 nugaros atram\u0105 ir jaust\u0173si patogiai skaitydami, ils\u0117damiesi, \u017ei\u016br\u0117dami televizori\u0173 lovoje ar ant sofos. Auk\u0161tos kokyb\u0117s aksominis audinys yra labai mink\u0161tas, patvarus ir nesideformuoja bei nesip\u016bkuoja.<\/li>\n<li><strong>Reguliuojama plei\u0161to formos pagalv\u0117:<\/strong> Pagalv\u0117l\u0117 su apvalia pagalv\u0117le yra su ma\u017eu susukamu pagalv\u0117l\u0117s formos u\u017evalkalu. J\u0105 galima reguliuoti pagal poreik\u012f. Ji padeda i\u0161laikyti tiesi\u0105 nugar\u0105, kad nesusmuktum\u0117te. Pagalv\u0117s, skirtos skaitymui, u\u017evalkalas yra nuimamas ir skalbiamas. \u0160onuose yra 2 ma\u017eos ki\u0161en\u0117s smulkiems daiktams, pavyzd\u017eiui, ra\u0161ikliui, mobiliajam telefonui, televizoriaus nuotolinio valdymo pulteliui ir kt., laikyti.<\/li>\n<li><strong>Puikus nugaros palaikymas:<\/strong> Didel\u0117 atramin\u0117 pagalv\u0117 atitinka ergonomin\u012f dizain\u0105, kuris gali suteikti moksli\u0161kai pagr\u012fst\u0105 nugaros atram\u0105 ir pagerinti s\u0117d\u0117jimo laikysen\u0105. \u0160ios sofos pagalv\u0117l\u0117s suteikia patogi\u0105 juosmens, nugaros ir kaklo atram\u0105. Jos taip pat gali pad\u0117ti i\u0161vengti ir palengvinti juosmens ir kaklo ligas bei suma\u017einti nugaros skausmus.<\/li>\n<li><strong>Platus panaudojimo spektras:<\/strong> Plei\u0161to formos pagalv\u0117 gali b\u016bti naudojama \u012fvairiems tikslams, tod\u0117l puikiai tinka naudoti ant lovos, sofos-lovos, fotelio ir ku\u0161et\u0117s. Puiki dovana sau, draugams ar \u0161eimos nariams.<\/li>\n<li><strong>Lengva valyti:<\/strong> \u0160i atramin\u0117 pagalv\u0117 turi u\u017etrauktuk\u0105, kad d\u0117kl\u0105 b\u016bt\u0173 lengva nuimti ir skalbti skalbimo ma\u0161inoje.<\/li>\n<li><strong>Audinys:<\/strong> Aksomas (100% poliesteris).<\/li>\n<li><strong>Dydis:<\/strong>\u00a060x50x22 cm.<\/li>\n<\/ul>","protected":false},"featured_media":1228,"comment_status":"open","ping_status":"closed","template":"","meta":[],"product_brand":[],"product_cat":[29],"product_tag":[66,60,111,101,112,59,107,71,65],"class_list":{"0":"post-1238","1":"product","2":"type-product","3":"status-publish","4":"has-post-thumbnail","6":"product_cat-large-reading-pillow","7":"product_tag-back-support-pillow","8":"product_tag-backrest-pillow","9":"product_tag-bedrest-pillow","10":"product_tag-chair-cushion","11":"product_tag-lumbar-support-pillow","12":"product_tag-reading-pillow","13":"product_tag-sofa-cushion","14":"product_tag-tv-pillow","15":"product_tag-wedge-pillow","17":"first","18":"instock","19":"shipping-taxable","20":"purchasable","21":"product-type-simple"},"_links":{"self":[{"href":"https:\/\/www.largepillow.com\/lt\/wp-json\/wp\/v2\/product\/1238","targetHints":{"allow":["GET"]}}],"collection":[{"href":"https:\/\/www.largepillow.com\/lt\/wp-json\/wp\/v2\/product"}],"about":[{"href":"https:\/\/www.largepillow.com\/lt\/wp-json\/wp\/v2\/types\/product"}],"replies":[{"embeddable":true,"href":"https:\/\/www.largepillow.com\/lt\/wp-json\/wp\/v2\/comments?post=1238"}],"wp:featuredmedia":[{"embeddable":true,"href":"https:\/\/www.largepillow.com\/lt\/wp-json\/wp\/v2\/media\/1228"}],"wp:attachment":[{"href":"https:\/\/www.largepillow.com\/lt\/wp-json\/wp\/v2\/media?parent=1238"}],"wp:term":[{"taxonomy":"product_brand","embeddable":true,"href":"https:\/\/www.largepillow.com\/lt\/wp-json\/wp\/v2\/product_brand?post=1238"},{"taxonomy":"product_cat","embeddable":true,"href":"https:\/\/www.largepillow.com\/lt\/wp-json\/wp\/v2\/product_cat?post=1238"},{"taxonomy":"product_tag","embeddable":true,"href":"https:\/\/www.largepillow.com\/lt\/wp-json\/wp\/v2\/product_tag?post=1238"}],"curies":[{"name":"wp","href":"https:\/\/api.w.org\/{rel}","templated":true}]}}