{"id":1249,"date":"2022-09-19T05:36:49","date_gmt":"2022-09-19T05:36:49","guid":{"rendered":"https:\/\/www.largepillow.com\/product\/back-cushion-for-bed"},"modified":"2025-06-07T09:27:52","modified_gmt":"2025-06-07T09:27:52","slug":"skaitymo-pagalvele","status":"publish","type":"product","link":"https:\/\/www.largepillow.com\/lt\/product\/reading-cushion","title":{"rendered":"Skaitymo pagalv\u0117l\u0117"},"content":{"rendered":"<p>The Reading Cushion &#8211; your new favorite addition to your cozy reading nook!<\/p>\n<p>This comfortable and supportive wedge pillow is made with premium polyester fiberfill and high-quality Velvet fabric, ensuring a soft, durable, and comfortable experience. It is perfect for providing stable back support while reading, resting, or watching TV on your bed or sofa.<\/p>\n<p>The Reading Cushion is an adjustable wedge pillow, equipped with a small roll bolster pillow that can be placed where you need it. It helps keep your back straight so you don&#8217;t slump and leads to improved posture and a more comfortable experience. The pillow cover is removable and washable, and there are two small pockets on the side for storing small items such as your phone or remote.<\/p>\n<p>This cushion is ergonomically designed to provide excellent back support, which can prevent and relieve lumbar and cervical diseases, and release back pains. The large support pillow conforms to the ergonomic design, providing comfortable support for the waist, back, and neck.<\/p>\n<p>The Reading Cushion is versatile, making it perfect for use on the bed, sofa daybed, chair, or couch. It&#8217;s an excellent gift for yourself, friends, or family.<\/p>\n<p>Easy to clean, this support pillow features a zipper closure design that makes the case easily removable and machine washable.<\/p>\n<p>Don&#8217;t just take our word for it, here are some of our satisfied customers&#8217; comments:<\/p>\n<p>&#8220;I love my Reading Cushion! It helps me sit upright and prevents me from slumping while I read. The pockets are perfect for storing my phone or remote.&#8221; &#8211; Emily.<\/p>\n<p>&#8220;The Velvet fabric is so soft, and the cushion is very supportive. I highly recommend the Reading Cushion to anyone looking for a comfortable reading experience.&#8221; &#8211; Jack.<\/p>\n<p>&#8220;This is a game-changer for my reading experience. It&#8217;s so comfortable, and the support it gives my back is amazing. I&#8217;m so glad I found this product!&#8221; &#8211; Sarah.<\/p>\n<p>What are you waiting for? Get your hands on the Reading Cushion and take your reading experience to the next level!<\/p>","protected":false},"excerpt":{"rendered":"<ul>\n<li><strong>Kvalifikuota plei\u0161to formos pagalv\u0117:<\/strong> \u0160i plei\u0161to formos lovos pagalv\u0117 yra prikim\u0161ta auk\u0161\u010diausios kokyb\u0117s poliesterio pluo\u0161to, kad suteikt\u0173 stabili\u0105 nugaros atram\u0105 ir jaust\u0173si patogiai skaitydami, ils\u0117damiesi, \u017ei\u016br\u0117dami televizori\u0173 lovoje ar ant sofos. Auk\u0161tos kokyb\u0117s aksominis audinys yra labai mink\u0161tas, patvarus ir nesideformuoja bei nesip\u016bkuoja.<\/li>\n<li><strong>Reguliuojama plei\u0161to formos pagalv\u0117:<\/strong> Pagalv\u0117l\u0117 su apvalia pagalv\u0117le yra su ma\u017eu susukamu pagalv\u0117l\u0117s formos u\u017evalkalu. J\u0105 galima reguliuoti pagal poreik\u012f. Ji padeda i\u0161laikyti tiesi\u0105 nugar\u0105, kad nesusmuktum\u0117te. Pagalv\u0117s, skirtos skaitymui, u\u017evalkalas yra nuimamas ir skalbiamas. \u0160onuose yra 2 ma\u017eos ki\u0161en\u0117s smulkiems daiktams, pavyzd\u017eiui, ra\u0161ikliui, mobiliajam telefonui, televizoriaus nuotolinio valdymo pulteliui ir kt., laikyti.<\/li>\n<li><strong>Puikus nugaros palaikymas:<\/strong> Didel\u0117 atramin\u0117 pagalv\u0117 atitinka ergonomin\u012f dizain\u0105, kuris gali suteikti moksli\u0161kai pagr\u012fst\u0105 nugaros atram\u0105 ir pagerinti s\u0117d\u0117jimo laikysen\u0105. \u0160ios sofos pagalv\u0117l\u0117s suteikia patogi\u0105 juosmens, nugaros ir kaklo atram\u0105. Jos taip pat gali pad\u0117ti i\u0161vengti ir palengvinti juosmens ir kaklo ligas bei suma\u017einti nugaros skausmus.<\/li>\n<li><strong>Platus panaudojimo spektras:<\/strong> Plei\u0161to formos pagalv\u0117 gali b\u016bti naudojama \u012fvairiems tikslams, tod\u0117l puikiai tinka naudoti ant lovos, sofos-lovos, fotelio ir ku\u0161et\u0117s. Puiki dovana sau, draugams ar \u0161eimos nariams.<\/li>\n<li><strong>Lengva valyti:<\/strong> \u0160i atramin\u0117 pagalv\u0117 turi u\u017etrauktuk\u0105, kad d\u0117kl\u0105 b\u016bt\u0173 lengva nuimti ir skalbti skalbimo ma\u0161inoje.<\/li>\n<li><strong>Audinys:<\/strong> Aksomas (100% poliesteris).<\/li>\n<li><strong>Dydis:<\/strong>\u00a060x50x22 cm.<\/li>\n<\/ul>","protected":false},"featured_media":1239,"comment_status":"open","ping_status":"closed","template":"","meta":[],"product_brand":[],"product_cat":[29],"product_tag":[92,60,108,101,110,109,106,59,107,65],"class_list":{"0":"post-1249","1":"product","2":"type-product","3":"status-publish","4":"has-post-thumbnail","6":"product_cat-large-reading-pillow","7":"product_tag-adjustable-wedge-pillow","8":"product_tag-backrest-pillow","9":"product_tag-bed-cushion","10":"product_tag-chair-cushion","11":"product_tag-couch-cushion","12":"product_tag-daybed-cushion","13":"product_tag-reading-cushion","14":"product_tag-reading-pillow","15":"product_tag-sofa-cushion","16":"product_tag-wedge-pillow","18":"first","19":"outofstock","20":"shipping-taxable","21":"purchasable","22":"product-type-simple"},"_links":{"self":[{"href":"https:\/\/www.largepillow.com\/lt\/wp-json\/wp\/v2\/product\/1249","targetHints":{"allow":["GET"]}}],"collection":[{"href":"https:\/\/www.largepillow.com\/lt\/wp-json\/wp\/v2\/product"}],"about":[{"href":"https:\/\/www.largepillow.com\/lt\/wp-json\/wp\/v2\/types\/product"}],"replies":[{"embeddable":true,"href":"https:\/\/www.largepillow.com\/lt\/wp-json\/wp\/v2\/comments?post=1249"}],"wp:featuredmedia":[{"embeddable":true,"href":"https:\/\/www.largepillow.com\/lt\/wp-json\/wp\/v2\/media\/1239"}],"wp:attachment":[{"href":"https:\/\/www.largepillow.com\/lt\/wp-json\/wp\/v2\/media?parent=1249"}],"wp:term":[{"taxonomy":"product_brand","embeddable":true,"href":"https:\/\/www.largepillow.com\/lt\/wp-json\/wp\/v2\/product_brand?post=1249"},{"taxonomy":"product_cat","embeddable":true,"href":"https:\/\/www.largepillow.com\/lt\/wp-json\/wp\/v2\/product_cat?post=1249"},{"taxonomy":"product_tag","embeddable":true,"href":"https:\/\/www.largepillow.com\/lt\/wp-json\/wp\/v2\/product_tag?post=1249"}],"curies":[{"name":"wp","href":"https:\/\/api.w.org\/{rel}","templated":true}]}}