{"id":1354,"date":"2022-09-19T06:09:59","date_gmt":"2022-09-19T06:09:59","guid":{"rendered":"https:\/\/www.largepillow.com\/product\/bed-wedge-pillow"},"modified":"2024-10-03T16:31:26","modified_gmt":"2024-10-03T16:31:26","slug":"pleisto-formos-lovos-pagalve","status":"publish","type":"product","link":"https:\/\/www.largepillow.com\/lt\/product\/bed-wedge-pillow","title":{"rendered":"Lovos plei\u0161to formos pagalv\u0117"},"content":{"rendered":"<p>Atraskite visi\u0161k\u0105 komfort\u0105 su m\u016bs\u0173 plei\u0161to formos lovos pagalve \u2013 tobulu j\u016bs\u0173 atsipalaidavimo palydovu<\/p>\n<p>\u0160iandieniniame skuban\u010diame gyvenimo tempe labai svarbu rasti akimirk\u0105 atsipalaiduoti ir pails\u0117ti. Nesvarbu, ar esate aistringas skaitytojas, film\u0173 entuziastas, ar tiesiog m\u0117gstate patogiai leisti laik\u0105 savo lovoje, m\u016bs\u0173 plei\u0161to formos pagalv\u0117 sukurta tam, kad pagerint\u0173 j\u016bs\u0173 atsipalaidavimo patirt\u012f. \u0160i universali pagalv\u0117 yra ne tik eilinis aksesuaras; ji kei\u010dia \u017eaidimo taisykles siekiant asmeninio komforto j\u016bs\u0173 erdv\u0117je.<\/p>\n<p>Neprilygstama atrama s\u0117dint lovoje<\/p>\n<p>M\u016bs\u0173 plei\u0161to formos lovos pagalv\u0117 yra kruop\u0161\u010diai pagaminta, kad suteikt\u0173 neprilygstam\u0105 atram\u0105, kol m\u0117gaujat\u0117s m\u0117gstama veikla lovoje. Nesvarbu, ar tai b\u016bt\u0173 skaitymas, darbas, televizoriaus \u017ei\u016br\u0117jimas ar tiesiog poilsis, \u0161i pagalv\u0117 pasir\u016bpins jumis \u2013 tiesiogine prasme. Jos itin auk\u0161ta konstrukcija, \u012fsp\u016bdingi 60 cm, suteikia puiki\u0105 atram\u0105 galvai ir vir\u0161utinei k\u016bno daliai, tod\u0117l ji idealiai tinka naudoti prie galv\u016bgalio, ku\u0161et\u0117s ar sofos.<\/p>\n<p>Auk\u0161\u010diausios kokyb\u0117s ir stiliaus<\/p>\n<p>Pagaminta i\u0161 auk\u0161tos kokyb\u0117s 100% medviln\u0117s, m\u016bs\u0173 skaitymo pagalv\u0117 ne tik suteikia atram\u0105, bet ir yra patvari bei mink\u0161ta liesti. Ra\u0161tuotas audinio u\u017evalkalas suteikia stiling\u0105 i\u0161vaizd\u0105 bet kuriam miegamajam ar svetainei, skland\u017eiai dera prie j\u016bs\u0173 nam\u0173 interjero ir u\u017etikrina norim\u0105 komfort\u0105. I\u0161lenktas dizainas ne tik palaiko nugar\u0105 ir kakl\u0105, bet ir pagerina pagalv\u0117s estetin\u012f patrauklum\u0105.<\/p>\n<p>Patogumas ranka pasiekiamas<\/p>\n<p>Suprasdami patogumo svarb\u0105 \u0161iandieniniame pasaulyje, m\u016bs\u0173 plei\u0161to formos skaitymo pagalv\u0117 turi patogi\u0105 \u0161onin\u0119 ki\u0161en\u0119. \u0160is apgalvotas priedas puikiai tinka laikyti telefon\u0105, plan\u0161etin\u012f kompiuter\u012f ar kitus smulkius daiktus, u\u017etikrinant, kad jie b\u016bt\u0173 lengvai pasiekiami jums atsipalaiduojant. B\u016btent smulkmenos daro didel\u012f skirtum\u0105, ir \u0161i \u0161onin\u0117 ki\u0161en\u0117 tai \u012frodo.<\/p>\n<p>Universalumas ir perkeliamumas<\/p>\n<p>Vienas i\u0161 i\u0161skirtini\u0173 m\u016bs\u0173 skaitymo pagalv\u0117s bruo\u017e\u0173 yra lengvas ir ne\u0161iojamas dizainas. \u0160is universalumas leid\u017eia j\u0105 lengvai perkelti po namus, u\u017etikrinant reikiam\u0105 atram\u0105, kad ir kur jos prireikt\u0173. Nesvarbu, ar perkeliate j\u0105 i\u0161 miegamojo \u012f svetain\u0119, ar pasiimate j\u0105 su savimi kelion\u0117se, m\u016bs\u0173 pagalv\u0117 sukurta taip, kad b\u016bt\u0173 lengva naudoti ir ne\u0161iojama.<\/p>\n<p>Klient\u0173 pasitenkinimas kalba pats u\u017e save<\/p>\n<p>M\u016bs\u0173 plei\u0161to formos lovos pagalv\u0117 sulauk\u0117 d\u0117mesio d\u0117l vis\u0173 tinkam\u0173 prie\u017eas\u010di\u0173. Nuo trikampio formos atramin\u0117s pagalv\u0117s dizaino iki papildomo patogumo, kur\u012f suteikia \u017eem\u0117lapio formos audinio ra\u0161tas \u2013 m\u016bs\u0173 klientai dalijosi savo pasitenkinimu. \u0160tai keletas svarbiausi\u0173 atsiliepim\u0173 apie m\u016bs\u0173 produkt\u0105, kurie daug pasako apie j\u012f:<\/p>\n<p>\u2013 \u201cPapildomas auk\u0161tis i\u0161 esm\u0117s kei\u010dia mano skaitymo seansus prie\u0161 mieg\u0105.\u201d<br \/>\n\u2013 \u201cNiekada ne\u017einojau, kad man to reikia, kol ne\u012fsigijau. Dabar tai mano m\u0117gstamiausia pagalv\u0117 \u017ei\u016brint televizori\u0173.\u201d<br \/>\n\u2013 \u201c\u0160onin\u0117 ki\u0161en\u0117 yra ne\u012ftik\u0117tinai patogi mano telefonui. Man ji patinka!\u201d<br \/>\n\u2013 \u201cKokyb\u0117 ir patogumas dera su stiliumi. Tai ne tik pagalv\u0117; tai dekoro elementas.\u201d<\/p>\n<p>M\u0117gaukit\u0117s did\u017eiausiu komfortu ir atrama su m\u016bs\u0173 plei\u0161to formos lovos pagalve, sukurta galvojant apie j\u016bs\u0173 atsipalaidavim\u0105. D\u0117l auk\u0161\u010diausios kokyb\u0117s med\u017eiag\u0173, patogi\u0173 savybi\u0173 ir universalaus dizaino ji yra b\u016btinas pirkinys kiekvienam, norin\u010diam pagerinti savo atsipalaidavimo patirt\u012f. Prisijunkite prie daugyb\u0117s patenkint\u0173 klient\u0173 ir atraskite nauj\u0105 komforto ir patogumo lyg\u012f savo namuose.<\/p>","protected":false},"excerpt":{"rendered":"<ul>\n<li>Puikiai tinka s\u0117d\u0117ti lovoje: m\u016bs\u0173 patogi plei\u0161to formos skaitymo pagalv\u0117 suteikia puiki\u0105 nugaros atram\u0105 tiems, kurie m\u0117gsta skaityti ar dirbti lovoje, \u017ei\u016br\u0117ti televizori\u0173 ar atsipalaiduoti. Ji puikiai tinka galv\u016bgaliams, ku\u0161et\u0117ms ir sofoms, nes suteikia patog\u0173 ir atramin\u012f atlo\u0161\u0105.<\/li>\n<li>Ypa\u010d auk\u0161tas dizainas: m\u016bs\u0173 skaitymo pagalv\u0117 pasi\u017eymi unikaliu i\u0161lenktu dizainu, kuris suteikia papildom\u0105 atram\u0105 nugarai ir kaklui. 60 cm auk\u0161\u010dio m\u016bs\u0173 plei\u0161to formos pagalv\u0117 yra auk\u0161tesn\u0117 nei dauguma tradicini\u0173 plei\u0161to formos pagalvi\u0173 ir suteikia geresn\u0119 atram\u0105 galvai ir vir\u0161utinei k\u016bno daliai.<\/li>\n<li>Auk\u0161\u010diausios kokyb\u0117s med\u017eiagos: M\u016bs\u0173 pagalv\u0117 u\u017epildyta auk\u0161tos kokyb\u0117s 100% medvilne, kuri yra mink\u0161ta, patogi ir patvari. Spausdintas audinio u\u017evalkalas suteikia j\u016bs\u0173 miegamajam ar svetainei stiliaus. U\u017epildyta atlo\u0161o pagalv\u0117 suteikia tobul\u0105 atram\u0105 ir mink\u0161tum\u0105 j\u016bs\u0173 nugarai ir kaklui.<\/li>\n<li>Patogi \u0161onin\u0117 ki\u0161en\u0117: M\u016bs\u0173 plei\u0161to formos skaitymo pagalv\u0117 turi \u0161onin\u0119 ki\u0161en\u0119, kurioje patogiai galite laikyti telefon\u0105, plan\u0161etin\u012f kompiuter\u012f ar kitus smulkius daiktus, kol ilsit\u0117s lovoje.<\/li>\n<li>Universali ir ne\u0161iojama: M\u016bs\u0173 skaitymo pagalv\u0117 yra lengva ir lengvai perkeliama i\u0161 vienos vietos \u012f kit\u0105, tod\u0117l puikiai tinka naudoti \u012fvairiose j\u016bs\u0173 nam\u0173 vietose. Galite j\u0105 naudoti miegamajame, svetain\u0117je ar net pasiimti su savimi keliaujant.<\/li>\n<li>Dydis: 60 * 27 * 60 cm.<\/li>\n<\/ul>","protected":false},"featured_media":1348,"comment_status":"open","ping_status":"closed","template":"","meta":[],"product_brand":[],"product_cat":[29],"product_tag":[66,60,70,73,74,59,72,71],"class_list":{"0":"post-1354","1":"product","2":"type-product","3":"status-publish","4":"has-post-thumbnail","6":"product_cat-large-reading-pillow","7":"product_tag-back-support-pillow","8":"product_tag-backrest-pillow","9":"product_tag-bed-wedge-pillow","10":"product_tag-bedroom-pillow","11":"product_tag-living-room-pillow","12":"product_tag-reading-pillow","13":"product_tag-travel-pillow","14":"product_tag-tv-pillow","16":"first","17":"instock","18":"featured","19":"shipping-taxable","20":"purchasable","21":"product-type-simple"},"_links":{"self":[{"href":"https:\/\/www.largepillow.com\/lt\/wp-json\/wp\/v2\/product\/1354","targetHints":{"allow":["GET"]}}],"collection":[{"href":"https:\/\/www.largepillow.com\/lt\/wp-json\/wp\/v2\/product"}],"about":[{"href":"https:\/\/www.largepillow.com\/lt\/wp-json\/wp\/v2\/types\/product"}],"replies":[{"embeddable":true,"href":"https:\/\/www.largepillow.com\/lt\/wp-json\/wp\/v2\/comments?post=1354"}],"wp:featuredmedia":[{"embeddable":true,"href":"https:\/\/www.largepillow.com\/lt\/wp-json\/wp\/v2\/media\/1348"}],"wp:attachment":[{"href":"https:\/\/www.largepillow.com\/lt\/wp-json\/wp\/v2\/media?parent=1354"}],"wp:term":[{"taxonomy":"product_brand","embeddable":true,"href":"https:\/\/www.largepillow.com\/lt\/wp-json\/wp\/v2\/product_brand?post=1354"},{"taxonomy":"product_cat","embeddable":true,"href":"https:\/\/www.largepillow.com\/lt\/wp-json\/wp\/v2\/product_cat?post=1354"},{"taxonomy":"product_tag","embeddable":true,"href":"https:\/\/www.largepillow.com\/lt\/wp-json\/wp\/v2\/product_tag?post=1354"}],"curies":[{"name":"wp","href":"https:\/\/api.w.org\/{rel}","templated":true}]}}