{"id":1415,"date":"2022-09-20T02:47:33","date_gmt":"2022-09-20T02:47:33","guid":{"rendered":"https:\/\/www.largepillow.com\/product\/huge-rock-pillows-living-stones-pillows-pebble-pillows-living-pillows-pre-filled-christmas-present-light-gray-9001"},"modified":"2024-11-13T23:31:08","modified_gmt":"2024-11-13T23:31:08","slug":"akmens-pagalves","status":"publish","type":"product","link":"https:\/\/www.largepillow.com\/lt\/product\/stone-pillows","title":{"rendered":"Akmenin\u0117s pagalv\u0117s"},"content":{"rendered":"[zc_getpagecontent mb=&#8221;mb_aplus&#8221; apid=&#8221;21&#8243;]\n","protected":false},"excerpt":{"rendered":"<ul>\n<li><strong>Labai pana\u0161i 3D lauko pagalv\u0117l\u0117:<\/strong> I\u0161 pirmo \u017evilgsnio niekada nepagalvosite, kad tai tik dekoratyvin\u0117 pagalv\u0117l\u0117. I\u0161radingo dizaino d\u0117ka mes puikiai suderinome jauki\u0105 pagalv\u0119 ir \u201cakmen\u012f\u201d. Elips\u0117s forma ir lieknas i\u0161linkis suteikia jiems i\u0161vaizd\u0105 kaip tikriems akmenims. Tamsi\u0173 ir \u0161viesi\u0173 spalv\u0173 mai\u0161ymas ir derinimas gali suteikti j\u016bs\u0173 kambariui sodri\u0173 vizualini\u0173 poky\u010di\u0173 ir padaryti j\u012f \u017eaisming\u0105. \u0160ios ry\u0161kios dekoratyvin\u0117s pagalv\u0117l\u0117s paver\u010dia m\u016bs\u0173 namus \u012fdomia vieta.<\/li>\n<li><strong>Dekoratyvin\u0117s pagalv\u0117l\u0117s \u012fvairioms progoms:<\/strong> M\u016bs\u0173 pagalv\u0117s gali b\u016bti naudojamos kaip dekoracija, patenkinan\u010dios \u012fvairius j\u016bs\u0173 poreikius \u012fvairiomis progomis. Pad\u0117kite jas viduje, kad suteiktum\u0117te kambariui nat\u016bral\u0173 skon\u012f. Pad\u0117kite jas lauke sode, terasoje, prie baseino ir pan. Galite gr\u012f\u017eti prie tikros, tobulos integracijos ir jaustis patogiai; naudojamos vaik\u0173 kambariui papuo\u0161ti, gali sukurti \u017eaidim\u0173 park\u0105.<\/li>\n<li><strong>Daugiafunkcin\u0117s k\u016brybin\u0117s pagalv\u0117s:<\/strong> M\u016bs\u0173 mink\u0161tos pagalv\u0117l\u0117s gali b\u016bti naudojamos ne tik kaip dekoratyvin\u0117s pagalv\u0117l\u0117s bet kuriame vidaus \/ lauko kampelyje, bet ir kaip vaik\u0173 \u017eaislai, kad vaikai gal\u0117t\u0173 \u017eaisti su mink\u0161tomis pagalv\u0117l\u0117mis kada nori ir lavinti savo jausmus. Didel\u0117s sofos pagalv\u0117l\u0117s taip pat gali b\u016bti naudojamos kaip k\u016brybingos s\u0117dimos vietos ir ma\u017eos sofos pagalv\u0117l\u0117s. Dekoratyvin\u0117s \u012fvairi\u0173 form\u0173 pagalv\u0117l\u0117s taip pat puikiai tinka nuotrauk\u0173 rekvizitams.<\/li>\n<li><strong>Auk\u0161tos kokyb\u0117s imitacinio akmens pagalv\u0117:<\/strong> Atrinkti itin mink\u0161ti, trumpi aksominiai audiniai, mink\u0161ti ir patog\u016bs. Dekoratyvin\u0117s pagalv\u0117s su poliesterio u\u017epildu, kuris yra purus, mink\u0161tas ir elastingas. Nematomas u\u017etrauktukas leid\u017eia pagalv\u0117s u\u017evalkal\u0105 lengvai i\u0161ardyti. Naudojant reaktyviosios spaudos ir da\u017eymo technologij\u0105, nuo med\u017eiagos parinkimo iki spalvos fiksavimo, klijavimo, formavimo iki galutinio produkto, kiekvienas \u017eingsnis yra grie\u017etai \u012fgyvendinamas.<\/li>\n<li><strong>Pakuot\u0117 ir dydis:<\/strong> Kiekvienoje pakuot\u0117je yra 1 rinkinys i\u0161 6 skirting\u0173 dyd\u017ei\u0173 lauko pagalv\u0117li\u0173, kurios yra netaisyklingos ovalo formos, labiau primenan\u010dios akmenis. Dyd\u017eiai: 100 \u00d7 50 \/ 50 \u00d7 35 \/ 50 \u00d7 25 \/ 35 \u00d7 23 \/ 30 \u00d7 15 \/ 18 x 10 cm.<\/li>\n<\/ul>","protected":false},"featured_media":1406,"comment_status":"open","ping_status":"closed","template":"","meta":[],"product_brand":[],"product_cat":[30],"product_tag":[58,57,53,56,52,54,51,55,50],"class_list":{"0":"post-1415","1":"product","2":"type-product","3":"status-publish","4":"has-post-thumbnail","6":"product_cat-large-rock-pillow","7":"product_tag-floor-cushion","8":"product_tag-floor-pillow","9":"product_tag-livingstones","10":"product_tag-pebble-cushion","11":"product_tag-pebble-pillow","12":"product_tag-rock-cushion","13":"product_tag-rock-pillow","14":"product_tag-stone-cushion","15":"product_tag-stone-pillow","17":"first","18":"instock","19":"featured","20":"shipping-taxable","21":"purchasable","22":"product-type-variable","23":"has-default-attributes"},"_links":{"self":[{"href":"https:\/\/www.largepillow.com\/lt\/wp-json\/wp\/v2\/product\/1415","targetHints":{"allow":["GET"]}}],"collection":[{"href":"https:\/\/www.largepillow.com\/lt\/wp-json\/wp\/v2\/product"}],"about":[{"href":"https:\/\/www.largepillow.com\/lt\/wp-json\/wp\/v2\/types\/product"}],"replies":[{"embeddable":true,"href":"https:\/\/www.largepillow.com\/lt\/wp-json\/wp\/v2\/comments?post=1415"}],"wp:featuredmedia":[{"embeddable":true,"href":"https:\/\/www.largepillow.com\/lt\/wp-json\/wp\/v2\/media\/1406"}],"wp:attachment":[{"href":"https:\/\/www.largepillow.com\/lt\/wp-json\/wp\/v2\/media?parent=1415"}],"wp:term":[{"taxonomy":"product_brand","embeddable":true,"href":"https:\/\/www.largepillow.com\/lt\/wp-json\/wp\/v2\/product_brand?post=1415"},{"taxonomy":"product_cat","embeddable":true,"href":"https:\/\/www.largepillow.com\/lt\/wp-json\/wp\/v2\/product_cat?post=1415"},{"taxonomy":"product_tag","embeddable":true,"href":"https:\/\/www.largepillow.com\/lt\/wp-json\/wp\/v2\/product_tag?post=1415"}],"curies":[{"name":"wp","href":"https:\/\/api.w.org\/{rel}","templated":true}]}}