{"id":14837,"date":"2025-10-10T03:47:18","date_gmt":"2025-10-10T03:47:18","guid":{"rendered":"https:\/\/www.largepillow.com\/product\/large-bean-bag-chair-for-adults-with-filler-comfy-floor-sofa-couch"},"modified":"2025-10-10T03:58:04","modified_gmt":"2025-10-10T03:58:04","slug":"didelis-pufas-suaugusiems-su-patogia-grindu-sofa-lova","status":"publish","type":"product","link":"https:\/\/www.largepillow.com\/lt\/product\/large-bean-bag-chair-for-adults-with-filler-comfy-floor-sofa-couch","title":{"rendered":"Didelis pufas suaugusiems su u\u017epildu, patogi grind\u0173 sofa-lova"},"content":{"rendered":"[zc_getpagecontent mb=&#8221;mb_aplus&#8221; apid=&#8221;145&#8243;]\n","protected":false},"excerpt":{"rendered":"<ul>\n<li>I\u0161skirtinis komfortas ir atrama: \u0161is pufas pasi\u017eymi eleganti\u0161ka daugiakampio forma, suteikian\u010dia modern\u0173 \u012fvaizd\u012f. Unikalus dizainas u\u017etikrina viso k\u016bno komfort\u0105, tvirt\u0105 kaklo, juosmens ir koj\u0173 atram\u0105, stabilum\u0105 ir maksimali\u0105 koj\u0173 laisv\u0119.<\/li>\n<li>Auk\u0161\u010diausios kokyb\u0117s audinys ir u\u017epildas: pagaminti i\u0161 tekst\u016bruoto aksomo, kad b\u016bt\u0173 mink\u0161ti ir malon\u016bs odai. U\u017epildas pagamintas i\u0161 auk\u0161tos kokyb\u0117s PP medviln\u0117s, tod\u0117l yra atsparus, ilgaam\u017eis ir purus, jaukus, tod\u0117l patogus net ir laikui b\u0117gant.<\/li>\n<li>Didelis ir stabilus dizainas: \u0160is pufas, kurio matmenys yra 50 coli\u0173 ilgio, 37 coli\u0173 plo\u010dio ir 28 coli\u0173 auk\u0161\u010dio, gali sutalpinti iki dviej\u0173 \u017emoni\u0173. Puikiai tinka poroms arba jaukiam poilsiui vienam. Subalansuota konstrukcija u\u017etikrina stabilum\u0105, nesiderant su siena.<\/li>\n<li>Patvarios detal\u0117s ir paprastas naudojimas: \u0160is pufas-k\u0117d\u0117 su tvirtu u\u017etrauktuku, sustiprintomis si\u016bl\u0117mis, patogia ne\u0161iojimo rankena ir neslystan\u010diu dugnu apjungia apgalvotas detales ir ilgaam\u017ei\u0161kum\u0105 kasdieniam naudojimui.<\/li>\n<li>Lengva prie\u017ei\u016bra ir nereikia surinkti: patogumui pristatoma vakuumin\u0117je pakuot\u0117je. Tiesiog i\u0161pakuokite ir leiskite i\u0161sip\u016bsti 24\u201348 valandas. Valymui tiesiog nuvalykite pavir\u0161i\u0173 \u0161velniu valikliu, kad jis i\u0161likt\u0173 gaivus ir atrodyt\u0173 kaip naujas.<\/li>\n<\/ul>","protected":false},"featured_media":14829,"comment_status":"open","ping_status":"closed","template":"","meta":[],"product_brand":[],"product_cat":[228],"product_tag":[],"class_list":{"0":"post-14837","1":"product","2":"type-product","3":"status-publish","4":"has-post-thumbnail","6":"product_cat-cushions","8":"first","9":"instock","10":"sold-individually","11":"shipping-taxable","12":"purchasable","13":"product-type-simple"},"_links":{"self":[{"href":"https:\/\/www.largepillow.com\/lt\/wp-json\/wp\/v2\/product\/14837","targetHints":{"allow":["GET"]}}],"collection":[{"href":"https:\/\/www.largepillow.com\/lt\/wp-json\/wp\/v2\/product"}],"about":[{"href":"https:\/\/www.largepillow.com\/lt\/wp-json\/wp\/v2\/types\/product"}],"replies":[{"embeddable":true,"href":"https:\/\/www.largepillow.com\/lt\/wp-json\/wp\/v2\/comments?post=14837"}],"wp:featuredmedia":[{"embeddable":true,"href":"https:\/\/www.largepillow.com\/lt\/wp-json\/wp\/v2\/media\/14829"}],"wp:attachment":[{"href":"https:\/\/www.largepillow.com\/lt\/wp-json\/wp\/v2\/media?parent=14837"}],"wp:term":[{"taxonomy":"product_brand","embeddable":true,"href":"https:\/\/www.largepillow.com\/lt\/wp-json\/wp\/v2\/product_brand?post=14837"},{"taxonomy":"product_cat","embeddable":true,"href":"https:\/\/www.largepillow.com\/lt\/wp-json\/wp\/v2\/product_cat?post=14837"},{"taxonomy":"product_tag","embeddable":true,"href":"https:\/\/www.largepillow.com\/lt\/wp-json\/wp\/v2\/product_tag?post=14837"}],"curies":[{"name":"wp","href":"https:\/\/api.w.org\/{rel}","templated":true}]}}