{"id":15142,"date":"2025-10-28T03:27:18","date_gmt":"2025-10-28T03:27:18","guid":{"rendered":"https:\/\/www.largepillow.com\/product\/ergonomic-freestanding-back-pillow-for-reading-relaxation-support"},"modified":"2025-10-28T03:31:57","modified_gmt":"2025-10-28T03:31:57","slug":"ergonomiska-laisvai-stovinti-nugaros-pagalve-skaitymo-atsipalaidavimui","status":"publish","type":"product","link":"https:\/\/www.largepillow.com\/lt\/product\/ergonomic-freestanding-back-pillow-for-reading-relaxation-support\/","title":{"rendered":"Ergonomi\u0161ka laisvai stovinti nugaros pagalv\u0117 skaitymui, atsipalaidavimui ir atramai"},"content":{"rendered":"[zc_getpagecontent mb=&#8221;mb_aplus&#8221; apid=&#8221;146&#8243;]\n","protected":false},"excerpt":{"rendered":"<ul>\n<li>Unikalus \u017evaig\u017ed\u0117s formos dizainas nat\u016braliam komfortui: \u012fkv\u0117pta mink\u0161tos, apvalios \u017evaig\u017ed\u0117s formos, \u0161i nugaros pagalv\u0117 ergonomi\u0161kai tiksliai palaiko j\u016bs\u0173 nugar\u0105 ir pe\u010dius. Jos skulpt\u016bri\u0161kas dizainas suteikia j\u016bs\u0173 gyvenamajai erdvei ir komforto, ir estetinio \u017eavesio.<\/li>\n<li>Nepriklausoma, laisvai stovinti atrama: Skirtingai nuo \u012fprast\u0173 skaitymo pagalvi\u0173, kurios turi b\u016bti remiamos \u012f sien\u0105 ar lovos galv\u016bgal\u012f, \u0161i pagalv\u0117 stovi pati. M\u0117gaukit\u0117s stabilia nugaros atrama ant lovos, sofos ar grind\u0173 \u2013 kad ir kur nor\u0117tum\u0117te atsipalaiduoti.<\/li>\n<li>Dvisluoksnis u\u017epildas, subalansuotas komfortas: pagamintas i\u0161 tvirto putplas\u010dio \u0161erdies, apsuptos mink\u0161tos PP medviln\u0117s, u\u017etikrinan\u010dios stabilum\u0105 ir mink\u0161tum\u0105. I\u0161laiko savo form\u0105 ir atram\u0105 net ir po ilgalaikio kasdienio naudojimo.<\/li>\n<li>Mink\u0161tas \u0161enilinis audinys su neslystan\u010diu pagrindu: padengtas kv\u0117puojan\u010diu \u0161eniliniu ir lino mi\u0161inio audiniu, kuris yra jaukus ir rafinuotas. Tekst\u016bruotas neslystantis pagrindas u\u017etikrina, kad jis tvirtai laikyt\u0173si vietoje naudojimo metu.<\/li>\n<li>Tinka skaitymui, poilsiui ir ils\u0117jimuisi: idealiai tinka suaugusiesiems, paaugliams ir bendrabu\u010dio gyventojams. Skaitant knyg\u0105, \u017ei\u016brint televizori\u0173 ar tiesiog atsipalaiduojant, \u0161i nugaros pagalv\u0117 sukuria \u0161ilt\u0105, bendr\u0105 komforto zon\u0105 vienam ar dviem naudotojams.<\/li>\n<\/ul>","protected":false},"featured_media":15132,"comment_status":"open","ping_status":"closed","template":"","meta":[],"product_brand":[],"product_cat":[228],"product_tag":[],"class_list":{"0":"post-15142","1":"product","2":"type-product","3":"status-publish","4":"has-post-thumbnail","6":"product_cat-cushions","8":"first","9":"instock","10":"sold-individually","11":"shipping-taxable","12":"purchasable","13":"product-type-simple"},"_links":{"self":[{"href":"https:\/\/www.largepillow.com\/lt\/wp-json\/wp\/v2\/product\/15142","targetHints":{"allow":["GET"]}}],"collection":[{"href":"https:\/\/www.largepillow.com\/lt\/wp-json\/wp\/v2\/product"}],"about":[{"href":"https:\/\/www.largepillow.com\/lt\/wp-json\/wp\/v2\/types\/product"}],"replies":[{"embeddable":true,"href":"https:\/\/www.largepillow.com\/lt\/wp-json\/wp\/v2\/comments?post=15142"}],"wp:featuredmedia":[{"embeddable":true,"href":"https:\/\/www.largepillow.com\/lt\/wp-json\/wp\/v2\/media\/15132"}],"wp:attachment":[{"href":"https:\/\/www.largepillow.com\/lt\/wp-json\/wp\/v2\/media?parent=15142"}],"wp:term":[{"taxonomy":"product_brand","embeddable":true,"href":"https:\/\/www.largepillow.com\/lt\/wp-json\/wp\/v2\/product_brand?post=15142"},{"taxonomy":"product_cat","embeddable":true,"href":"https:\/\/www.largepillow.com\/lt\/wp-json\/wp\/v2\/product_cat?post=15142"},{"taxonomy":"product_tag","embeddable":true,"href":"https:\/\/www.largepillow.com\/lt\/wp-json\/wp\/v2\/product_tag?post=15142"}],"curies":[{"name":"wp","href":"https:\/\/api.w.org\/{rel}","templated":true}]}}