{"id":15372,"date":"2025-11-08T12:38:12","date_gmt":"2025-11-08T12:38:12","guid":{"rendered":"https:\/\/www.largepillow.com\/product\/ergonomic-reading-pillow-with-arm-rest-for-back-neck-shoulder-support"},"modified":"2025-11-09T08:50:23","modified_gmt":"2025-11-09T08:50:23","slug":"ergonomiska-skaitymo-pagalve-su-porankiais-nugarai-kaklui-ir-peciams-paremti","status":"publish","type":"product","link":"https:\/\/www.largepillow.com\/lt\/product\/ergonomic-reading-pillow-with-arm-rest-for-back-neck-shoulder-support","title":{"rendered":"Ergonomi\u0161ka skaitymo pagalv\u0117 su porankiais nugaros, kaklo ir pe\u010di\u0173 atramai"},"content":{"rendered":"[zc_getpagecontent mb=&#8221;mb_aplus&#8221; apid=&#8221;148&#8243;]\n","protected":false},"excerpt":{"rendered":"<ul>\n<li>H formos patobulinta versija: H formos \u0161onin\u0117 miegojimo pagalv\u0117 yra lengvesn\u0117 ir lankstesn\u0117 nei U formos, ta\u010diau i\u0161laiko pagrindinius savo privalumus. Ji i\u0161sprend\u017eia U formos pagalvi\u0173, kuri\u0173 negalima reguliuoti, kv\u0117pavimo problem\u0105, be to, ji turi ma\u017eiau auk\u0161\u010dio apribojim\u0173, tod\u0117l tinka visiems naudotojams, nepriklausomai nuo \u016bgio ar k\u016bno tipo.<\/li>\n<li>3 viename \u0161oninio miegojimo pagalv\u0117s sistema: ji apjungia plei\u0161to formos atramos pagrind\u0105, H formos pagalv\u0119 ir lanks\u010di\u0105 pagalv\u0119. Plei\u0161to formos pagalv\u0117 pakelia vir\u0161utin\u0119 nugaros dal\u012f, kad kovot\u0173 su r\u016bg\u0161ties refliuksu. H formos pagalv\u0117 u\u017etikrina stabili\u0105 atram\u0105 vis\u0105 nakt\u012f, mal\u0161indama pe\u010di\u0173, kaklo ir nugaros skausmus. 3 viename sistema gali efektyviai koreguoti viso k\u016bno laikysen\u0105 ir optimizuoti j\u016bs\u0173 miego re\u017eim\u0105.<\/li>\n<li>Ypa\u010d patogi lovos pagalv\u0117: u\u017etikrina tobul\u0105 ergonomikos ir individualaus komforto pusiausvyr\u0105, suteikia atram\u0105 miegantiems ant nugaros, \u0161ono, pe\u010di\u0173 ir pilvo, pad\u0117dama jums ramiai i\u0161simiegoti nakt\u012f, kurios nusipeln\u0117te.<\/li>\n<li>Skalbiamas u\u017evalkalas: gaminys pasi\u017eymi nuimamu ir skalbiamu dizainu, kur\u012f lengva nuimti, tod\u0117l lengva pa\u0161alinti dulkes ir d\u0117mes, i\u0161laikant gaminio \u0161var\u0105.<\/li>\n<\/ul>","protected":false},"featured_media":15392,"comment_status":"open","ping_status":"closed","template":"","meta":[],"product_brand":[],"product_cat":[228],"product_tag":[],"class_list":{"0":"post-15372","1":"product","2":"type-product","3":"status-publish","4":"has-post-thumbnail","6":"product_cat-cushions","8":"first","9":"instock","10":"sold-individually","11":"shipping-taxable","12":"purchasable","13":"product-type-variable","14":"has-default-attributes"},"_links":{"self":[{"href":"https:\/\/www.largepillow.com\/lt\/wp-json\/wp\/v2\/product\/15372","targetHints":{"allow":["GET"]}}],"collection":[{"href":"https:\/\/www.largepillow.com\/lt\/wp-json\/wp\/v2\/product"}],"about":[{"href":"https:\/\/www.largepillow.com\/lt\/wp-json\/wp\/v2\/types\/product"}],"replies":[{"embeddable":true,"href":"https:\/\/www.largepillow.com\/lt\/wp-json\/wp\/v2\/comments?post=15372"}],"wp:featuredmedia":[{"embeddable":true,"href":"https:\/\/www.largepillow.com\/lt\/wp-json\/wp\/v2\/media\/15392"}],"wp:attachment":[{"href":"https:\/\/www.largepillow.com\/lt\/wp-json\/wp\/v2\/media?parent=15372"}],"wp:term":[{"taxonomy":"product_brand","embeddable":true,"href":"https:\/\/www.largepillow.com\/lt\/wp-json\/wp\/v2\/product_brand?post=15372"},{"taxonomy":"product_cat","embeddable":true,"href":"https:\/\/www.largepillow.com\/lt\/wp-json\/wp\/v2\/product_cat?post=15372"},{"taxonomy":"product_tag","embeddable":true,"href":"https:\/\/www.largepillow.com\/lt\/wp-json\/wp\/v2\/product_tag?post=15372"}],"curies":[{"name":"wp","href":"https:\/\/api.w.org\/{rel}","templated":true}]}}