{"id":15430,"date":"2025-11-08T13:48:08","date_gmt":"2025-11-08T13:48:08","guid":{"rendered":"https:\/\/www.largepillow.com\/product\/velvet-chaise-lounge-with-ottoman-upholstered-indoor-sofa-chair-vintage"},"modified":"2026-03-12T02:42:19","modified_gmt":"2026-03-12T02:42:19","slug":"aksominis-sezlongas-su-ottomanu-apmustu-sofos-foteliu-vintazinis","status":"publish","type":"product","link":"https:\/\/www.largepillow.com\/lt\/product\/velvet-chaise-lounge-with-ottoman-upholstered-indoor-sofa-chair-vintage","title":{"rendered":"Aksominis \u0161ezlongas su ottomanu, apmu\u0161ta sofa-k\u0117d\u0117 viduje, vinta\u017ein\u0117"},"content":{"rendered":"[zc_getpagecontent mb=&#8221;mb_aplus&#8221; apid=&#8221;151&#8243;]\n","protected":false},"excerpt":{"rendered":"<ul>\n<li>Supaprastinta elegancija: \u0161is \u0161ezlongas pasi\u017eymi paprastu, ta\u010diau eleganti\u0161ku dizainu, puikiai derinan\u010diu modern\u0173 rafinuotum\u0105 su nesenstan\u010dia klasika. Aptakus atlo\u0161as, papildytas subtiliais kutais, krentan\u010diais nuo s\u0117dyn\u0117s, suteikia unikalaus \u017eavesio bet kokiam nam\u0173 interjerui.<\/li>\n<li>Prabangus komfortas: \u0160is poilsio kr\u0117slas viduje aptrauktas olandi\u0161ku aksomu, kuris pasi\u017eymi prabangesne tekst\u016bra nei tradicinis aksomas, yra mink\u0161tas ir malonus odai liesti. Pagalv\u0117l\u0117 u\u017epildyta auk\u0161tos kokyb\u0117s PP medvilne, kuri u\u017etikrina ilgalaik\u012f komfort\u0105, nesvarbu, ar skaitote, kalbat\u0117s, ar tiesiog ilsit\u0117s.<\/li>\n<li>Patogus ir patvarus: Bekaul\u0117s \u0161ezlongo vidin\u0117 dalis u\u017epildyta didelio tankio putomis, kurios veiksmingai apsaugo nuo per didelio \u012fgrimimo naudojimo metu, tod\u0117l sofa yra patvari. Neslystantis dugnas gali apsaugoti grindis ir suma\u017einti triuk\u0161m\u0105.<\/li>\n<li>Transformuojamas patogumas: bendri matmenys: 51,2 colio gylis x 23,6 colio plotis x 31,5 colio auk\u0161tis, pufo matmenys: 23,6 colio ilgis x 15,7 colio plotis x 13,7 colio auk\u0161tis. Perstumdykite puf\u0105, kad lengvai pakeistum\u0117te s\u0117d\u0117jimo ir miegojimo pad\u0117tis. Nesvarbu, ar \u012frengiate jauk\u0173 miegam\u0105j\u012f, ar erdvi\u0105 \u0161eimos svetain\u0119, \u0161i mink\u0161ta sofa lengvai prisitaikys prie j\u016bs\u0173 unikalaus i\u0161planavimo.<\/li>\n<li>Joki\u0173 surinkim\u0173, joki\u0173 r\u016bpes\u010di\u0173: Pamir\u0161kite \u012frankius ir nusivylim\u0105. \u0160is vinta\u017einis aksominis \u0161ezlongas parduodamas suspaustoje pakuot\u0117je, tod\u0117l nereikia jo sud\u0117tingai surinkti. Tiesiog i\u0161pakuokite, \u0161velniai pap\u016bskite ir palikite 72 valandoms prie\u0161 naudojim\u0105.<\/li>\n<\/ul>","protected":false},"featured_media":15420,"comment_status":"open","ping_status":"closed","template":"","meta":[],"product_brand":[],"product_cat":[228],"product_tag":[],"class_list":{"0":"post-15430","1":"product","2":"type-product","3":"status-publish","4":"has-post-thumbnail","6":"product_cat-cushions","8":"first","9":"outofstock","10":"sold-individually","11":"shipping-taxable","12":"purchasable","13":"product-type-simple"},"_links":{"self":[{"href":"https:\/\/www.largepillow.com\/lt\/wp-json\/wp\/v2\/product\/15430","targetHints":{"allow":["GET"]}}],"collection":[{"href":"https:\/\/www.largepillow.com\/lt\/wp-json\/wp\/v2\/product"}],"about":[{"href":"https:\/\/www.largepillow.com\/lt\/wp-json\/wp\/v2\/types\/product"}],"replies":[{"embeddable":true,"href":"https:\/\/www.largepillow.com\/lt\/wp-json\/wp\/v2\/comments?post=15430"}],"wp:featuredmedia":[{"embeddable":true,"href":"https:\/\/www.largepillow.com\/lt\/wp-json\/wp\/v2\/media\/15420"}],"wp:attachment":[{"href":"https:\/\/www.largepillow.com\/lt\/wp-json\/wp\/v2\/media?parent=15430"}],"wp:term":[{"taxonomy":"product_brand","embeddable":true,"href":"https:\/\/www.largepillow.com\/lt\/wp-json\/wp\/v2\/product_brand?post=15430"},{"taxonomy":"product_cat","embeddable":true,"href":"https:\/\/www.largepillow.com\/lt\/wp-json\/wp\/v2\/product_cat?post=15430"},{"taxonomy":"product_tag","embeddable":true,"href":"https:\/\/www.largepillow.com\/lt\/wp-json\/wp\/v2\/product_tag?post=15430"}],"curies":[{"name":"wp","href":"https:\/\/api.w.org\/{rel}","templated":true}]}}