{"id":16459,"date":"2026-02-08T02:46:49","date_gmt":"2026-02-08T02:46:49","guid":{"rendered":"https:\/\/www.largepillow.com\/product\/vintage-inspired-chenille-loveseat-sofa-with-floral-velvet-and-removable-pillows"},"modified":"2026-02-11T02:58:28","modified_gmt":"2026-02-11T02:58:28","slug":"vintazinio-stiliaus-seniline-sofa-su-geliu-rasto-aksomu-ir-nuimamomis-pagalvelemis","status":"publish","type":"product","link":"https:\/\/www.largepillow.com\/lt\/product\/vintage-inspired-chenille-loveseat-sofa-with-floral-velvet-and-removable-pillows","title":{"rendered":"Vinta\u017einio stiliaus \u0161enilin\u0117 dviviet\u0117 sofa su g\u0117li\u0173 ra\u0161to aksomu ir nuimamomis pagalv\u0117l\u0117mis"},"content":{"rendered":"<p>Bring a touch of timeless elegance and cozy comfort to your living space with this 52\u201d Loveseat Sofa featuring charming floral upholstery and plush bolster pillows. Perfect for lounging, reading, or spending time with loved ones, this compact 2-seater combines vintage style with modern practicality.<\/p>\n[zc_getpagecontent mb=&#8221;mb_aplus&#8221; apid=&#8221;161&#8243;]\n","protected":false},"excerpt":{"rendered":"<ul>\n<li>Eleganti\u0161kas g\u0117li\u0173 ra\u0161tas: \u0160is dvivietis sofa-lova, aptraukta grak\u0161\u010diu botaniniu ra\u0161tu \u0161velniais geltonais ir \u017ealiais atspalviais, suteikia bet kuriam kambariui gaivinan\u010dio ir vinta\u017einio \u017eavesio.<\/li>\n<li>Auk\u0161\u010diausios kokyb\u0117s audini\u0173 mi\u0161inys: pagamintas i\u0161 kompozicinio ruo\u017eelinio \u0161enilinio ir aksominio audinio, suteikian\u010dio mink\u0161tumo ir prabangos poj\u016bt\u012f. Med\u017eiaga atspari dilimui, patvari ir lengvai pri\u017ei\u016brima.<\/li>\n<li>Patogum\u0105 pirmenyb\u0119 teikianti konstrukcija: u\u017epildyta didelio tankio putomis ir poliesterio pluo\u0161tu, kad b\u016bt\u0173 u\u017etikrintas patogumas ir mink\u0161tumas. Idealiai tinka kasdieniam poilsiui ar jaukiems pokalbiams su mylimu \u017emogumi.<\/li>\n<li>Nuimamos pagalv\u0117l\u0117s: komplekte yra dvi apvalios pagalv\u0117l\u0117s, kurias galima patogiai i\u0161d\u0117styti ir paremti kakl\u0105, nugar\u0105 ar rankas.<\/li>\n<li>Apgalvotos detal\u0117s: sag\u0173 akcentai ant atlo\u0161o sustiprina klasikin\u0119 sofos i\u0161vaizd\u0105, o pasl\u0117ptas u\u017etrauktukas leid\u017eia lengvai i\u0161ardyti ir valyti. Lipnios jungtys tarp pagrindo ir atlo\u0161o leid\u017eia paprastai ir patogiai surinkti bei pri\u017ei\u016br\u0117ti.<\/li>\n<\/ul>","protected":false},"featured_media":16451,"comment_status":"open","ping_status":"closed","template":"","meta":[],"product_brand":[],"product_cat":[228],"product_tag":[],"class_list":{"0":"post-16459","1":"product","2":"type-product","3":"status-publish","4":"has-post-thumbnail","6":"product_cat-cushions","8":"first","9":"instock","10":"sold-individually","11":"shipping-taxable","12":"purchasable","13":"product-type-simple"},"_links":{"self":[{"href":"https:\/\/www.largepillow.com\/lt\/wp-json\/wp\/v2\/product\/16459","targetHints":{"allow":["GET"]}}],"collection":[{"href":"https:\/\/www.largepillow.com\/lt\/wp-json\/wp\/v2\/product"}],"about":[{"href":"https:\/\/www.largepillow.com\/lt\/wp-json\/wp\/v2\/types\/product"}],"replies":[{"embeddable":true,"href":"https:\/\/www.largepillow.com\/lt\/wp-json\/wp\/v2\/comments?post=16459"}],"wp:featuredmedia":[{"embeddable":true,"href":"https:\/\/www.largepillow.com\/lt\/wp-json\/wp\/v2\/media\/16451"}],"wp:attachment":[{"href":"https:\/\/www.largepillow.com\/lt\/wp-json\/wp\/v2\/media?parent=16459"}],"wp:term":[{"taxonomy":"product_brand","embeddable":true,"href":"https:\/\/www.largepillow.com\/lt\/wp-json\/wp\/v2\/product_brand?post=16459"},{"taxonomy":"product_cat","embeddable":true,"href":"https:\/\/www.largepillow.com\/lt\/wp-json\/wp\/v2\/product_cat?post=16459"},{"taxonomy":"product_tag","embeddable":true,"href":"https:\/\/www.largepillow.com\/lt\/wp-json\/wp\/v2\/product_tag?post=16459"}],"curies":[{"name":"wp","href":"https:\/\/api.w.org\/{rel}","templated":true}]}}