{"id":16467,"date":"2026-02-08T03:00:06","date_gmt":"2026-02-08T03:00:06","guid":{"rendered":"https:\/\/www.largepillow.com\/product\/contemporary-ottoman-cube-multi-purpose-footstool-and-seating-pouf-stone-texture"},"modified":"2026-02-11T02:58:28","modified_gmt":"2026-02-11T02:58:28","slug":"siuolaikinis-kubo-formos-daugiafunkcis-pufas-kojoms-ir-sedimoji-dalis-akmens-tekstura","status":"publish","type":"product","link":"https:\/\/www.largepillow.com\/lt\/product\/contemporary-ottoman-cube-multi-purpose-footstool-and-seating-pouf-stone-texture","title":{"rendered":"\u0160iuolaikinis kubo formos daugiafunkcis pufas kojoms ir s\u0117dimam pufui (akmens tekst\u016bra)"},"content":{"rendered":"<p>Pakeiskite savo gyvenam\u0105j\u0105 erdv\u0119 su \u0161iuo universaliu ir stilingu kubo formos pufu, kuris gali b\u016bti ir funkcionalus pakojis, ir dekoratyvinis akcentas. \u0160is pufas, pasi\u017eymintis nuostabiais ra\u0161tais, sukurian\u010diais prabangi\u0105, nat\u016brali\u0105 estetik\u0105, yra 55 x 55 x 40 cm (22 x 22 x 17 coli\u0173) dyd\u017eio \u2013 puikiai tinka bet kokiam kambariui. Kubo dizainas pasi\u017eymi sud\u0117tingais, s\u016bkuriais ra\u0161tais sodriuose ruduose ir auksiniuose atspalviuose, tod\u0117l kiekvienas baldas yra unikaliai i\u0161skirtinis. Pagamintas i\u0161 auk\u0161tos kokyb\u0117s putplas\u010dio pamink\u0161tinimo, jis suteikia patogi\u0105 atram\u0105, nesvarbu, ar naudojamas kaip pakoja, papildoma s\u0117dima vieta, ar \u0161oninis staliukas. Modernus dizainas puikiai dera prie \u012fvairi\u0173 interjero stili\u0173 \u2013 nuo \u0161iuolaikinio iki kaimi\u0161ko. D\u0117l didelio dyd\u017eio jis idealiai tinka tiek prakti\u0161kai naudoti, tiek kaip i\u0161skirtinis j\u016bs\u0173 nam\u0173 dekoro elementas. Galima \u012fsigyti \u012fvairi\u0173 ra\u0161t\u0173, o individualaus dizaino galimyb\u0117s atitinka j\u016bs\u0173 konkre\u010dius estetinius poreikius. Universalus auk\u0161tis ir tvirta konstrukcija u\u017etikrina, kad \u0161is pufas gali b\u016bti naudojamas \u012fvairiems tikslams \u2013 nuo patogios pakojos iki improvizuoto kavos staliuko ar papildom\u0173 s\u0117dim\u0173 viet\u0173 priimant sve\u010dius.<\/p>","protected":false},"excerpt":{"rendered":"<ul>\n<li>Universalus dizainas: modernus kubo formos pufas, kuris gali b\u016bti naudojamas kaip pakojis, papildoma s\u0117dima vieta arba dekoratyvinis akcentas su ry\u0161kiu gr\u016bd\u0173 ra\u0161tu.<\/li>\n<li>Auk\u0161\u010diausios kokyb\u0117s dydis: matmenys 55 * 55 * 40 cm (22 x 22 x 17 coli\u0173), puikiai tinka svetain\u0117ms, miegamiesiems ar bet kuriai erdvei, kuriai reikia stilingo funkcionalumo.<\/li>\n<li>Individual\u016bs variantai: Galima rinktis i\u0161 \u012fvairi\u0173 ra\u0161t\u0173, su galimybe pritaikyti individualius ra\u0161tus pagal j\u016bs\u0173 unikalius interjero dizaino poreikius.<\/li>\n<li>Patogus palaikymas: Pagamintas i\u0161 auk\u0161tos kokyb\u0117s putplas\u010dio pamink\u0161tinimo, u\u017etikrinan\u010dio optimal\u0173 komfort\u0105 ir ilgaam\u017ei\u0161kum\u0105, i\u0161laikant form\u0105.<\/li>\n<li>I\u0161skirtinis akcentas: i\u0161skirtinis ton\u0173 ra\u0161tas sukuria ak\u012f traukiant\u012f akcent\u0105 bet kuriame kambario interjere.<\/li>\n<\/ul>","protected":false},"featured_media":16460,"comment_status":"open","ping_status":"closed","template":"","meta":[],"product_brand":[],"product_cat":[228],"product_tag":[],"class_list":{"0":"post-16467","1":"product","2":"type-product","3":"status-publish","4":"has-post-thumbnail","6":"product_cat-cushions","8":"first","9":"instock","10":"shipping-taxable","11":"purchasable","12":"product-type-simple"},"_links":{"self":[{"href":"https:\/\/www.largepillow.com\/lt\/wp-json\/wp\/v2\/product\/16467","targetHints":{"allow":["GET"]}}],"collection":[{"href":"https:\/\/www.largepillow.com\/lt\/wp-json\/wp\/v2\/product"}],"about":[{"href":"https:\/\/www.largepillow.com\/lt\/wp-json\/wp\/v2\/types\/product"}],"replies":[{"embeddable":true,"href":"https:\/\/www.largepillow.com\/lt\/wp-json\/wp\/v2\/comments?post=16467"}],"wp:featuredmedia":[{"embeddable":true,"href":"https:\/\/www.largepillow.com\/lt\/wp-json\/wp\/v2\/media\/16460"}],"wp:attachment":[{"href":"https:\/\/www.largepillow.com\/lt\/wp-json\/wp\/v2\/media?parent=16467"}],"wp:term":[{"taxonomy":"product_brand","embeddable":true,"href":"https:\/\/www.largepillow.com\/lt\/wp-json\/wp\/v2\/product_brand?post=16467"},{"taxonomy":"product_cat","embeddable":true,"href":"https:\/\/www.largepillow.com\/lt\/wp-json\/wp\/v2\/product_cat?post=16467"},{"taxonomy":"product_tag","embeddable":true,"href":"https:\/\/www.largepillow.com\/lt\/wp-json\/wp\/v2\/product_tag?post=16467"}],"curies":[{"name":"wp","href":"https:\/\/api.w.org\/{rel}","templated":true}]}}