{"id":16515,"date":"2026-02-08T03:29:28","date_gmt":"2026-02-08T03:29:28","guid":{"rendered":"https:\/\/www.largepillow.com\/product\/versatile-ottoman-foot-stool-modern-cube-pouf-for-home-decor-seating-yellow-wood-grain"},"modified":"2026-02-11T02:58:28","modified_gmt":"2026-02-11T02:58:28","slug":"universalus-pufas-koju-taburetems-modernus-kubo-formos-pufas-namu-dekorui-sedimoms-vietoms-geltonos-medienos-tekstura","status":"publish","type":"product","link":"https:\/\/www.largepillow.com\/lt\/product\/versatile-ottoman-foot-stool-modern-cube-pouf-for-home-decor-seating-yellow-wood-grain","title":{"rendered":"Universalus Osman\u0173 koj\u0173 taburet\u0117, modernus kubo formos pufas nam\u0173 dekorui ir s\u0117d\u0117jimui (geltonos medienos ra\u0161tas)"},"content":{"rendered":"<p>\u0160io modernaus kubo formos pufo matmenys yra ma\u017edaug 55 x 55 x 40 cm (22 coli\u0173 ilgio x 22 coli\u0173 plo\u010dio x 17 coli\u0173 auk\u0161\u010dio). \u0160is kubo formos pufas atrodo tikrovi\u0161kiau. Jis yra ne tik koj\u0173 atrama, bet ir gali b\u016bti naudojamas kaip s\u0117dyn\u0117, kavos staliukas, naktinis staliukas ar naktinis staliukas, tod\u0117l gali suteikti patogumo j\u016bs\u0173 kasdieniame gyvenime ir tapti daugiafunkciu akcentu, pritaikomu j\u016bs\u0173 gyvenamosios erdv\u0117s poreikiams.<\/p>","protected":false},"excerpt":{"rendered":"<ul>\n<li>Universalus dizainas: modernus kubo formos pufas, kuris gali b\u016bti naudojamas kaip pakojis, papildoma s\u0117dima vieta arba dekoratyvinis akcentas su ry\u0161kiu med\u017eio tekst\u016bros ra\u0161tu.<\/li>\n<li>Auk\u0161\u010diausios kokyb\u0117s dydis: matmenys 55 * 55 * 40 cm (22 x 22 x 17 coli\u0173), puikiai tinka svetain\u0117ms, miegamiesiems ar bet kuriai erdvei, kuriai reikia stilingo funkcionalumo.<\/li>\n<li>Patogus palaikymas: Pagamintas i\u0161 auk\u0161tos kokyb\u0117s putplas\u010dio pamink\u0161tinimo, u\u017etikrinan\u010dio optimal\u0173 komfort\u0105 ir ilgaam\u017ei\u0161kum\u0105, i\u0161laikant form\u0105.<\/li>\n<li>I\u0161skirtinis elementas: i\u0161skirtinis med\u017eio tekst\u016bros ra\u0161tas tamsiais ir \u0161viesiais tonais sukuria ak\u012f traukiant\u012f akcent\u0105 bet kuriame kambario interjere.<\/li>\n<li>\u012evairios spalvos. Galima \u012fsigyti \u012fvairi\u0173 ra\u0161t\u0173, kad atitikt\u0173 j\u016bs\u0173 unikalius interjero dizaino poreikius.<\/li>\n<\/ul>","protected":false},"featured_media":16508,"comment_status":"open","ping_status":"closed","template":"","meta":[],"product_brand":[],"product_cat":[228],"product_tag":[],"class_list":{"0":"post-16515","1":"product","2":"type-product","3":"status-publish","4":"has-post-thumbnail","6":"product_cat-cushions","8":"first","9":"instock","10":"shipping-taxable","11":"purchasable","12":"product-type-simple"},"_links":{"self":[{"href":"https:\/\/www.largepillow.com\/lt\/wp-json\/wp\/v2\/product\/16515","targetHints":{"allow":["GET"]}}],"collection":[{"href":"https:\/\/www.largepillow.com\/lt\/wp-json\/wp\/v2\/product"}],"about":[{"href":"https:\/\/www.largepillow.com\/lt\/wp-json\/wp\/v2\/types\/product"}],"replies":[{"embeddable":true,"href":"https:\/\/www.largepillow.com\/lt\/wp-json\/wp\/v2\/comments?post=16515"}],"wp:featuredmedia":[{"embeddable":true,"href":"https:\/\/www.largepillow.com\/lt\/wp-json\/wp\/v2\/media\/16508"}],"wp:attachment":[{"href":"https:\/\/www.largepillow.com\/lt\/wp-json\/wp\/v2\/media?parent=16515"}],"wp:term":[{"taxonomy":"product_brand","embeddable":true,"href":"https:\/\/www.largepillow.com\/lt\/wp-json\/wp\/v2\/product_brand?post=16515"},{"taxonomy":"product_cat","embeddable":true,"href":"https:\/\/www.largepillow.com\/lt\/wp-json\/wp\/v2\/product_cat?post=16515"},{"taxonomy":"product_tag","embeddable":true,"href":"https:\/\/www.largepillow.com\/lt\/wp-json\/wp\/v2\/product_tag?post=16515"}],"curies":[{"name":"wp","href":"https:\/\/api.w.org\/{rel}","templated":true}]}}