{"id":16613,"date":"2026-02-10T03:11:26","date_gmt":"2026-02-10T03:11:26","guid":{"rendered":"https:\/\/www.largepillow.com\/product\/large-reading-pillow-for-bed-sofa-dorm-upholstered-headboard-cushion"},"modified":"2026-02-11T03:05:33","modified_gmt":"2026-02-11T03:05:33","slug":"didele-skaitymo-pagalve-lovai-sofai-bendrabutyje-minksta-galvugalio-pagalvele","status":"publish","type":"product","link":"https:\/\/www.largepillow.com\/lt\/product\/large-reading-pillow-for-bed-sofa-dorm-upholstered-headboard-cushion","title":{"rendered":"Didel\u0117 skaitymo pagalv\u0117 lovai, sofai, bendrabu\u010dio kambariui \u2013 apmu\u0161ta galv\u016bgalio pagalv\u0117l\u0117"},"content":{"rendered":"<p>Transform your bedroom into a cozy haven with this Plush Upholstered Headboard Pillow, designed for both comfort and sophistication. Crafted from ultra-soft sherpa fabric and filled with high-density PP cotton, this extra-thick bed backrest cushion provides full-body support, making it perfect for reading, relaxing, or watching TV in bed.<\/p>\n[zc_getpagecontent mb=&#8221;mb_aplus&#8221; apid=&#8221;163&#8243;]\n","protected":false},"excerpt":{"rendered":"<ul>\n<li>I\u0161skirtinis komfortas: \u0161i galv\u016bgalio pagalv\u0117l\u0117 puikiai tinka skaitant ar \u017ei\u016brint televizori\u0173. Ji veikia kaip atramin\u0117 skaitymo pagalv\u0117 nugarai ir galvai, pad\u0117dama i\u0161laikyti patogi\u0105 laikysen\u0105 ilsintis ar \u017ei\u016brint filmus. Ji veiksmingai ma\u017eina kaklo nuovarg\u012f ir nugaros spaudim\u0105. Pastorinta konstrukcija puikiai prisitaiko prie \u017emogaus k\u016bno linki\u0173, suteikdama patogi\u0105 ir ilgalaik\u0119 atram\u0105.<\/li>\n<li>Auk\u0161\u010diausios kokyb\u0117s audinys ir meistri\u0161kumas: galv\u016bgalio pagalv\u0117l\u0117 pagaminta i\u0161 mink\u0161to debesuoto aksomo audinio, kuris yra malonus odai, nep\u016bkuoja ir nesip\u016bkuoja. U\u017epildyta auk\u0161tos kokyb\u0117s PP medvilne, ji i\u0161lieka mink\u0161ta ir puri, greitai atsigauna paspaudus. Sagomis dygsniuotas meistri\u0161kumas u\u017etikrina, kad pagalv\u0117l\u0117s strukt\u016bra i\u0161likt\u0173 stabili, tod\u0117l galv\u016bgalis yra patvarus ir esteti\u0161kai patrauklus, kaip ir puikiai apmu\u0161tas.<\/li>\n<li>Universalus pritaikymas \u012fvairiems scenarijams: \u0161i plei\u0161to formos pagalv\u0117 atlieka kelias funkcijas \u2013 nesvarbu, ar pad\u0117ta ant standartin\u0117s lovos, sofos-lovos ar grind\u0173, ji suteikia praktin\u0119 atram\u0105 \u017ei\u016brint televizori\u0173, dirbant ne\u0161iojamuoju kompiuteriu ar \u017eaid\u017eiant \u017eaidimus. Ji veikia kaip patogus atlo\u0161as, efektyviai gali b\u016bti naudojama kaip prie sienos tvirtinama galv\u016bgalio pagalv\u0117, tinkanti suoliukams svetain\u0117se, valgomojo zonose, baruose ar prie\u0161kambariuose. Tai b\u016btinas bendrabu\u010dio ir miegamojo atributas, stilinga pagalv\u0117, puo\u0161ianti erdv\u0119 ir suteikianti jaukumo. Tai puiki dovana \u0161eimai ir draugams.<\/li>\n<li>Paprastas montavimas: nereikia joki\u0173 \u012franki\u0173 ar sud\u0117tingo montavimo. Tiesiog pad\u0117kite \u0161i\u0105 galv\u016bgalio pagalv\u0117l\u0119 tiesiai ant lovos arba pritvirtinkite j\u0105 prie galv\u016bgalio dir\u017eeliais ir akimirksniu m\u0117gaukit\u0117s stilingu bei patogiu atnaujinimu.<\/li>\n<li>A dydis: 140 * 60 * 20 CM (55 x 24 x 8 coli\u0173), B dydis: 153 * 60 * 20 CM (60 x 24 x 8 coli\u0173). Pristatoma suspausta, i\u0161pakavus, paglostykite atlo\u0161o pagalv\u0117l\u0119, kad ji v\u0117l b\u016bt\u0173 puri. Prie\u0161 naudojim\u0105 palaukite 48 valandas, kol visi\u0161kai atsigaus.<\/li>\n<\/ul>","protected":false},"featured_media":16602,"comment_status":"open","ping_status":"closed","template":"","meta":[],"product_brand":[],"product_cat":[228],"product_tag":[],"class_list":{"0":"post-16613","1":"product","2":"type-product","3":"status-publish","4":"has-post-thumbnail","6":"product_cat-cushions","8":"first","9":"instock","10":"sold-individually","11":"shipping-taxable","12":"purchasable","13":"product-type-variable","14":"has-default-attributes"},"_links":{"self":[{"href":"https:\/\/www.largepillow.com\/lt\/wp-json\/wp\/v2\/product\/16613","targetHints":{"allow":["GET"]}}],"collection":[{"href":"https:\/\/www.largepillow.com\/lt\/wp-json\/wp\/v2\/product"}],"about":[{"href":"https:\/\/www.largepillow.com\/lt\/wp-json\/wp\/v2\/types\/product"}],"replies":[{"embeddable":true,"href":"https:\/\/www.largepillow.com\/lt\/wp-json\/wp\/v2\/comments?post=16613"}],"wp:featuredmedia":[{"embeddable":true,"href":"https:\/\/www.largepillow.com\/lt\/wp-json\/wp\/v2\/media\/16602"}],"wp:attachment":[{"href":"https:\/\/www.largepillow.com\/lt\/wp-json\/wp\/v2\/media?parent=16613"}],"wp:term":[{"taxonomy":"product_brand","embeddable":true,"href":"https:\/\/www.largepillow.com\/lt\/wp-json\/wp\/v2\/product_brand?post=16613"},{"taxonomy":"product_cat","embeddable":true,"href":"https:\/\/www.largepillow.com\/lt\/wp-json\/wp\/v2\/product_cat?post=16613"},{"taxonomy":"product_tag","embeddable":true,"href":"https:\/\/www.largepillow.com\/lt\/wp-json\/wp\/v2\/product_tag?post=16613"}],"curies":[{"name":"wp","href":"https:\/\/api.w.org\/{rel}","templated":true}]}}