{"id":16625,"date":"2026-02-10T03:18:15","date_gmt":"2026-02-10T03:18:15","guid":{"rendered":"https:\/\/www.largepillow.com\/product\/adjustable-face-down-pillow-for-eye-surgery-bbl-massage-sleeping"},"modified":"2026-02-11T03:05:42","modified_gmt":"2026-02-11T03:05:42","slug":"reguliuojama-veido-zemyn-pagalve-akiu-operacijai-bbl-masazas-miegui","status":"publish","type":"product","link":"https:\/\/www.largepillow.com\/lt\/product\/adjustable-face-down-pillow-for-eye-surgery-bbl-massage-sleeping","title":{"rendered":"Reguliuojama pagalv\u0117 veidu \u017eemyn aki\u0173 operacijoms, BBL, masa\u017eui, miegui"},"content":{"rendered":"[zc_getpagecontent mb=&#8221;mb_aplus&#8221; apid=&#8221;164&#8243;]\n","protected":false},"excerpt":{"rendered":"<ul>\n<li><strong>Reguliuojama veido pad\u0117tis<\/strong>Veido dyd\u012f ir pad\u0117t\u012f galima reguliuoti pagal individualius poreikius, o praplatintos dviej\u0173 kanal\u0173 ventiliacijos angos u\u017etikrina skland\u0173 kv\u0117pavim\u0105.<\/li>\n<li><strong>3 kempin\u0117s sujungimo sluoksniai<\/strong>1 sluoksnis: mink\u0161tas ir prisitaikantis prie k\u016bno; 2 sluoksnis: patogus elastingumas; 3 sluoksnis: u\u017etikrina atram\u0105, reguliuojamas atsiv\u0117rimo kont\u016bras suteikia pakankam\u0105 atram\u0105 galvai, pe\u010diams ir kr\u016btinei, i\u0161laikant stuburo tiesi\u0105j\u0105 pad\u0117t\u012f.<\/li>\n<li><strong>Daugiafunkcin\u0117 pagalv\u0117<\/strong>Masa\u017ein\u0117 pagalv\u0117 veidu \u017eemyn. Ji padeda atsigauti po \u012fvairi\u0173 operacij\u0173 ir taip pat gali b\u016bti naudojama kaip masa\u017eo pagalv\u0117 namams, chiropraktiko masa\u017eui, miegui prie stalo arba miegui ant pilvo.<\/li>\n<li><strong>Mink\u0161tas ir patogus<\/strong>\u0160i gul\u0117jimo pagalv\u0117 pagaminta i\u0161 odai draugi\u0161ko ir kv\u0117puojan\u010dio audinio su trij\u0173 sluoksni\u0173 kempin\u0117s dizainu, kuris u\u017etikrina ir atram\u0105, ir komfort\u0105.<\/li>\n<li><strong>Nuimamas ir plaunamas<\/strong>Nuimamas pagalv\u0117s u\u017evalkalas su nematomu u\u017etrauktuku yra lengvai skalbiamas ir gali b\u016bti skalbiamas skalbimo ma\u0161inoje.<\/li>\n<\/ul>","protected":false},"featured_media":16616,"comment_status":"open","ping_status":"closed","template":"","meta":[],"product_brand":[],"product_cat":[228],"product_tag":[],"class_list":{"0":"post-16625","1":"product","2":"type-product","3":"status-publish","4":"has-post-thumbnail","6":"product_cat-cushions","8":"first","9":"instock","10":"sold-individually","11":"shipping-taxable","12":"purchasable","13":"product-type-variable","14":"has-default-attributes"},"_links":{"self":[{"href":"https:\/\/www.largepillow.com\/lt\/wp-json\/wp\/v2\/product\/16625","targetHints":{"allow":["GET"]}}],"collection":[{"href":"https:\/\/www.largepillow.com\/lt\/wp-json\/wp\/v2\/product"}],"about":[{"href":"https:\/\/www.largepillow.com\/lt\/wp-json\/wp\/v2\/types\/product"}],"replies":[{"embeddable":true,"href":"https:\/\/www.largepillow.com\/lt\/wp-json\/wp\/v2\/comments?post=16625"}],"wp:featuredmedia":[{"embeddable":true,"href":"https:\/\/www.largepillow.com\/lt\/wp-json\/wp\/v2\/media\/16616"}],"wp:attachment":[{"href":"https:\/\/www.largepillow.com\/lt\/wp-json\/wp\/v2\/media?parent=16625"}],"wp:term":[{"taxonomy":"product_brand","embeddable":true,"href":"https:\/\/www.largepillow.com\/lt\/wp-json\/wp\/v2\/product_brand?post=16625"},{"taxonomy":"product_cat","embeddable":true,"href":"https:\/\/www.largepillow.com\/lt\/wp-json\/wp\/v2\/product_cat?post=16625"},{"taxonomy":"product_tag","embeddable":true,"href":"https:\/\/www.largepillow.com\/lt\/wp-json\/wp\/v2\/product_tag?post=16625"}],"curies":[{"name":"wp","href":"https:\/\/api.w.org\/{rel}","templated":true}]}}