{"id":16948,"date":"2026-03-01T01:52:59","date_gmt":"2026-03-01T01:52:59","guid":{"rendered":"https:\/\/www.largepillow.com\/product\/neo-livingstones-large-pebble-cushions-pebble-pillows-rock-pillows-set"},"modified":"2026-03-02T20:26:16","modified_gmt":"2026-03-02T20:26:16","slug":"neo-livingstones-dideles-akmenuku-pagalveles-akmenuku-pagalves-uolu-pagalviu-rinkinys","status":"publish","type":"product","link":"https:\/\/www.largepillow.com\/lt\/product\/neo-livingstones-large-pebble-cushions-pebble-pillows-rock-pillows-set","title":{"rendered":"\u201eNeo-LivingStones\u201c didel\u0117s akmenuk\u0173 pagalv\u0117l\u0117s, akmenuk\u0173 pagalv\u0117li\u0173 rinkinys"},"content":{"rendered":"[zc_getpagecontent mb=&#8221;mb_aplus&#8221; apid=&#8221;165&#8243;]\n","protected":false},"excerpt":{"rendered":"<ul>\n<li>Derinkite dyd\u017eius: \u0161e\u0161i\u0173 skirting\u0173 dyd\u017ei\u0173 (nuo 20 cm iki 95 cm ilgio) \u201eSoft Stone\u201c pagalv\u0117l\u0117s gali b\u016bti sud\u0117tos viena ant kitos, i\u0161sklaidytos arba sugrupuotos, kad sukurtum\u0117te asmenin\u0119 mink\u0161t\u0105 poilsio zon\u0105. Puikiai tinka kaip pufai, s\u0117dimos vietos ant grind\u0173 arba kaip akcentin\u0117s pagalv\u0117s.<\/li>\n<li>Kokybi\u0161ka med\u017eiaga: Pagaminti i\u0161 mink\u0161tos, atram\u0105 suteikian\u010dios polipropileno (PP) medviln\u0117s ir auk\u0161\u010diausios kokyb\u0117s kompozicinio \u0161ukuoto poliesterio megzto audinio, \u0161ie pagalv\u0117l\u0117s puikiai tinka poilsiui, s\u0117d\u0117jimui, gul\u0117jimui ar net k\u016brybiniams \u017eaidimams. Atramin\u0117s, bet mink\u0161tos.<\/li>\n<li>Paprasta prie\u017ei\u016bra ir surinkimas: Nereikia surinkti ir yra lengvas. Neslystantis dugnas saugumui. Tiesiog nuvalykite dr\u0117gnu skudur\u0117liu. U\u017etrauktukus galima atsegti s\u0105var\u017e\u0117le, kai reikia pasiekti \u2013 \u017er. prid\u0117t\u0105 nuotrauk\u0173 vadov\u0105.<\/li>\n<li>Speciali gamybos technika: savo gamini\u0173 i\u0161oriniam dizainui naudojame pa\u017eangias plok\u0161\u010di\u0173 siuvimo technikas, u\u017etikrindami subtili\u0105 ir rafinuot\u0105 i\u0161vaizd\u0105.<\/li>\n<li>Parduodami 4 rinkini\u0173 deriniais: rinkit\u0117s i\u0161 keturi\u0173 kruop\u0161\u010diai atrinkt\u0173 rinkini\u0173 \u2013 tiksl\u0173 rinkinio turin\u012f rasite produkto nuotraukose; k\u0105 matote, t\u0105 ir gaunate.<\/li>\n<li>Naujo produkto pristatymas: 90 dien\u0173 kainos garantija. Jei kaina per 90 dien\u0173 suma\u017e\u0117s, skirtum\u0105 gr\u0105\u017einsime.<\/li>\n<li>Gr\u0105\u017einimo ir keitimo politika: Pirk\u0117jai yra atsakingi u\u017e gr\u0105\u017einimo siuntimo i\u0161laidas gr\u0105\u017einimo ar keitimo atveju.<\/li>\n<\/ul>","protected":false},"featured_media":16930,"comment_status":"open","ping_status":"closed","template":"","meta":[],"product_brand":[],"product_cat":[30],"product_tag":[],"class_list":{"0":"post-16948","1":"product","2":"type-product","3":"status-publish","4":"has-post-thumbnail","6":"product_cat-large-rock-pillow","8":"first","9":"instock","10":"sold-individually","11":"shipping-taxable","12":"purchasable","13":"product-type-variable","14":"has-default-attributes"},"_links":{"self":[{"href":"https:\/\/www.largepillow.com\/lt\/wp-json\/wp\/v2\/product\/16948","targetHints":{"allow":["GET"]}}],"collection":[{"href":"https:\/\/www.largepillow.com\/lt\/wp-json\/wp\/v2\/product"}],"about":[{"href":"https:\/\/www.largepillow.com\/lt\/wp-json\/wp\/v2\/types\/product"}],"replies":[{"embeddable":true,"href":"https:\/\/www.largepillow.com\/lt\/wp-json\/wp\/v2\/comments?post=16948"}],"wp:featuredmedia":[{"embeddable":true,"href":"https:\/\/www.largepillow.com\/lt\/wp-json\/wp\/v2\/media\/16930"}],"wp:attachment":[{"href":"https:\/\/www.largepillow.com\/lt\/wp-json\/wp\/v2\/media?parent=16948"}],"wp:term":[{"taxonomy":"product_brand","embeddable":true,"href":"https:\/\/www.largepillow.com\/lt\/wp-json\/wp\/v2\/product_brand?post=16948"},{"taxonomy":"product_cat","embeddable":true,"href":"https:\/\/www.largepillow.com\/lt\/wp-json\/wp\/v2\/product_cat?post=16948"},{"taxonomy":"product_tag","embeddable":true,"href":"https:\/\/www.largepillow.com\/lt\/wp-json\/wp\/v2\/product_tag?post=16948"}],"curies":[{"name":"wp","href":"https:\/\/api.w.org\/{rel}","templated":true}]}}