{"id":3222,"date":"2024-07-22T04:17:50","date_gmt":"2024-07-22T04:17:50","guid":{"rendered":"https:\/\/www.largepillow.com\/product\/car-seat-booster-seat-for-dogs-pet-travel-bed"},"modified":"2026-03-12T10:57:57","modified_gmt":"2026-03-12T10:57:57","slug":"automobilio-sedynes-paaukstinimo-sedyne-sunims-naminiu-gyvuneliu-kelionine-lova","status":"publish","type":"product","link":"https:\/\/www.largepillow.com\/lt\/product\/car-seat-booster-seat-for-dogs-pet-travel-bed","title":{"rendered":"Automobilin\u0117s s\u0117dyn\u0117s paauk\u0161tinimas \u0161unims, augintini\u0173 kelionin\u0117 lova"},"content":{"rendered":"[zc_getpagecontent mb=&#8221;mb_aplus&#8221; apid=&#8221;37&#8243;]\n","protected":false},"excerpt":{"rendered":"<ul>\n<li><strong>Auk\u0161tos kokyb\u0117s med\u017eiaga<\/strong>Pagamintas i\u0161 auk\u0161tos kokyb\u0117s medvilninio lino, kv\u0117puojantis ir patogus, atsparus \u012fkandimui, patvarus ir lengvai valomas. U\u017epildas \u2013 auk\u0161\u010diausios kokyb\u0117s poliesteris, pasi\u017eymintis dideliu elastingumu, kuris u\u017etikrins tvirt\u0105 atram\u0105, komfort\u0105 ir mink\u0161tum\u0105. I\u0161laiko form\u0105 ir tvirtum\u0105 ilgalaikiam naudojimui.<\/li>\n<li><strong>Daugiafunkcin\u0117 \u0161un\u0173 automobilio s\u0117dyn\u0117<\/strong>Reguliuojama \u0161uns automobilin\u0117s k\u0117dut\u0117s sagtis taip pat gali b\u016bti naudojama kaip rankos dir\u017eelis, kur\u012f patogu ne\u0161iotis lauke, j\u0105 taip pat galima naudoti kaip \u0161uns guol\u012f namuose; j\u0105 taip pat galima naudoti ant sofos, kad apsaugot\u0173 sof\u0105 nuo \u0161un\u0173 pa\u017eeidim\u0173.<\/li>\n<li><strong>Lengva montuoti<\/strong>Ma\u017eo dyd\u017eio \u0161uns automobilin\u0117 k\u0117dut\u0117 turi atlo\u0161o juostel\u0119 \u2013 tiesiog pritvirtinkite j\u0105 prie priekin\u0117s s\u0117dyn\u0117s atlo\u0161o ir sureguliuokite dir\u017eeli\u0173 ilg\u012f. Vidutinio dyd\u017eio \u0161uns automobilin\u0119 k\u0117dut\u0119 galima montuoti pakabinant dvi reguliuojamas ne\u0161iojamas rankenas atitinkamai ant priekin\u0117s ir galin\u0117s automobilio s\u0117dyni\u0173, tod\u0117l ji tinka \u012fvairi\u0173 tip\u0173 automobiliams. Neslystantis dugnas neleid\u017eia paauk\u0161tintai augintinio k\u0117dutei slysti automobilyje, taip u\u017etikrindamas saugesn\u0119 aplink\u0105 augintiniams.<\/li>\n<li><strong>S\u0117dyn\u0117s matmenys<\/strong>Ma\u017eas: 52 cm (ilgis) x 52 cm (plotis) x 42 cm (auk\u0161tis), didelis: 76 cm (ilgis) x 52 cm (plotis) x 39 cm (auk\u0161tis). S dyd\u017eio \u0161un\u0173 automobilin\u0117 k\u0117dut\u0117 tinka montuoti automobilio priekin\u0117je s\u0117dyn\u0117je. L dyd\u017eio \u0161un\u0173 automobilin\u0117 k\u0117dut\u0117 tinka montuoti vis\u0173 tip\u0173 automobili\u0173 galin\u0117je s\u0117dyn\u0117je. \u0160un\u0173 automobilin\u0117 k\u0117dut\u0117 turi saugos dir\u017eus, kad b\u016bt\u0173 u\u017etikrintas j\u016bs\u0173 augintinio saugumas, ir nesijaudinkite, kad j\u016bs\u0173 augintinis jums trukdys vairuojant.<\/li>\n<li><strong>Lengva valyti<\/strong>\u0160i augintini\u0173 automobilin\u0117 k\u0117dut\u0117 yra visi\u0161kai nuimama, 4 kampuose yra nematomi u\u017etrauktukai, tiesiog atidarykite u\u017etrauktuk\u0105 ir i\u0161imkite PP medviln\u0119, \u012fd\u0117kite augintini\u0173 automobilin\u0117s k\u0117dut\u0117s u\u017evalkal\u0105 \u012f skalbimo ma\u0161in\u0105 valymui; kasdienio valymo metu taip pat galite naudoti dulki\u0173 siurbl\u012f, kad i\u0161valytum\u0117te paauk\u0161tintos augintini\u0173 k\u0117dut\u0117s pavir\u0161iaus ne\u0161varumus ar plaukus.<\/li>\n<li><strong>\u0160ilti patarimai<\/strong>\u0160un\u0173 automobilin\u0117 k\u0117dut\u0117 yra vakuumin\u0117je pakuot\u0117je siuntimui, tod\u0117l u\u017epildo pridedama daugiau, kad b\u016bt\u0173 i\u0161laikyta k\u0117dut\u0117s forma ir u\u017etikrintas jos patvarumas bei funkcionalumas. Jei manote, kad \u0161un\u0173 automobilin\u0117s k\u0117dut\u0117s u\u017epildas yra per didelis augintiniui, galite patys pa\u0161alinti dal\u012f u\u017epildo, kad pasiektum\u0117te norim\u0105 augintinio komforto lyg\u012f. I\u0161pakavus, palaukite 24\u201348 valandas, kol u\u017epildas atgaus pradin\u012f stor\u012f ir form\u0105.<\/li>\n<\/ul>","protected":false},"featured_media":3569,"comment_status":"open","ping_status":"closed","template":"","meta":[],"product_brand":[],"product_cat":[227],"product_tag":[],"class_list":{"0":"post-3222","1":"product","2":"type-product","3":"status-publish","4":"has-post-thumbnail","6":"product_cat-pet-supplies","8":"first","9":"instock","10":"shipping-taxable","11":"purchasable","12":"product-type-variable","13":"has-default-attributes"},"_links":{"self":[{"href":"https:\/\/www.largepillow.com\/lt\/wp-json\/wp\/v2\/product\/3222","targetHints":{"allow":["GET"]}}],"collection":[{"href":"https:\/\/www.largepillow.com\/lt\/wp-json\/wp\/v2\/product"}],"about":[{"href":"https:\/\/www.largepillow.com\/lt\/wp-json\/wp\/v2\/types\/product"}],"replies":[{"embeddable":true,"href":"https:\/\/www.largepillow.com\/lt\/wp-json\/wp\/v2\/comments?post=3222"}],"wp:featuredmedia":[{"embeddable":true,"href":"https:\/\/www.largepillow.com\/lt\/wp-json\/wp\/v2\/media\/3569"}],"wp:attachment":[{"href":"https:\/\/www.largepillow.com\/lt\/wp-json\/wp\/v2\/media?parent=3222"}],"wp:term":[{"taxonomy":"product_brand","embeddable":true,"href":"https:\/\/www.largepillow.com\/lt\/wp-json\/wp\/v2\/product_brand?post=3222"},{"taxonomy":"product_cat","embeddable":true,"href":"https:\/\/www.largepillow.com\/lt\/wp-json\/wp\/v2\/product_cat?post=3222"},{"taxonomy":"product_tag","embeddable":true,"href":"https:\/\/www.largepillow.com\/lt\/wp-json\/wp\/v2\/product_tag?post=3222"}],"curies":[{"name":"wp","href":"https:\/\/api.w.org\/{rel}","templated":true}]}}