{"id":3259,"date":"2024-07-22T11:53:44","date_gmt":"2024-07-22T11:53:44","guid":{"rendered":"https:\/\/www.largepillow.com\/product\/face-down-pillow-prone-pillow-positioner-for-side-sleeping"},"modified":"2026-05-12T11:34:54","modified_gmt":"2026-05-12T11:34:54","slug":"pagalves-pozicionavimo-itaisas-veidu-zemyn-miegui-ant-sono","status":"publish","type":"product","link":"https:\/\/www.largepillow.com\/lt\/product\/face-down-pillow-prone-pillow-positioner-for-side-sleeping\/","title":{"rendered":"Veidu \u017eemyn nukreipta pagalv\u0117, skirta miegui ant \u0161ono"},"content":{"rendered":"[zc_getpagecontent mb=&#8221;mb_aplus&#8221; apid=&#8221;140&#8243;]\n","protected":false},"excerpt":{"rendered":"<ul>\n<li><strong>Unikalus dizainas:<\/strong> I\u0161bandykite novatori\u0161k\u0105 m\u016bs\u0173 nuimamos, veidu \u017eemyn nukreiptos pagalv\u0117s dizain\u0105. Ji kruop\u0161\u010diai pagaminta laikantis ergonomikos princip\u0173, u\u017etikrinant optimali\u0105 aki\u0173 apsaug\u0105, kaklo atram\u0105 ir ram\u0173 bei atkuriant\u012f mieg\u0105.<\/li>\n<li><strong>Universali pagalv\u0117:<\/strong> Nesvarbu, ar esate biure, ar ie\u0161kote atsipalaidavimo masa\u017eo metu, ar tiesiog norite patogiai i\u0161simiegoti, m\u016bs\u0173 pagalv\u0117 sukurta patenkinti \u012fvairius j\u016bs\u0173 poreikius. Ji pasi\u017eymi i\u0161skirtiniu universalumu ir gali b\u016bti naudojama \u012fvairiose vietose skirtingiems tikslams.<\/li>\n<li><strong>Auk\u0161\u010diausios kokyb\u0117s med\u017eiagos:<\/strong> Mes teikiame pirmenyb\u0119 j\u016bs\u0173 komfortui ir gerovei. M\u016bs\u0173 pagalv\u0117 pagaminta i\u0161 kv\u0117puojan\u010dio bambuko pluo\u0161to audinio, \u017einomo d\u0117l i\u0161skirtinio laidumo orui ir odai draugi\u0161ko mink\u0161tumo. Poliesterio pluo\u0161to ir didelio tankio putplas\u010dio u\u017epildo mi\u0161inys suteikia puiki\u0105 atram\u0105 j\u016bs\u0173 kaklui ir galvai, u\u017etikrindamas patogi\u0105 ir gerai prilaikyt\u0105 miegojimo pad\u0117t\u012f.<\/li>\n<li><strong>Patogus u\u017etrauktuko dizainas:<\/strong> Suprantame, kad prie\u017ei\u016bra yra paprasta. M\u016bs\u0173 pagalv\u0117 pasi\u017eymi patogiu u\u017etrauktuku, kuris leid\u017eia j\u0105 lengvai i\u0161ardyti ir i\u0161skalbti. Palaikykite savo pagalv\u0119 \u0161vari\u0105 ir gaivi\u0105, u\u017etikrindami higien\u0105 ir ilgaam\u017ei\u0161kum\u0105.<\/li>\n<\/ul>","protected":false},"featured_media":3244,"comment_status":"open","ping_status":"closed","template":"","meta":[],"product_brand":[],"product_cat":[228],"product_tag":[],"class_list":{"0":"post-3259","1":"product","2":"type-product","3":"status-publish","4":"has-post-thumbnail","6":"product_cat-cushions","8":"first","9":"instock","10":"featured","11":"sold-individually","12":"shipping-taxable","13":"purchasable","14":"product-type-simple"},"_links":{"self":[{"href":"https:\/\/www.largepillow.com\/lt\/wp-json\/wp\/v2\/product\/3259","targetHints":{"allow":["GET"]}}],"collection":[{"href":"https:\/\/www.largepillow.com\/lt\/wp-json\/wp\/v2\/product"}],"about":[{"href":"https:\/\/www.largepillow.com\/lt\/wp-json\/wp\/v2\/types\/product"}],"replies":[{"embeddable":true,"href":"https:\/\/www.largepillow.com\/lt\/wp-json\/wp\/v2\/comments?post=3259"}],"wp:featuredmedia":[{"embeddable":true,"href":"https:\/\/www.largepillow.com\/lt\/wp-json\/wp\/v2\/media\/3244"}],"wp:attachment":[{"href":"https:\/\/www.largepillow.com\/lt\/wp-json\/wp\/v2\/media?parent=3259"}],"wp:term":[{"taxonomy":"product_brand","embeddable":true,"href":"https:\/\/www.largepillow.com\/lt\/wp-json\/wp\/v2\/product_brand?post=3259"},{"taxonomy":"product_cat","embeddable":true,"href":"https:\/\/www.largepillow.com\/lt\/wp-json\/wp\/v2\/product_cat?post=3259"},{"taxonomy":"product_tag","embeddable":true,"href":"https:\/\/www.largepillow.com\/lt\/wp-json\/wp\/v2\/product_tag?post=3259"}],"curies":[{"name":"wp","href":"https:\/\/api.w.org\/{rel}","templated":true}]}}