{"id":3379,"date":"2024-07-23T01:30:58","date_gmt":"2024-07-23T01:30:58","guid":{"rendered":"https:\/\/www.largepillow.com\/product\/large-couch-dog-bed-with-supportive-foam-soft-cotton"},"modified":"2025-05-30T13:36:37","modified_gmt":"2025-05-30T13:36:37","slug":"didelis-suns-guolis-su-minksta-patogia-putu-medziaga-ir-medvilne","status":"publish","type":"product","link":"https:\/\/www.largepillow.com\/lt\/product\/large-couch-dog-bed-with-supportive-foam-soft-cotton","title":{"rendered":"Didelis \u0161uns guolis su atramine puta ir mink\u0161ta medvilne"},"content":{"rendered":"[zc_getpagecontent mb=&#8221;mb_aplus&#8221; apid=&#8221;74&#8243;]\n","protected":false},"excerpt":{"rendered":"<ul>\n<li>Raminantis \u0161uns guolis: M\u016bs\u0173 raminan\u010dio didelio \u0161uns guolio dugnas yra padalintas \u012f du sluoksnius, sudarytus i\u0161 ma\u017edaug 3 coli\u0173 (7,5 cm) didelio tankio putplas\u010dio ir 3 coli\u0173 (7,5 cm) mink\u0161to medvilninio u\u017epildo. Tai suteikia veiksming\u0105 atram\u0105 j\u016bs\u0173 augintinio k\u016bnui ir kartu u\u017etikrina neprilygstam\u0105 komfort\u0105.<\/li>\n<li>Gilus \u0161uns guolis nuo nerimo: patirkite neprilygstam\u0105 komfort\u0105 ir privatum\u0105 su m\u016bs\u0173 40 cm gylio \u0161uns guoliu. J\u016bs\u0173 \u0161uo ras gryn\u0105 pasitenkinim\u0105, susisukus ir pasinerdamas \u012f prabangias \u0161io i\u0161skirtinio poilsio kampelio gelmes. U\u017edara konstrukcija suteikia saugi\u0105 ir nuo\u0161ali\u0105 prieglobst\u012f, leid\u017eian\u010di\u0105 j\u016bs\u0173 \u0161uniui m\u0117gautis netrukdoma asmenine erdve. Palengvinkite savo \u0161uns nerim\u0105 su \u0161iuo giliu glaustinu \u0161uns guoliu.<\/li>\n<li>Patogus pri\u0117jimas: M\u016bs\u0173 raminantis guolis dideliems \u0161unims pasi\u017eymi i\u0161maniu pusiau u\u017edaru dizainu, kuris leid\u017eia \u0161uniui lengvai \u012flipti ir i\u0161lipti, tuo pa\u010diu u\u017etikrinant tinkam\u0105 auk\u0161t\u012f saugumo jausmui. J\u016bs\u0173 \u0161uo gali laisvai \u012flipti ir i\u0161lipti i\u0161 raminan\u010dio guolio, o pusiau u\u017edari pagalv\u0117l\u0117s suteikia privatumo ir atskirties, leisdamos \u0161unims ramiai miegoti jaukioje aplinkoje. \u0160is dizainas sukuria \u0161ilt\u0105 ir saugi\u0105 erdv\u0119, kuri skatina ramyb\u0119 ir atsipalaidavim\u0105.<\/li>\n<li>Erdvus dizainas vis\u0173 dyd\u017ei\u0173 \u0161unims: M\u016bs\u0173 didelis nerim\u0105 mal\u0161inantis \u0161un\u0173 guolis yra erdvus ir patogus, tinkantis vis\u0173 dyd\u017ei\u0173 \u0161unims. Nesvarbu, ar j\u016bs\u0173 veisl\u0117 ma\u017ea, ar didel\u0117, jie gali laisvai i\u0161sitiesti, i\u0161tiesti gal\u016bnes ir visi\u0161kai atsipalaiduoti. Dideli raminan\u010dio \u0161un\u0173 guolio matmenys suteikia daug vietos poilsiui, leisdami j\u016bs\u0173 augintiniui m\u0117gautis did\u017eiausiu komfortu poilsio metu.<\/li>\n<li>Patogus ir lengvai valomas \u2013 raminantis guolis dideliems \u0161unims yra pagamintas i\u0161 kv\u0117puojan\u010dio ir mink\u0161to aksomo audinio, suteikian\u010dio \u0161veln\u0173 ir patog\u0173 poj\u016bt\u012f. I\u0161orinis sluoksnis pagamintas i\u0161 Oksfordo audinio, sukurto ilgaam\u017ei\u0161kumui ir atsparumui kasdieniam d\u0117v\u0117jimuisi. Neslystantis dugnas u\u017etikrina stabilum\u0105 ant bet kokio pavir\u0161iaus. Raminantis guolis \u0161unims turi nuimam\u0105 u\u017evalkal\u0105 ir dvisluoksn\u012f u\u017etrauktuk\u0105, tod\u0117l j\u012f lengva skalbti.<\/li>\n<\/ul>","protected":false},"featured_media":3370,"comment_status":"open","ping_status":"closed","template":"","meta":[],"product_brand":[],"product_cat":[227],"product_tag":[],"class_list":{"0":"post-3379","1":"product","2":"type-product","3":"status-publish","4":"has-post-thumbnail","6":"product_cat-pet-supplies","8":"first","9":"instock","10":"shipping-taxable","11":"purchasable","12":"product-type-simple"},"_links":{"self":[{"href":"https:\/\/www.largepillow.com\/lt\/wp-json\/wp\/v2\/product\/3379","targetHints":{"allow":["GET"]}}],"collection":[{"href":"https:\/\/www.largepillow.com\/lt\/wp-json\/wp\/v2\/product"}],"about":[{"href":"https:\/\/www.largepillow.com\/lt\/wp-json\/wp\/v2\/types\/product"}],"replies":[{"embeddable":true,"href":"https:\/\/www.largepillow.com\/lt\/wp-json\/wp\/v2\/comments?post=3379"}],"wp:featuredmedia":[{"embeddable":true,"href":"https:\/\/www.largepillow.com\/lt\/wp-json\/wp\/v2\/media\/3370"}],"wp:attachment":[{"href":"https:\/\/www.largepillow.com\/lt\/wp-json\/wp\/v2\/media?parent=3379"}],"wp:term":[{"taxonomy":"product_brand","embeddable":true,"href":"https:\/\/www.largepillow.com\/lt\/wp-json\/wp\/v2\/product_brand?post=3379"},{"taxonomy":"product_cat","embeddable":true,"href":"https:\/\/www.largepillow.com\/lt\/wp-json\/wp\/v2\/product_cat?post=3379"},{"taxonomy":"product_tag","embeddable":true,"href":"https:\/\/www.largepillow.com\/lt\/wp-json\/wp\/v2\/product_tag?post=3379"}],"curies":[{"name":"wp","href":"https:\/\/api.w.org\/{rel}","templated":true}]}}