{"id":3404,"date":"2024-07-23T02:34:39","date_gmt":"2024-07-23T02:34:39","guid":{"rendered":"https:\/\/www.largepillow.com\/product\/fireside-bean-bag-chairs-comfy-single-couch-for-reading"},"modified":"2024-10-03T16:31:25","modified_gmt":"2024-10-03T16:31:25","slug":"patogi-viengule-sofa-prie-zidinio-skaitymui","status":"publish","type":"product","link":"https:\/\/www.largepillow.com\/lt\/product\/fireside-bean-bag-chairs-comfy-single-couch-for-reading","title":{"rendered":"\u017didinio pupeli\u0173 krep\u0161io k\u0117d\u0117s: patogi viengul\u0117 sofa skaitymui"},"content":{"rendered":"[zc_getpagecontent mb=&#8221;mb_aplus&#8221; apid=&#8221;56&#8243;]\n","protected":false},"excerpt":{"rendered":"<ul>\n<li><strong>Erdvi s\u0117dyn\u0117:<\/strong> 63 cm (auk\u0161tis) x 86 cm (ilgis) x 72 cm (plotis), 6 kg. Viengulis pufas yra erdvus ir tinka bet kokiam k\u016bno tipui. Ergonomi\u0161kas atlo\u0161as. I\u0161laiko savo form\u0105 net ir po ilg\u0173 naudojimo valand\u0173.<\/li>\n<li><strong>Patvarus audinys:<\/strong> M\u016bs\u0173 pufas-k\u0117d\u0117 pasi\u016bta i\u0161 atsparaus dilimui, vandeniui ir lengvai valomo Oksfordo audinio. Neslystantis juodas pagrindas u\u017etikrina saug\u0173 sukibim\u0105.<\/li>\n<li><strong>Putplas\u010dio atrama:<\/strong> M\u016bs\u0173 pufas-k\u0117d\u0117, u\u017epildyta didelio tankio, vientisu putplas\u010diu, suteikia mink\u0161t\u0105 s\u0117d\u0117jimo viet\u0105 ir tvirt\u0105 nugaros bei koj\u0173 atram\u0105. Ergonomi\u0161kas dizainas u\u017etikrina komfort\u0105 ir apsaugo nuo nugaros skausmo.<\/li>\n<li><strong>K\u016brybinis dizainas:<\/strong>\u00a03D i\u0161pjova suteikia papildomos vietos daiktams susid\u0117ti ir padeda k\u0117dei i\u0161laikyti form\u0105 net ir po ilgalaikio naudojimo.<\/li>\n<li><strong>Produkto prie\u017ei\u016bra:<\/strong>\u00a0Valykite dr\u0117gnu skudur\u0117liu, venkite tiesiogini\u0173 saul\u0117s spinduli\u0173 ir agresyvi\u0173 chemini\u0173 med\u017eiag\u0173. I\u0161pakavus leiskite pufui 2 valandas \u201ekv\u0117puoti\u201c, kad jis i\u0161likt\u0173 elastingas.<\/li>\n<\/ul>","protected":false},"featured_media":3565,"comment_status":"open","ping_status":"closed","template":"","meta":[],"product_brand":[],"product_cat":[228],"product_tag":[],"class_list":{"0":"post-3404","1":"product","2":"type-product","3":"status-publish","4":"has-post-thumbnail","6":"product_cat-cushions","8":"first","9":"outofstock","10":"shipping-taxable","11":"purchasable","12":"product-type-simple"},"_links":{"self":[{"href":"https:\/\/www.largepillow.com\/lt\/wp-json\/wp\/v2\/product\/3404","targetHints":{"allow":["GET"]}}],"collection":[{"href":"https:\/\/www.largepillow.com\/lt\/wp-json\/wp\/v2\/product"}],"about":[{"href":"https:\/\/www.largepillow.com\/lt\/wp-json\/wp\/v2\/types\/product"}],"replies":[{"embeddable":true,"href":"https:\/\/www.largepillow.com\/lt\/wp-json\/wp\/v2\/comments?post=3404"}],"wp:featuredmedia":[{"embeddable":true,"href":"https:\/\/www.largepillow.com\/lt\/wp-json\/wp\/v2\/media\/3565"}],"wp:attachment":[{"href":"https:\/\/www.largepillow.com\/lt\/wp-json\/wp\/v2\/media?parent=3404"}],"wp:term":[{"taxonomy":"product_brand","embeddable":true,"href":"https:\/\/www.largepillow.com\/lt\/wp-json\/wp\/v2\/product_brand?post=3404"},{"taxonomy":"product_cat","embeddable":true,"href":"https:\/\/www.largepillow.com\/lt\/wp-json\/wp\/v2\/product_cat?post=3404"},{"taxonomy":"product_tag","embeddable":true,"href":"https:\/\/www.largepillow.com\/lt\/wp-json\/wp\/v2\/product_tag?post=3404"}],"curies":[{"name":"wp","href":"https:\/\/api.w.org\/{rel}","templated":true}]}}