{"id":3437,"date":"2024-07-25T02:20:33","date_gmt":"2024-07-25T02:20:33","guid":{"rendered":"https:\/\/www.largepillow.com\/product\/adjustable-floor-sofa-bed-multi-piece-folding-recliner"},"modified":"2024-10-03T16:31:25","modified_gmt":"2024-10-03T16:31:25","slug":"reguliuojamo-aukscio-grindu-sofa-lova-daugiasluoksne-sulankstoma-atlosiama-sofa","status":"publish","type":"product","link":"https:\/\/www.largepillow.com\/lt\/product\/adjustable-floor-sofa-bed-multi-piece-folding-recliner","title":{"rendered":"Reguliuojama grind\u0173 sofa-lova, daugiasluoksn\u0117 sulankstoma atlo\u0161iama sofa"},"content":{"rendered":"[zc_getpagecontent mb=&#8221;mb_aplus&#8221; apid=&#8221;81&#8243;]\n","protected":false},"excerpt":{"rendered":"<ul>\n<li><strong>Patogumas ir palaikymas:<\/strong> Atnaujinta sulankstoma sofa-lova pasi\u017eymi sluoksniuota strukt\u016bra su kempine ir poliesterio pluo\u0161to u\u017epildu. I\u0161lankstoma sofa-lova yra i\u0161skirtinai prikim\u0161ta puriu poliesterio pluo\u0161tu, tod\u0117l patogiai ir nevargstant galima atsipalaiduoti. Apatin\u0117 transformuojamos sofos-lovos dalis u\u017epildyta didelio tankio kempine, u\u017etikrinan\u010dia tvirt\u0105 atram\u0105, kuri nesugrius net ir po ilgo s\u0117d\u0117jimo.<\/li>\n<li><strong>Universalus ir viet\u0105 taupantis dizainas:<\/strong> M\u016bs\u0173 sulankstoma sofa lengvai transformuojasi \u012f grind\u0173 sof\u0105, atlo\u0161iamus kr\u0117slus ir \u010diu\u017ein\u012f, patenkindama \u012fvairius j\u016bs\u0173 poreikius. Lengva ir sulankstoma sofa-lova leid\u017eia j\u0105 lengvai perkelti, sulankstyti, laikyti ir transportuoti. Tai idealus pasirinkimas ma\u017eiems butams, bendrabu\u010diams ar bet kokiai gyvenamajai erdvei su ribota erdve.<\/li>\n<li><strong>Reguliuojamas ir saugus atlo\u0161as:<\/strong> Sag\u010di\u0173 dizainas abiejose grind\u0173 sofos-miegamosios dalies pus\u0117se u\u017etikrina tvirt\u0105 atlo\u0161o pritvirtinim\u0105 prie s\u0117dyn\u0117s pagalv\u0117l\u0117s. Naudojant kaip lov\u0105, nugaros pagalv\u0117l\u0119 galima lengvai paversti galvos atrama, u\u017etikrinan\u010dia optimali\u0105 atram\u0105. Kaip atlo\u0161as, ji suteikia puiki\u0105 juosmens atram\u0105.<\/li>\n<li><strong>Auk\u0161tos kokyb\u0117s med\u017eiagos ir lengva prie\u017ei\u016bra:<\/strong> I\u0161skleid\u017eiamos sofos-miegamosios dalies i\u0161orinis u\u017evalkalas pagamintas i\u0161 trumpo pliu\u0161o ir Oksfordo audinio mi\u0161inio. Su k\u016bnu besilie\u010dian\u010dios vietos yra pagamintos i\u0161 ne\u012ftik\u0117tinai mink\u0161to aksomo, u\u017etikrinan\u010dio ilgalaik\u012f komfort\u0105. Nuimamas u\u017etrauktukas lengvai valomas ir skalbiamas, tod\u0117l supaprastinama prie\u017ei\u016bra.<\/li>\n<li><strong>Vakuumin\u0117 suspausta pakuot\u0117:<\/strong> Siekiant u\u017etikrinti saug\u0173 ir efektyv\u0173 transportavim\u0105, m\u016bs\u0173 sulankstoma grind\u0173 sofa pristatoma vakuume supakuota, tod\u0117l atidarius ji gali \u0161iek tiek deformuotis. Ta\u010diau galite b\u016bti tikri, kad i\u0161pakavus sofa-lova gr\u012f\u0161 \u012f pradin\u0119 form\u0105 per 24\u201372 valandas, suteikdama jums geriausi\u0105 patirt\u012f.<\/li>\n<\/ul>","protected":false},"featured_media":3427,"comment_status":"open","ping_status":"closed","template":"","meta":[],"product_brand":[],"product_cat":[228],"product_tag":[],"class_list":{"0":"post-3437","1":"product","2":"type-product","3":"status-publish","4":"has-post-thumbnail","6":"product_cat-cushions","8":"first","9":"outofstock","10":"shipping-taxable","11":"purchasable","12":"product-type-simple"},"_links":{"self":[{"href":"https:\/\/www.largepillow.com\/lt\/wp-json\/wp\/v2\/product\/3437","targetHints":{"allow":["GET"]}}],"collection":[{"href":"https:\/\/www.largepillow.com\/lt\/wp-json\/wp\/v2\/product"}],"about":[{"href":"https:\/\/www.largepillow.com\/lt\/wp-json\/wp\/v2\/types\/product"}],"replies":[{"embeddable":true,"href":"https:\/\/www.largepillow.com\/lt\/wp-json\/wp\/v2\/comments?post=3437"}],"wp:featuredmedia":[{"embeddable":true,"href":"https:\/\/www.largepillow.com\/lt\/wp-json\/wp\/v2\/media\/3427"}],"wp:attachment":[{"href":"https:\/\/www.largepillow.com\/lt\/wp-json\/wp\/v2\/media?parent=3437"}],"wp:term":[{"taxonomy":"product_brand","embeddable":true,"href":"https:\/\/www.largepillow.com\/lt\/wp-json\/wp\/v2\/product_brand?post=3437"},{"taxonomy":"product_cat","embeddable":true,"href":"https:\/\/www.largepillow.com\/lt\/wp-json\/wp\/v2\/product_cat?post=3437"},{"taxonomy":"product_tag","embeddable":true,"href":"https:\/\/www.largepillow.com\/lt\/wp-json\/wp\/v2\/product_tag?post=3437"}],"curies":[{"name":"wp","href":"https:\/\/api.w.org\/{rel}","templated":true}]}}