{"id":347,"date":"2022-09-15T22:38:34","date_gmt":"2022-09-15T22:38:34","guid":{"rendered":"https:\/\/www.largepillow.com\/product\/bolster-headboard"},"modified":"2025-11-05T02:15:26","modified_gmt":"2025-11-05T02:15:26","slug":"nugaros-atramos-pagalvele","status":"publish","type":"product","link":"https:\/\/www.largepillow.com\/lt\/product\/back-support-cushion","title":{"rendered":"Nugaros atramos pagalv\u0117l\u0117"},"content":{"rendered":"<p>Nugaros atramos pagalv\u0117l\u0117 \u2013 tai did\u017eiausias komfortas j\u016bs\u0173 lovai ar sofai. Jei esate naktinis pel\u0117da, knyg\u0173 grau\u017eikas ar tiesiog m\u0117gstate \u017ei\u016br\u0117ti m\u0117gstamus serialus lovoje, \u0161i didel\u0117 pagalv\u0117 kaip tik jums. \u0160i galv\u016bgalio pagalv\u0117 yra trikampio formos, tod\u0117l ji tvirtai priglunda prie nugaros ir juosmens, suma\u017eindama juosmens ir nugaros spaudim\u0105. Tai vienintel\u0117 plei\u0161to formos galv\u016bgalio pagalv\u0117, kurioje gali tilpti du \u017emon\u0117s, tod\u0117l tai puiki alternatyva dviem atskiroms pagalv\u0117ms.<\/p>\n<p>Ta\u010diau tai dar ne viskas \u2013 \u0161i nugaros atramos pagalv\u0117l\u0117 yra sukurta b\u016bti daugiafunkcin\u0117. J\u0105 galite naudoti kaip nugaros atramos galv\u016bgal\u012f s\u0117dint lovoje, patiesti ant lovos ir naudoti kaip didel\u0119 plei\u0161to formos pagalv\u0119 miegant ant nugaros ar \u0161ono, arba netgi naudoti kaip koj\u0173 pagalv\u0119 kojoms pakelti. Tai puiki alternatyva poroms, kurioms reikia didel\u0117s galv\u016bgalio pagalv\u0117s, kuri suteikt\u0173 atram\u0105 abiem.<\/p>\n<p>\u0160ios skaitymo pagalv\u0117s u\u017evalkalas, pagamintas auk\u0161\u010diausios kokyb\u0117s meistri\u0161kumo d\u0117ka, pasi\u017eymi velveto imitacija i\u0161 100% poliesterio, tod\u0117l yra laidus orui ir pakankamai patogus, kad laikui b\u0117gant i\u0161laikyt\u0173 savo form\u0105. \u0160onin\u0117je ki\u0161en\u0117je abiejose pus\u0117se galite \u012fsid\u0117ti knyg\u0105 ar telefon\u0105, kad jie b\u016bt\u0173 lengvai pasiekiami, kol ilsit\u0117s.<\/p>\n<p>\u0160i\u0105 nugaros atramos pagalv\u0117l\u0119 taip pat lengva valyti. Skaitymo pagalv\u0117s u\u017evalkalas prie pagalv\u0117s pritvirtintas sagomis ir lengvai nuimamas paprastu u\u017etrauktuku, tod\u0117l j\u0105 lengva valyti. Tiesiog nuimkite u\u017evalkal\u0105 ir greitai i\u0161skalbkite skalbimo ma\u0161inoje, kad pagalv\u0117 atrodyt\u0173 kaip nauja.<\/p>\n<p>\u0160is gaminys yra \u012fvairi\u0173 dyd\u017ei\u0173 \u2013 nuo 45 cm iki 200 cm, kad tikt\u0173 \u012fvairi\u0173 dyd\u017ei\u0173 lovoms. Galite pasirinkti tok\u012f, kuris atitinka j\u016bs\u0173 poreikius ir pageidavimus.<\/p>\n<p>\u0160\u012f gamin\u012f \u012fsigij\u0119 klientai juo labai d\u017eiaugiasi. Vienas klientas pakomentavo, kad pagalv\u0117l\u0117 \u201cpuikiai tinka skaityti ir \u017ei\u016br\u0117ti televizori\u0173 lovoje\u201d, o kitas teig\u0117: \u201cprodukto kokyb\u0117 puiki \u2013 tikrai verta pirkti\u201d. \u0160i nugaros atramos pagalv\u0117l\u0117, sulaukusi auk\u0161to klient\u0173 pasitenkinimo \u012fvertinimo, yra b\u016btinas pirkinys visiems, m\u0117gstantiems atsipalaiduoti lovoje ar ant sofos.<\/p>\n<p>Apibendrinant, nugaros atramos pagalv\u0117l\u0117 yra stilingas ir funkcionalus bet kurio miegamojo papildymas. Ji suteikia puik\u0173 komfort\u0105 ir atram\u0105, yra daugiafunkcin\u0117, lengvai valoma ir yra \u012fvairi\u0173 dyd\u017ei\u0173, kad tikt\u0173 skirtingo dyd\u017eio lovoms. Nelaukite \u2013 \u012fsigykite j\u0105 jau \u0161iandien ir patirkite did\u017eiausi\u0105 komfort\u0105 savo lovoje ar sofoje!<\/p>","protected":false},"excerpt":{"rendered":"<ul>\n<li><strong>Maksimalus komfortas:<\/strong> \u0160i galv\u016bgalio pagalv\u0117 d\u0117l savo trikampio formos dizaino suteikia puik\u0173 komfort\u0105. Lovos atramos pagalv\u0117l\u0117 puikiai priglunda prie nugaros ir juosmens, suma\u017eindama juosmens\/nugaros spaudim\u0105. \u0160i plei\u0161to formos skaitymo pagalv\u0117 gali pad\u0117ti jums i\u0161likti ne\u012ftemptiems lovoje ar sofoje, tod\u0117l idealiai tinka dirbant naktin\u0117se pel\u0117dose, knyg\u0173 grau\u017eikams ir \u017ei\u016brint televizori\u0173 lovoje. \u0160i ypa\u010d didel\u0117 plei\u0161to formos galv\u016bgalio pagalv\u0117 yra vienintel\u0117 plei\u0161to formos galv\u016bgalio pagalv\u0117, kurioje gali miegoti du asmenys.<\/li>\n<li><strong>3 viename didel\u0117 pagalv\u0117:<\/strong> Pagalv\u0119 galite naudoti vertikaliai kaip nugaros atram\u0105 galv\u016bgaliui s\u0117dint lovoje arba patiesti j\u0105 ant lovos ir naudoti kaip didel\u0119 plei\u0161to formos pagalv\u0119 miegant ant nugaros ar \u0161ono, arba kaip koj\u0173 pagalv\u0119 kojoms pakelti. Jei norite didel\u0117s galv\u016bgalio pagalv\u0117s, kuri suteikt\u0173 atram\u0105 tiek jums, tiek j\u016bs\u0173 sutuoktiniui, tai puiki alternatyva.<\/li>\n<li><strong>Daugiafunkcinis dizainas:<\/strong> Kai kurie \u017emon\u0117s trikamp\u0119 didel\u0119 pagalv\u0117l\u0119 naudoja kaip lovos galv\u016bgalio pagalv\u0119, kiti \u2013 kaip pagalv\u0119 prie buferio, j\u0105 taip pat galima naudoti kaip sofos ar dienos lovos atlo\u0161o pagalv\u0117l\u0119. Ji stilinga ir funkcionali, tod\u0117l puikiai tinka bet kuriam miegamajam.<\/li>\n<li><strong>Auk\u0161\u010diausios kokyb\u0117s meistri\u0161kumas:<\/strong> Pagalv\u0117s u\u017evalkalas pagamintas i\u0161 velveto imitacijos poliesterio 100%. M\u016bs\u0173 galv\u016bgalio pagalv\u0117 yra kv\u0117puojanti ir pakankamai patogi, kad i\u0161laikyt\u0173 form\u0105 ir laikui b\u0117gant jos neprarast\u0173. \u0160onin\u0117je ki\u0161en\u0117je abiejose pus\u0117se galite \u012fsid\u0117ti knyg\u0105 ar telefon\u0105.<\/li>\n<li><strong>Lengva plauti:<\/strong> Skaitymo pagalv\u0117s u\u017evalkalas prie pagalv\u0117s pritvirtintas sagomis ir lengvai nuimamas paprastu u\u017etrauktuku. Tai leid\u017eia j\u012f lengvai valyti. Tiesiog nuimkite u\u017evalkal\u0105 ir greitai i\u0161skalbkite skalbimo ma\u0161inoje, kad pagalv\u0117 atrodyt\u0173 kaip nauja.<\/li>\n<li><strong>Dydis:<\/strong> 45 cm (I 45 x P 20 x A 50 | 0 sag\u0173), 60 cm (I 60 x P 20 x A 50 | 0 sag\u0173), 80 cm (I 80 x P 20 x A 50 | 2 sagos), 100 cm (I 100 x P 20 x A 50 | 3 sagos), 120 cm (I 120 x P 20 x A 50 | 4 sagos), 140 cm (I 140 x P 20 x A 50 | 4 sagos), 160 cm (I 160 x P 20 x A 50 | 5 sagos), 180 cm (I 180 x P 20 x A 50 | 6 sagos), 200 cm (I 200 x P 20 x A 50 | 7 sagos).<\/li>\n<\/ul>","protected":false},"featured_media":328,"comment_status":"open","ping_status":"closed","template":"","meta":[],"product_brand":[],"product_cat":[15],"product_tag":[117,204,218,217,168,132,199,143,182,68],"class_list":{"0":"post-347","1":"product","2":"type-product","3":"status-publish","4":"has-post-thumbnail","6":"product_cat-large-wedge-pillow","7":"product_tag-back-support-cushion","8":"product_tag-bed-support-cushion","9":"product_tag-corduroy-pillow","10":"product_tag-daybed-backrest","11":"product_tag-headboard-pillow","12":"product_tag-large-bolster-pillow","13":"product_tag-large-wedge-pillow","14":"product_tag-multifunctional-pillow","15":"product_tag-triangle-back-pillow","16":"product_tag-wedge-reading-pillow","18":"first","19":"instock","20":"shipping-taxable","21":"purchasable","22":"product-type-variable"},"_links":{"self":[{"href":"https:\/\/www.largepillow.com\/lt\/wp-json\/wp\/v2\/product\/347","targetHints":{"allow":["GET"]}}],"collection":[{"href":"https:\/\/www.largepillow.com\/lt\/wp-json\/wp\/v2\/product"}],"about":[{"href":"https:\/\/www.largepillow.com\/lt\/wp-json\/wp\/v2\/types\/product"}],"replies":[{"embeddable":true,"href":"https:\/\/www.largepillow.com\/lt\/wp-json\/wp\/v2\/comments?post=347"}],"wp:featuredmedia":[{"embeddable":true,"href":"https:\/\/www.largepillow.com\/lt\/wp-json\/wp\/v2\/media\/328"}],"wp:attachment":[{"href":"https:\/\/www.largepillow.com\/lt\/wp-json\/wp\/v2\/media?parent=347"}],"wp:term":[{"taxonomy":"product_brand","embeddable":true,"href":"https:\/\/www.largepillow.com\/lt\/wp-json\/wp\/v2\/product_brand?post=347"},{"taxonomy":"product_cat","embeddable":true,"href":"https:\/\/www.largepillow.com\/lt\/wp-json\/wp\/v2\/product_cat?post=347"},{"taxonomy":"product_tag","embeddable":true,"href":"https:\/\/www.largepillow.com\/lt\/wp-json\/wp\/v2\/product_tag?post=347"}],"curies":[{"name":"wp","href":"https:\/\/api.w.org\/{rel}","templated":true}]}}