{"id":3508,"date":"2024-07-25T03:34:29","date_gmt":"2024-07-25T03:34:29","guid":{"rendered":"https:\/\/www.largepillow.com\/product\/large-folding-daybed-sofa-with-adjustable-headboard"},"modified":"2024-10-03T16:31:25","modified_gmt":"2024-10-03T16:31:25","slug":"didele-sulankstoma-sofa-lova-su-reguliuojamu-galvugaliu","status":"publish","type":"product","link":"https:\/\/www.largepillow.com\/lt\/product\/large-folding-daybed-sofa-with-adjustable-headboard\/","title":{"rendered":"Didel\u0117 sulankstoma sofa-lova su reguliuojamu galv\u016bgaliu"},"content":{"rendered":"","protected":false},"excerpt":{"rendered":"<ul>\n<li>I\u0160SKIRTINIS KOMFORTAS: M\u0117gaukit\u0117s neprilygstamu komfortu su reguliuojamo auk\u0161\u010dio sofa-lova prie lovos. \u0160i sulankstoma sofa, pasi\u017eyminti poliesterio lininiu u\u017evalkalu ir didelio elastingumo putplas\u010dio pamink\u0161tinimu, u\u017etikrina maksimal\u0173 komfort\u0105, nesvarbu, ar s\u0117d\u0117tum\u0117te ir ils\u0117tum\u0117t\u0117s, \u017ei\u016br\u0117tum\u0117te televizori\u0173, ar ils\u0117tum\u0117t\u0117s po \u012ftemptos dienos.<\/li>\n<li>AUK\u0160\u010cIAUSIA MEISTRIJA: \u0160i sekcijin\u0117 sofa su poliesterio lino u\u017evalkalu ir didelio elastingumo putplas\u010dio pamink\u0161tinimu derina prakti\u0161kum\u0105 ir komfort\u0105, u\u017etikrindama prabangi\u0105 ir patvari\u0105 patirt\u012f. Lengvai i\u0161ardoma ir surinkiama, tod\u0117l bet kuriame kambaryje ji atrodys ilgai.<\/li>\n<li>STABILI ATRAMPA: M\u0117gaukit\u0117s ramiu poilsiu su m\u016bs\u0173 grind\u0173 sofa. Didelio tankio putplastis suteikia puiki\u0105 atram\u0105 ir amortizacij\u0105, kuri apgl\u0117bia k\u016bno linkius ir suma\u017eina spaudimo ta\u0161kus. I\u0161skleid\u017eiamos sofos stabilumas u\u017etikrina saugum\u0105 ir patikimum\u0105, tod\u0117l galite m\u0117gautis ilgalaikiu komfortu ir patvarumu.<\/li>\n<li>UNIKALUS DIZAINAS IR LENGVA VALYMAS: \u0160i sofa ne tik patogi, bet ir lengvai pri\u017ei\u016brima. Nematomas u\u017etrauktukas lengvai nuimamas ir valomas, tod\u0117l sofa i\u0161lieka tvarkinga. Leiskite patogiai m\u0117gautis laisvalaikiu.<\/li>\n<li>IDEALUS DYDIS KOMFORTUI: M\u016bs\u0173 sulankstomos sofos matmenys yra 190 * 76 * 55 cm, tod\u0117l tai idealus dydis atlo\u0161iamai sofai, j\u0105 lengva laikyti ir sutaupyti vietos.<\/li>\n<\/ul>","protected":false},"featured_media":3492,"comment_status":"open","ping_status":"closed","template":"","meta":[],"product_brand":[],"product_cat":[228],"product_tag":[],"class_list":{"0":"post-3508","1":"product","2":"type-product","3":"status-publish","4":"has-post-thumbnail","6":"product_cat-cushions","8":"first","9":"outofstock","10":"shipping-taxable","11":"purchasable","12":"product-type-simple"},"_links":{"self":[{"href":"https:\/\/www.largepillow.com\/lt\/wp-json\/wp\/v2\/product\/3508","targetHints":{"allow":["GET"]}}],"collection":[{"href":"https:\/\/www.largepillow.com\/lt\/wp-json\/wp\/v2\/product"}],"about":[{"href":"https:\/\/www.largepillow.com\/lt\/wp-json\/wp\/v2\/types\/product"}],"replies":[{"embeddable":true,"href":"https:\/\/www.largepillow.com\/lt\/wp-json\/wp\/v2\/comments?post=3508"}],"wp:featuredmedia":[{"embeddable":true,"href":"https:\/\/www.largepillow.com\/lt\/wp-json\/wp\/v2\/media\/3492"}],"wp:attachment":[{"href":"https:\/\/www.largepillow.com\/lt\/wp-json\/wp\/v2\/media?parent=3508"}],"wp:term":[{"taxonomy":"product_brand","embeddable":true,"href":"https:\/\/www.largepillow.com\/lt\/wp-json\/wp\/v2\/product_brand?post=3508"},{"taxonomy":"product_cat","embeddable":true,"href":"https:\/\/www.largepillow.com\/lt\/wp-json\/wp\/v2\/product_cat?post=3508"},{"taxonomy":"product_tag","embeddable":true,"href":"https:\/\/www.largepillow.com\/lt\/wp-json\/wp\/v2\/product_tag?post=3508"}],"curies":[{"name":"wp","href":"https:\/\/api.w.org\/{rel}","templated":true}]}}