{"id":3555,"date":"2024-07-25T04:27:49","date_gmt":"2024-07-25T04:27:49","guid":{"rendered":"https:\/\/www.largepillow.com\/product\/modern-fluffy-cat-small-dog-bed-with-washable-cover"},"modified":"2025-07-15T08:12:33","modified_gmt":"2025-07-15T08:12:33","slug":"modernus-pukuotas-kaciu-guolis-mazam-suniui-su-skalbiamu-uzvalkalu","status":"publish","type":"product","link":"https:\/\/www.largepillow.com\/lt\/product\/modern-fluffy-cat-small-dog-bed-with-washable-cover\/","title":{"rendered":"Modernus p\u016bkuotas ka\u010di\u0173 ir ma\u017e\u0173 \u0161un\u0173 guolis su skalbiamu u\u017evalkalu"},"content":{"rendered":"[zc_getpagecontent mb=&#8221;mb_aplus&#8221; apid=&#8221;61&#8243;]\n","protected":false},"excerpt":{"rendered":"<ul>\n<li>Unikalus dizainas: moderni sofa augintiniams \u2013 b\u016btinas pasirinkimas augintini\u0173 baldams ir stilingas akcentas j\u016bs\u0173 namams. Jos madingas dizainas ir \u0161velnios spalvos puikiai dera prie bet kokio nam\u0173 interjero.<\/li>\n<li>Auk\u0161\u010diausios kokyb\u0117s med\u017eiagos: kukur\u016bz\u0173 gr\u016bd\u0173 aksomo privalumai \u2013 laidumas orui, mink\u0161tumas, patogumas ir patvarumas. Pripildytas PP medviln\u0117s, kad \u0161uns guolis b\u016bt\u0173 purus. Neslystantis dugno dizainas neleid\u017eia jud\u0117ti.<\/li>\n<li>Lengvai nuimamas valymui: dugnas yra u\u017etrauktuku, tod\u0117l j\u012f labai lengva nuimti ir valyti. J\u012f galima skalbti skalbimo ma\u0161inoje, kad b\u016bt\u0173 lengva valyti. Pufo-\u0161un\u0173 guolio vidinis u\u017epildas yra padalintas \u012f 2 nuimamas dalis, tod\u0117l u\u017evalkal\u0105 galima lengvai skalbti. Surinkimas taip pat paprastas, pateikiamas surinkimo vaizdo \u012fra\u0161as.<\/li>\n<li>Tinka keliems augintiniams: nesvarbu, ar turite ma\u017e\u0105 \u0161un\u012f, \u017eaisming\u0105 kat\u0119 ar net zuik\u012f, m\u016bs\u0173 kat\u0117s ku\u0161et\u0117 tinka augintiniams iki 13,6 kg. D\u0117l erdvios poilsio vietos ir tvirtos konstrukcijos ji gali patogiai i\u0161laikyti j\u016bs\u0173 augintinio svor\u012f ir kartu suteikti jauki\u0105 poilsio viet\u0105.<\/li>\n<li>Naudojimas visus sezonus: kat\u0117s poilsio k\u0117d\u0117 atsi\u017evelgia \u012f skirtingus sezoninius poreikius, kad j\u016bs\u0173 augintinis visada gal\u0117t\u0173 miegoti geriausiai, nesvarbu, ar \u0161altos \u017eiemos dienos, ar \u0161iltos vasaros \u2013 tinka naudoti i\u0161tisus metus. M\u016bs\u0173 \u0161uns ku\u0161et\u0117-lova yra vakuumin\u0117je pakuot\u0117je d\u0117\u017eut\u0117je. Prie\u0161 naudodami, pra\u0161ome kat\u0117s mink\u0161t\u0105 lov\u0105 visi\u0161kai i\u0161purenti j\u0105 i\u0161plakant ir po naudojimo palaukite 48 valandas, kol ji gr\u012f\u0161 \u012f pradin\u0119 form\u0105, \u0161velniai pakratant.<\/li>\n<\/ul>","protected":false},"featured_media":3542,"comment_status":"open","ping_status":"closed","template":"","meta":[],"product_brand":[],"product_cat":[227],"product_tag":[],"class_list":{"0":"post-3555","1":"product","2":"type-product","3":"status-publish","4":"has-post-thumbnail","6":"product_cat-pet-supplies","8":"first","9":"instock","10":"shipping-taxable","11":"purchasable","12":"product-type-simple"},"_links":{"self":[{"href":"https:\/\/www.largepillow.com\/lt\/wp-json\/wp\/v2\/product\/3555","targetHints":{"allow":["GET"]}}],"collection":[{"href":"https:\/\/www.largepillow.com\/lt\/wp-json\/wp\/v2\/product"}],"about":[{"href":"https:\/\/www.largepillow.com\/lt\/wp-json\/wp\/v2\/types\/product"}],"replies":[{"embeddable":true,"href":"https:\/\/www.largepillow.com\/lt\/wp-json\/wp\/v2\/comments?post=3555"}],"wp:featuredmedia":[{"embeddable":true,"href":"https:\/\/www.largepillow.com\/lt\/wp-json\/wp\/v2\/media\/3542"}],"wp:attachment":[{"href":"https:\/\/www.largepillow.com\/lt\/wp-json\/wp\/v2\/media?parent=3555"}],"wp:term":[{"taxonomy":"product_brand","embeddable":true,"href":"https:\/\/www.largepillow.com\/lt\/wp-json\/wp\/v2\/product_brand?post=3555"},{"taxonomy":"product_cat","embeddable":true,"href":"https:\/\/www.largepillow.com\/lt\/wp-json\/wp\/v2\/product_cat?post=3555"},{"taxonomy":"product_tag","embeddable":true,"href":"https:\/\/www.largepillow.com\/lt\/wp-json\/wp\/v2\/product_tag?post=3555"}],"curies":[{"name":"wp","href":"https:\/\/api.w.org\/{rel}","templated":true}]}}