{"id":3712,"date":"2024-09-02T03:38:14","date_gmt":"2024-09-02T03:38:14","guid":{"rendered":"https:\/\/www.largepillow.com\/product\/luxurious-and-comfortable-expandable-pet-couch-bed"},"modified":"2025-01-02T12:42:51","modified_gmt":"2025-01-02T12:42:51","slug":"prabangi-ir-patogi-isskleidziama-augintinio-sofa-lova","status":"publish","type":"product","link":"https:\/\/www.largepillow.com\/lt\/product\/luxurious-and-comfortable-expandable-pet-couch-bed","title":{"rendered":"Prabangus ir patogus i\u0161skleid\u017eiamas augintinio ku\u0161et\u0117s lova"},"content":{"rendered":"[zc_getpagecontent mb=&#8221;mb_aplus&#8221; apid=&#8221;95&#8243;]\n","protected":false},"excerpt":{"rendered":"<ul>\n<li>Eleganti\u0161kas dizainas ir auk\u0161\u010diausios kokyb\u0117s med\u017eiagos: patirkite neprilygstam\u0105 stili\u0173 ir komfort\u0105 su m\u016bs\u0173 i\u0161skleid\u017eiama augintinio ku\u0161ete-lovele. Pagaminta i\u0161 auk\u0161\u010diausios kokyb\u0117s med\u017eiag\u0173, \u0161i lova pasi\u017eymi eglut\u0117s ra\u0161to atlasiniu audiniu, suteikian\u010diu rafinuot\u0105 i\u0161vaizd\u0105, kartu su auk\u0161\u010diausios kokyb\u0117s aksominiu audiniu, kuris j\u016bs\u0173 augintiniui bus nepaprastai mink\u0161tas ir jaukus. Pliu\u0161inis audinys derina balk\u0161vus ir rudus tonus, suteikdamas raminan\u010di\u0105, mading\u0105 estetik\u0105, kuri papuo\u0161 bet kurio kambario interjer\u0105.<\/li>\n<li>Patogi ir atram\u0105 suteikianti konstrukcija: M\u016bs\u0173 augintini\u0173 guolis, pasi\u017eymintis dvisluoksniu sustorintu dizainu su dviem porankiais ir mink\u0161tu atlo\u0161u, u\u017etikrina puik\u0173 atram\u0105 ir komfort\u0105. Jame yra auk\u0161tos kokyb\u0117s put\u0173 u\u017epildas, u\u017etikrinantis ilgalaik\u012f naudojim\u0105 be deformacijos, o papildoma sofos pagalv\u0117l\u0117, u\u017epildyta mink\u0161tu poliesteriu, suteikia jausm\u0105, lyg gul\u0117tum\u0117te ant p\u016bkin\u0117s pagalv\u0117s. Guolis yra kruop\u0161\u010diai sukurtas ne tik prabangiam atsipalaidavimui, bet ir ortopedinei prie\u017ei\u016brai j\u016bs\u0173 augintiniui.<\/li>\n<li>Universalumas ir lankstumas kiekvienam augintiniui: \u0161i transformuojama augintini\u0173 lova patenkina augintini\u0173 poreikius \u012fvairiais gyvenimo etapais. Antrojo sluoksnio pagalv\u0117l\u0117 lengvai paver\u010dia pagrindin\u0119 sof\u0105-lov\u0105 erdvia ku\u0161ete, puikiai tinkan\u010dia didel\u0117ms veisl\u0117ms ar keliems augintiniams \u2013 nuo \u0161un\u0173 ir ka\u010di\u0173 iki triu\u0161i\u0173. Nuimamas \u0161un\u0173 lovos \u010diu\u017einys taip pat gali dar labiau i\u0161pl\u0117sti lov\u0105 arba naudoti j\u0105 atskirai, u\u017etikrinant lankstum\u0105 ir komfort\u0105, pritaikyt\u0105 j\u016bs\u0173 augintinio poreikiams.<\/li>\n<li>Lengva prie\u017ei\u016bra ir stabilumas: D\u0117l u\u017etrauktuko apa\u010dioje valymas yra labai paprastas, tod\u0117l lov\u0105 lengva nuimti ir skalbti skalbimo ma\u0161inoje. Guolis turi neslystan\u010dias gumines pagalv\u0117les, kurios u\u017etikrina stabili\u0105 apsaug\u0105 ir u\u017etikrina, kad jis i\u0161likt\u0173 vietoje net ir \u017eaismingai besijau\u010diantis augintinis. Vidinis u\u017epildas apima 1 i\u0161imam\u0105 putplas\u010dio u\u017epild\u0105, kad b\u016bt\u0173 lengva skalbti ir i\u0161laikyti higieni\u0161k\u0105 bei gaiv\u0173 miegojimo plot\u0105 j\u016bs\u0173 augintiniui.<\/li>\n<li>Papildomos patogumo savyb\u0117s: M\u016bs\u0173 augintini\u0173 ku\u0161et\u0117-lova i\u0161siskiria praplatinta atlo\u0161u, kuris ne tik suteikia papildomo komforto, bet ir gali b\u016bti naudojama kaip ma\u017ea sofa vaikams. Lova turi nuimam\u0105 vidin\u012f \u012fd\u0117kl\u0105, kad b\u016bt\u0173 lengva i\u0161ardyti ir i\u0161valyti. Kad b\u016bt\u0173 lengva transportuoti ir perkelti, lova vir\u0161uje yra praplatinta rankena.<\/li>\n<li>\u0160iltas priminimas: i\u0161pakavus lov\u0105, palauk 2\u20133 dienas, kol ji visi\u0161kai i\u0161siskleis iki numatyto dyd\u017eio, nes transportavimo metu d\u0117l suspaudimo ji gali atrodyti ma\u017eiau puri. Jei turite klausim\u0173 ar r\u016bpes\u010di\u0173, mes visada pasiruo\u0161\u0119 pad\u0117ti.<\/li>\n<\/ul>","protected":false},"featured_media":3697,"comment_status":"open","ping_status":"closed","template":"","meta":[],"product_brand":[],"product_cat":[227],"product_tag":[],"class_list":{"0":"post-3712","1":"product","2":"type-product","3":"status-publish","4":"has-post-thumbnail","6":"product_cat-pet-supplies","8":"first","9":"instock","10":"shipping-taxable","11":"purchasable","12":"product-type-simple"},"_links":{"self":[{"href":"https:\/\/www.largepillow.com\/lt\/wp-json\/wp\/v2\/product\/3712","targetHints":{"allow":["GET"]}}],"collection":[{"href":"https:\/\/www.largepillow.com\/lt\/wp-json\/wp\/v2\/product"}],"about":[{"href":"https:\/\/www.largepillow.com\/lt\/wp-json\/wp\/v2\/types\/product"}],"replies":[{"embeddable":true,"href":"https:\/\/www.largepillow.com\/lt\/wp-json\/wp\/v2\/comments?post=3712"}],"wp:featuredmedia":[{"embeddable":true,"href":"https:\/\/www.largepillow.com\/lt\/wp-json\/wp\/v2\/media\/3697"}],"wp:attachment":[{"href":"https:\/\/www.largepillow.com\/lt\/wp-json\/wp\/v2\/media?parent=3712"}],"wp:term":[{"taxonomy":"product_brand","embeddable":true,"href":"https:\/\/www.largepillow.com\/lt\/wp-json\/wp\/v2\/product_brand?post=3712"},{"taxonomy":"product_cat","embeddable":true,"href":"https:\/\/www.largepillow.com\/lt\/wp-json\/wp\/v2\/product_cat?post=3712"},{"taxonomy":"product_tag","embeddable":true,"href":"https:\/\/www.largepillow.com\/lt\/wp-json\/wp\/v2\/product_tag?post=3712"}],"curies":[{"name":"wp","href":"https:\/\/api.w.org\/{rel}","templated":true}]}}