{"id":3754,"date":"2024-09-03T04:08:26","date_gmt":"2024-09-03T04:08:26","guid":{"rendered":"https:\/\/www.largepillow.com\/product\/3d-planet-throw-pillows-solar-system-decor-soft-cushion-black-moon"},"modified":"2024-10-03T16:31:34","modified_gmt":"2024-10-03T16:31:34","slug":"3d-planetos-pagalveles-saules-sistemos-dekorui-minksta-pagalvele-juodas-menulis","status":"publish","type":"product","link":"https:\/\/www.largepillow.com\/lt\/product\/3d-planet-throw-pillows-solar-system-decor-soft-cushion-black-moon","title":{"rendered":"3D planetos formos pagalv\u0117l\u0117s, saul\u0117s sistemos dekoras, mink\u0161ta pagalv\u0117l\u0117 (juodasis m\u0117nulis)"},"content":{"rendered":"","protected":false},"excerpt":{"rendered":"<ul>\n<li><strong>Planetos tematikos dizainas:<\/strong>\u00a0Sukurkite unikal\u0173 nam\u0173 dekor\u0105 su \u0161iomis Saul\u0117s sistemos pagalv\u0117l\u0117mis, kuriose pavaizduota Saul\u0117, \u017dem\u0117, M\u0117nulis, Venera, Jupiteris, Merkurijus, Marsas, Saturnas, Uranas, Nept\u016bnas ir Plutonas. Kiekviena pagalv\u0117 pasi\u017eymi unikaliu planet\u0173 dizainu, suteikian\u010diu jums laisv\u0119 mai\u0161yti ir derinti pagalv\u0117les, kad sukurtum\u0117te asmenin\u012f \u012fvaizd\u012f.<\/li>\n<li><strong>Praktin\u0117 grind\u0173 pagalv\u0117:<\/strong> \u0160ios planetos formos dekoratyvin\u0117s pagalv\u0117l\u0117s gali b\u016bti naudojamos kaip universal\u016bs rekvizitai fotostudijoje arba kaip patogios grind\u0173 pagalv\u0117l\u0117s, dekoratyvin\u0117s pagalv\u0117l\u0117s, sofos pagalv\u0117l\u0117s, plei\u0161to formos pagalv\u0117l\u0117s ir sofos pagalv\u0117l\u0117s, papuo\u0161ian\u010dios j\u016bs\u0173 namus, sod\u0105 ir dar\u017eel\u012f. Jos suteikia patogi\u0105 pagalv\u0117l\u0119 j\u016bs\u0173 galvai ar nugarai, kol atsipalaiduojate, tod\u0117l puikiai tinka naudoti kaip dekoratyvinis akcentas arba kaip papildoma s\u0117dima vieta. Jos taip pat puikiai tinka jogai ar meditacijai.<\/li>\n<li><strong>Dekoratyvin\u0117 grind\u0173 pagalv\u0117:<\/strong> \u0160ios planetos formos pagalv\u0117s puikiai tinka norint suteikti elegancijos ir jaukumo j\u016bs\u0173 miegamajam, svetainei ar bet kuriai kitai nam\u0173 erdvei. Ry\u0161kios spalvos ir unikal\u016bs dizainai paver\u010dia jas pokalbio prad\u017eia, be to, jas galima lengvai derinti su kitais dekoratyviniais elementais, kad b\u016bt\u0173 sukurtas vientisas vaizdas. Galite mai\u0161yti ir derinti skirtingus stilius, kad sukurtum\u0117te individual\u0173 erdv\u0117s tematikos dekor\u0105, atspindint\u012f j\u016bs\u0173 asmenyb\u0119 ir stili\u0173.<\/li>\n<li><strong>Kaip dovana:<\/strong> Planetos tematikos pagalv\u0117 yra puiki dovana visiems, kurie m\u0117gsta kosmos\u0105, astronomij\u0105 ar moksl\u0105. Ji puikiai tinka vaikams, paaugliams, studentams ar suaugusiesiems, norintiems savo kambar\u012f papuo\u0161ti smagiu ir funkcionaliu daiktu. J\u0105 taip pat galite padovanoti ypatingomis progomis, pavyzd\u017eiui, gimtadieniais, Kal\u0117domis ar baigimo proga.<\/li>\n<li><strong>Skalbimo instrukcijos:<\/strong> Pagalv\u0117l\u0117 \u201ePlanet\u201c pagaminta i\u0161 auk\u0161tos kokyb\u0117s storo aksomo audinio, u\u017etikrinan\u010dio patvarum\u0105 ir kokyb\u0119. Ji turi u\u017etrauktuk\u0105, kad b\u016bt\u0173 lengva valyti ir pri\u017ei\u016br\u0117ti. U\u017epildas \u2013 100% poliesteris, u\u017etikrinantis i\u0161skirtin\u012f tamprum\u0105. Skalbti skalbimo ma\u0161inoje \u0161altame vandenyje, tik \u0161velniu re\u017eimu, nebalinti, d\u017eiovinti d\u017eiovykl\u0117je \u017eemoje temperat\u016broje, jei reikia, d\u017eiovinti \u017eemoje temperat\u016broje. Odai draugi\u0161kas ir mink\u0161tas audinys bus geriausias pasirinkimas \u0161eimai, draugams ir vaikams.<\/li>\n<li><strong>Dydis:<\/strong>\u00a0Didelis (16 \u00d7 16 coli\u0173 | 41 x 41 cm), Vidutinis (10 \u00d7 10 coli\u0173 | 25 x 25 cm)<\/li>\n<\/ul>","protected":false},"featured_media":3744,"comment_status":"open","ping_status":"closed","template":"","meta":[],"product_brand":[],"product_cat":[231],"product_tag":[],"class_list":{"0":"post-3754","1":"product","2":"type-product","3":"status-publish","4":"has-post-thumbnail","6":"product_cat-throw-pillows","8":"first","9":"instock","10":"shipping-taxable","11":"purchasable","12":"product-type-variable","13":"has-default-attributes"},"_links":{"self":[{"href":"https:\/\/www.largepillow.com\/lt\/wp-json\/wp\/v2\/product\/3754","targetHints":{"allow":["GET"]}}],"collection":[{"href":"https:\/\/www.largepillow.com\/lt\/wp-json\/wp\/v2\/product"}],"about":[{"href":"https:\/\/www.largepillow.com\/lt\/wp-json\/wp\/v2\/types\/product"}],"replies":[{"embeddable":true,"href":"https:\/\/www.largepillow.com\/lt\/wp-json\/wp\/v2\/comments?post=3754"}],"wp:featuredmedia":[{"embeddable":true,"href":"https:\/\/www.largepillow.com\/lt\/wp-json\/wp\/v2\/media\/3744"}],"wp:attachment":[{"href":"https:\/\/www.largepillow.com\/lt\/wp-json\/wp\/v2\/media?parent=3754"}],"wp:term":[{"taxonomy":"product_brand","embeddable":true,"href":"https:\/\/www.largepillow.com\/lt\/wp-json\/wp\/v2\/product_brand?post=3754"},{"taxonomy":"product_cat","embeddable":true,"href":"https:\/\/www.largepillow.com\/lt\/wp-json\/wp\/v2\/product_cat?post=3754"},{"taxonomy":"product_tag","embeddable":true,"href":"https:\/\/www.largepillow.com\/lt\/wp-json\/wp\/v2\/product_tag?post=3754"}],"curies":[{"name":"wp","href":"https:\/\/api.w.org\/{rel}","templated":true}]}}