{"id":3792,"date":"2024-09-03T04:31:56","date_gmt":"2024-09-03T04:31:56","guid":{"rendered":"https:\/\/www.largepillow.com\/product\/y-shaped-reading-pillow-with-arm-rests-memory-foam-support"},"modified":"2025-05-05T18:57:03","modified_gmt":"2025-05-05T18:57:03","slug":"y-formos-skaitymo-pagalve-su-porankiais-ir-viskoelastinio-putplascio-atrama","status":"publish","type":"product","link":"https:\/\/www.largepillow.com\/lt\/product\/y-shaped-reading-pillow-with-arm-rests-memory-foam-support","title":{"rendered":"Y formos skaitymo pagalv\u0117 su porankiais ir atminties put\u0173 atrama"},"content":{"rendered":"[zc_getpagecontent mb=&#8221;mb_aplus&#8221; apid=&#8221;87&#8243;]\n","protected":false},"excerpt":{"rendered":"<ul>\n<li><strong>Novatori\u0161kas dizainas:<\/strong> Patobulinta Y formos skaitymo pagalv\u0117 suaugusiesiems pasi\u017eymi novatori\u0161ku dizainu, kuris prie pagrindini\u0173 savybi\u0173 papildo gul\u0117jimo funkcij\u0105. \u012ereng\u0117me rank\u0173 pad\u0117ties keitimo viet\u0105, kad gulint ant pagalv\u0117s, j\u016bs\u0173 rankos gal\u0117t\u0173 laisvai slysti per j\u0105. Nesvarbu, ar skaitote, mokot\u0117s, ar \u017eaid\u017eiate mobiliuoju telefonu, j\u016bs\u0173 rankos bus atsipalaidavusios, o kaklo diskomfortas suma\u017e\u0117s. Galite bet kada pasirinkti patogi\u0105 pad\u0117t\u012f.<\/li>\n<li><strong>Maksimalus komfortas:<\/strong> \u0160ios nugaros atramos pagalv\u0117s i\u0161lenktas dizainas prisitaiko prie nat\u016brali\u0173 j\u016bs\u0173 k\u016bno linki\u0173, suteikdamas i\u0161skirtin\u012f komfort\u0105 ir atram\u0105 nugarai, juosmeniui ir kaklui. Nesvarbu, ar skaitote, \u017ei\u016brite televizori\u0173, ar dirbate, \u0161i pagalv\u0117 u\u017etikrina patogesn\u0119 patirt\u012f.<\/li>\n<li><strong>Daugiafunkcin\u0117 pagalba:<\/strong> \u0160i universali pagalv\u0117 suteikia visapusi\u0161k\u0105 atram\u0105 j\u016bs\u0173 kaklui, nugarai, juosmeniui ir kojoms. J\u0105 galima naudoti kaip nugaros atramos pagalv\u0119, pagalv\u0119 veidu \u017eemyn, plei\u0161to formos pagalv\u0119 lovai ir koj\u0173 pagalv\u0119, tod\u0117l tai puikus pasirinkimas \u012fvairiai veiklai ir sveikatos poreikiams tenkinti.<\/li>\n<li><strong>Auk\u0161\u010diausios kokyb\u0117s med\u017eiagos:<\/strong> Pagaminta i\u0161 didelio tankio, l\u0117tai atsigaunan\u010dio viskoelastinio putplas\u010dio, \u0161i pagalv\u0117 suteikia stabili\u0105 atram\u0105, i\u0161laikant pradin\u0119 form\u0105 ir tank\u012f. Ji atgaus vis\u0105 savo form\u0105 per 24\u201348 valandas nuo suspaudimo i\u0161siuntimo metu.<\/li>\n<li><strong>Lengva valyti:<\/strong> Nuimamas pagalv\u0117s u\u017evalkalas pagamintas i\u0161 mink\u0161to, patogaus audinio su tinklelio pavir\u0161iumi, tod\u0117l yra patvarus ir lengvai valomas. Kai reikia i\u0161skalbti, tiesiog atsegkite pagalv\u0117s u\u017evalkal\u0105 ir i\u0161imkite j\u012f i\u0161 viskoelastinio putplas\u010dio pagalv\u0117s.<\/li>\n<\/ul>","protected":false},"featured_media":3784,"comment_status":"open","ping_status":"closed","template":"","meta":[],"product_brand":[],"product_cat":[228],"product_tag":[],"class_list":{"0":"post-3792","1":"product","2":"type-product","3":"status-publish","4":"has-post-thumbnail","6":"product_cat-cushions","8":"first","9":"instock","10":"shipping-taxable","11":"purchasable","12":"product-type-variable","13":"has-default-attributes"},"_links":{"self":[{"href":"https:\/\/www.largepillow.com\/lt\/wp-json\/wp\/v2\/product\/3792","targetHints":{"allow":["GET"]}}],"collection":[{"href":"https:\/\/www.largepillow.com\/lt\/wp-json\/wp\/v2\/product"}],"about":[{"href":"https:\/\/www.largepillow.com\/lt\/wp-json\/wp\/v2\/types\/product"}],"replies":[{"embeddable":true,"href":"https:\/\/www.largepillow.com\/lt\/wp-json\/wp\/v2\/comments?post=3792"}],"wp:featuredmedia":[{"embeddable":true,"href":"https:\/\/www.largepillow.com\/lt\/wp-json\/wp\/v2\/media\/3784"}],"wp:attachment":[{"href":"https:\/\/www.largepillow.com\/lt\/wp-json\/wp\/v2\/media?parent=3792"}],"wp:term":[{"taxonomy":"product_brand","embeddable":true,"href":"https:\/\/www.largepillow.com\/lt\/wp-json\/wp\/v2\/product_brand?post=3792"},{"taxonomy":"product_cat","embeddable":true,"href":"https:\/\/www.largepillow.com\/lt\/wp-json\/wp\/v2\/product_cat?post=3792"},{"taxonomy":"product_tag","embeddable":true,"href":"https:\/\/www.largepillow.com\/lt\/wp-json\/wp\/v2\/product_tag?post=3792"}],"curies":[{"name":"wp","href":"https:\/\/api.w.org\/{rel}","templated":true}]}}