{"id":3816,"date":"2024-09-04T02:42:30","date_gmt":"2024-09-04T02:42:30","guid":{"rendered":"https:\/\/www.largepillow.com\/product\/office-chair-back-support-ergonomic-lumbar-pillow-3d-mesh"},"modified":"2025-03-15T17:25:00","modified_gmt":"2025-03-15T17:25:00","slug":"ergonomiska-juosmens-atrama-biuro-kedes-nugarai-3d-tinklelio","status":"publish","type":"product","link":"https:\/\/www.largepillow.com\/lt\/product\/office-chair-back-support-ergonomic-lumbar-pillow-3d-mesh","title":{"rendered":"Biuro k\u0117d\u0117s nugaros atrama, ergonomi\u0161ka juosmens pagalv\u0117, 3D tinklelis"},"content":{"rendered":"[zc_getpagecontent mb=&#8221;mb_aplus&#8221; apid=&#8221;83&#8243;]\n","protected":false},"excerpt":{"rendered":"<ul>\n<li><strong>Kokybi\u0161ka med\u017eiaga:<\/strong> M\u016bs\u0173 biuro k\u0117d\u0117s nugaros pagalv\u0117l\u0117 pagaminta i\u0161 orui laid\u017eios med\u017eiagos ir u\u017epildyta PP medvilne, kuri yra kv\u0117puojanti, mink\u0161ta ir patogi, stora ir pilna, tod\u0117l nelengvai deformuojasi. \u0160i pagalv\u0117l\u0117 gerai palaiko oro cirkuliacij\u0105, vis\u0105 laik\u0105 palaiko v\u0117si\u0105 ir patogi\u0105 nugar\u0105 bei suteikia ger\u0105 nugaros atram\u0105.<\/li>\n<li><strong>Ergonomi\u0161kas nugaros atramos dizainas:<\/strong>\u00a0Juosmens atramos pagalv\u0117 yra ergonomi\u0161kai sukurta taip, kad palengvint\u0173 vir\u0161utin\u0117s, vidurin\u0117s ir apatin\u0117s nugaros dalies skausm\u0105 ar tempim\u0105, suteikt\u0173 patogi\u0105 atram\u0105 sveikai s\u0117d\u0117jimo laikysenai, suma\u017eint\u0173 stuburo spaudim\u0105. Jei ilgai s\u0117dite biuro k\u0117d\u0117je, \u017eaidim\u0173 k\u0117d\u0117je, prie stalo ar kompiuterio k\u0117d\u0117je arba vairuojate automobil\u012f ar sunkve\u017eim\u012f, \u0161i automobilio s\u0117dyn\u0117s atlo\u0161o pagalv\u0117 jums labai pad\u0117s.<\/li>\n<li><strong>Palaiko vis\u0105 nugar\u0105:<\/strong> Juosmens atramos pagalv\u0117s matmenys yra 21,6 colio x 14,2 colio (auk\u0161tis ir plotis). Platesni ir storesni \u0161onai visi\u0161kai apgaubia vis\u0105 j\u016bs\u0173 juosmen\u012f ir nugar\u0105 bei palaiko s\u0117dmenis. Centrinis i\u0161linkis puikiai prisitaiko prie nat\u016bralios nugaros linijos, suteikdamas papildom\u0105 atram\u0105 stuburui. Ergonomi\u0161kai suprojektuota juosmens pagalv\u0117 veiksmingai suma\u017eins nugaros skausm\u0105 ir pagerins j\u016bs\u0173 s\u0117d\u0117jimo laikysen\u0105.<\/li>\n<li><strong>Reguliuojamas dir\u017eelio dizainas:<\/strong> M\u016bs\u0173 ortopedinis atlo\u0161as su reguliuojamu elastiniu dir\u017eeliu u\u017etikrina, kad nugaros pagalv\u0117l\u0117s laikyt\u0173si ant s\u0117dyn\u0117s neslysdamos ir neslysdamos. M\u016bs\u0173 nugaros pagalv\u0117l\u0117 pasi\u017eymi i\u0161lenkta ir 3D juosmen\u012f apiman\u010dia forma, kad b\u016bt\u0173 u\u017etikrinta nuolatin\u0117 nugaros atrama. Reguliuojamas dir\u017eelis leid\u017eia atlo\u0161ui puikiai prisitaikyti prie beveik bet kokios biuro k\u0117d\u0117s, kompiuterio k\u0117d\u0117s, fotelio, sofos, ku\u0161et\u0117s, automobilio s\u0117dyn\u0117s, sunkve\u017eimio, ne\u012fgaliojo ve\u017eim\u0117lio ar atlo\u0161iamo kr\u0117slo.<\/li>\n<li><strong>Saugokite savo sveikat\u0105:<\/strong> Su m\u016bs\u0173 juosmens atramos pagalve galite geriau apsaugoti savo stubur\u0105, o biuro k\u0117d\u0117s atlo\u0161o atrama padeda suma\u017einti apatin\u0117s ir vidurin\u0117s nugaros dalies \u012ftamp\u0105, kuri\u0105 sukelia ilgas s\u0117d\u0117jimas ar vairavimas. Jei da\u017enai jau\u010diate nugaros skausm\u0105 d\u0117l ilgo s\u0117d\u0117jimo, b\u016btinai i\u0161bandykite biuro k\u0117d\u0117s atlo\u0161o pagalv\u0117l\u0119.<\/li>\n<\/ul>","protected":false},"featured_media":3809,"comment_status":"open","ping_status":"closed","template":"","meta":[],"product_brand":[],"product_cat":[228],"product_tag":[],"class_list":{"0":"post-3816","1":"product","2":"type-product","3":"status-publish","4":"has-post-thumbnail","6":"product_cat-cushions","8":"first","9":"outofstock","10":"shipping-taxable","11":"purchasable","12":"product-type-simple"},"_links":{"self":[{"href":"https:\/\/www.largepillow.com\/lt\/wp-json\/wp\/v2\/product\/3816","targetHints":{"allow":["GET"]}}],"collection":[{"href":"https:\/\/www.largepillow.com\/lt\/wp-json\/wp\/v2\/product"}],"about":[{"href":"https:\/\/www.largepillow.com\/lt\/wp-json\/wp\/v2\/types\/product"}],"replies":[{"embeddable":true,"href":"https:\/\/www.largepillow.com\/lt\/wp-json\/wp\/v2\/comments?post=3816"}],"wp:featuredmedia":[{"embeddable":true,"href":"https:\/\/www.largepillow.com\/lt\/wp-json\/wp\/v2\/media\/3809"}],"wp:attachment":[{"href":"https:\/\/www.largepillow.com\/lt\/wp-json\/wp\/v2\/media?parent=3816"}],"wp:term":[{"taxonomy":"product_brand","embeddable":true,"href":"https:\/\/www.largepillow.com\/lt\/wp-json\/wp\/v2\/product_brand?post=3816"},{"taxonomy":"product_cat","embeddable":true,"href":"https:\/\/www.largepillow.com\/lt\/wp-json\/wp\/v2\/product_cat?post=3816"},{"taxonomy":"product_tag","embeddable":true,"href":"https:\/\/www.largepillow.com\/lt\/wp-json\/wp\/v2\/product_tag?post=3816"}],"curies":[{"name":"wp","href":"https:\/\/api.w.org\/{rel}","templated":true}]}}