{"id":3919,"date":"2024-09-05T03:12:00","date_gmt":"2024-09-05T03:12:00","guid":{"rendered":"https:\/\/www.largepillow.com\/product\/plush-reading-pillow-for-bed-sofa-dorm-with-back-support"},"modified":"2025-12-07T17:34:58","modified_gmt":"2025-12-07T17:34:58","slug":"pliusine-skaitymo-pagalve-lovai-sofai-ir-bendrabucio-kambariui-su-nugaros-atrama","status":"publish","type":"product","link":"https:\/\/www.largepillow.com\/lt\/product\/plush-reading-pillow-for-bed-sofa-dorm-with-back-support","title":{"rendered":"Pliu\u0161in\u0117 skaitymo pagalv\u0117 lovai, sofai ir bendrabu\u010diui su nugaros atrama"},"content":{"rendered":"[zc_getpagecontent mb=&#8221;mb_aplus&#8221; apid=&#8221;88&#8243;]\n","protected":false},"excerpt":{"rendered":"<ul>\n<li><strong>Fiksuotas dydis:<\/strong> 95 x 45 x 25 cm galv\u016bgalio pagalv\u0117l\u0117 k\u016bnui ir atlo\u0161ui, trij\u0173 spalv\u0173: juodos, geltonos ir baltos. Ra\u0161tas neblunka. Be sag\u0173.<\/li>\n<li><strong>Med\u017eiagos atnaujinimas:<\/strong> (su pp medviln\u0117s u\u017epildu) Pagaminta i\u0161 granuliuoto aksomo, mink\u0161to ir patogaus. \u0160is audinys buvo kruop\u0161\u010diai atrinktas d\u0117l savo kokyb\u0117s ir patogumo naudoti, kad b\u016bt\u0173 ypa\u010d tvirtas ir ilgaam\u017eis. Trumpas pliu\u0161inis audinys padidina odos komfort\u0105 ir pagalv\u0117s mink\u0161tum\u0105, tod\u0117l puikiai tinka k\u016bno atlo\u0161ams ir lovos dekoracijoms.<\/li>\n<li><strong>Vidutinio storio pagalv\u0117l\u0117:<\/strong> Vidutinio storio pagalv\u0117 neu\u017eima daug lovos ir sofos ploto, tod\u0117l suteikia pakankamai s\u0117d\u0117jimo vietos. Galv\u016bgalio pagalv\u0117 gali suteikti optimal\u0173 vir\u0161utin\u0117s k\u016bno dalies pakilim\u0105, pad\u0117ti i\u0161vengti daugelio sveikatos sutrikim\u0173. \u012evair\u016bs dyd\u017eiai tinka skirtingoms scenoms, mal\u0161ina nemig\u0105 ir skeleto raumen\u0173 skausm\u0105, taip pat padeda vyresnio am\u017eiaus \u017emon\u0117ms, sergantiems varikoze, ir jogos m\u0117g\u0117jams atlikti tempimo pratimus.<\/li>\n<li><strong>Puiki dovana staigmena:<\/strong> Dvigul\u0117s lovos galv\u016bgalio pagalv\u0117 sustiprina trimat\u012f poj\u016bt\u012f ir puikiai atspindi ergonomik\u0105. Puikus storis ir atrama s\u0117d\u0117ti ir skaityti lovoje, suteikia komfort\u0105 miegant, skaitant ir \u017ei\u016brint televizori\u0173. \u017dod\u017eiai \u201cGERI\u201d, kurie nei\u0161blunka, geriau atpalaiduoja nuotaik\u0105.<\/li>\n<li><strong>Gra\u017ei ir prakti\u0161ka pagalv\u0117:<\/strong> M\u016bs\u0173 galv\u016bgalio pagalv\u0117l\u0117 yra madinga nam\u0173 puo\u0161mena, tinkanti lovai, sofai-sofai, tatamiui, suoliukui, atlo\u0161iamam kr\u0117slui, s\u0117dynei prie palang\u0117s, miegamajam, \u012flankos langui, vis\u0173 met\u0173 laik\u0173 kambariams, bendrabu\u010dio lovai, student\u0173 lovai, vaiki\u0161kos lovos galvos atramai ir kt.<\/li>\n<\/ul>","protected":false},"featured_media":3899,"comment_status":"open","ping_status":"closed","template":"","meta":[],"product_brand":[],"product_cat":[228],"product_tag":[],"class_list":{"0":"post-3919","1":"product","2":"type-product","3":"status-publish","4":"has-post-thumbnail","6":"product_cat-cushions","8":"first","9":"instock","10":"shipping-taxable","11":"purchasable","12":"product-type-variable","13":"has-default-attributes"},"_links":{"self":[{"href":"https:\/\/www.largepillow.com\/lt\/wp-json\/wp\/v2\/product\/3919","targetHints":{"allow":["GET"]}}],"collection":[{"href":"https:\/\/www.largepillow.com\/lt\/wp-json\/wp\/v2\/product"}],"about":[{"href":"https:\/\/www.largepillow.com\/lt\/wp-json\/wp\/v2\/types\/product"}],"replies":[{"embeddable":true,"href":"https:\/\/www.largepillow.com\/lt\/wp-json\/wp\/v2\/comments?post=3919"}],"wp:featuredmedia":[{"embeddable":true,"href":"https:\/\/www.largepillow.com\/lt\/wp-json\/wp\/v2\/media\/3899"}],"wp:attachment":[{"href":"https:\/\/www.largepillow.com\/lt\/wp-json\/wp\/v2\/media?parent=3919"}],"wp:term":[{"taxonomy":"product_brand","embeddable":true,"href":"https:\/\/www.largepillow.com\/lt\/wp-json\/wp\/v2\/product_brand?post=3919"},{"taxonomy":"product_cat","embeddable":true,"href":"https:\/\/www.largepillow.com\/lt\/wp-json\/wp\/v2\/product_cat?post=3919"},{"taxonomy":"product_tag","embeddable":true,"href":"https:\/\/www.largepillow.com\/lt\/wp-json\/wp\/v2\/product_tag?post=3919"}],"curies":[{"name":"wp","href":"https:\/\/api.w.org\/{rel}","templated":true}]}}