{"id":3932,"date":"2024-09-05T03:31:25","date_gmt":"2024-09-05T03:31:25","guid":{"rendered":"https:\/\/www.largepillow.com\/product\/denim-reading-pillow-with-arms-for-adult-back-lumbar-support"},"modified":"2024-10-03T16:31:24","modified_gmt":"2024-10-03T16:31:24","slug":"dzinsine-skaitymo-pagalve-su-porankiais-suaugusiuju-nugaros-juosmens-atramai","status":"publish","type":"product","link":"https:\/\/www.largepillow.com\/lt\/product\/denim-reading-pillow-with-arms-for-adult-back-lumbar-support","title":{"rendered":"D\u017einsin\u0117 skaitymo pagalv\u0117 su porankiais suaugusiesiems \u2013 nugaros juosmens atrama"},"content":{"rendered":"[zc_getpagecontent mb=&#8221;mb_aplus&#8221; apid=&#8221;92&#8243;]\n","protected":false},"excerpt":{"rendered":"<ul>\n<li>D\u017einsinis audinys: pagamintas i\u0161 i\u0161 anksto skalbt\u0173 si\u016bl\u0173 da\u017eyto poliesterio ir medviln\u0117s d\u017einsinio audinio, patogus ir patvarus, su kontrastingomis dvigubomis adatin\u0117mis si\u016bl\u0117mis, suteikian\u010diomis eleganti\u0161k\u0105 ir vinta\u017ein\u012f modern\u0173 vaizd\u0105. Tinka sofai, lovai, namams, biurui, bendrabu\u010dio lovai. Skalbtas d\u017einsinis audinys kartu su ruda vandeniui atsparia dirbtine oda ir zom\u0161os sagomis sukuria mading\u0105 atmosfer\u0105, tod\u0117l labiau tinka \u012fvairiems interjero dekoravimo stiliams.<\/li>\n<li>Dydis: Pagalv\u0117l\u0117s auk\u0161tis \u2013 56 cm, plotis \u2013 89 cm, ji suteikia tvirt\u0105 ir pakankam\u0105 nugaros atram\u0105. Kiekvienos porankio storis \u2013 19 cm, kad b\u016bt\u0173 palaikoma pe\u010di\u0173 ir kaklo pad\u0117tis, atpalaiduojamas raumen\u0173 \u012ftampa ir k\u016bnas. Svoris: 2,9 kg. Skalbimas: Skalbti \u0161altame vandenyje atskirai, kad b\u016bt\u0173 lengva pri\u017ei\u016br\u0117ti.<\/li>\n<li>U\u017etrauktukai: Pagalv\u0117l\u0117s u\u017evalkalo apa\u010dioje yra nematomas, spalv\u0105 atitinkantis u\u017etrauktukas, suteikiantis eleganti\u0161k\u0105 i\u0161vaizd\u0105, lengv\u0105 \u012fd\u0117jim\u0105 ir skalbim\u0105. Dvigubo sluoksnio apsauga pagalvi\u0173 u\u017evalkalams ir pamu\u0161alui \u2013 tiesiog atsegkite vidin\u012f pamu\u0161al\u0105, kad sureguliuotum\u0117te u\u017epild\u0105 pagal individual\u0173 komforto lyg\u012f, perskirstydami j\u012f pagal poreik\u012f, kad b\u016bt\u0173 u\u017etikrinta tikslin\u0117 atrama. Jei reikia papildomo u\u017epildo, mielai suteiksime papildomos medviln\u0117s.<\/li>\n<li>Skaitymo pagalv\u0117 su tvirtu porankiu suteikia tam tikr\u0105 atramos auk\u0161t\u012f alk\u016bni\u0173 pad\u0117tyje. Mink\u0161tas ir storas atlo\u0161as yra ilgaam\u017eis, su 2 dekoratyvin\u0117mis sagomis, sustiprintomis si\u016bl\u0117mis ir apvadais, sukurian\u010diais piln\u0105 ir piln\u0105 i\u0161vaizd\u0105, kad nugara b\u016bt\u0173 ergonomi\u0161kesn\u0117 ir atpalaiduotesn\u0117. M\u016bs\u0173 skaitymo pagalv\u0117 yra ne tik patogi ir miela, bet ir pasi\u017eymi ry\u0161kiu bei spalvingu dizainu, kuris suteiks spalv\u0173 bet kuriam kambariui.<\/li>\n<li>I\u0161pakuokite ir m\u0117gaukit\u0117s: nugaros pagalv\u0117 lovai s\u0117d\u0117ti transportavimo metu yra suspausta. Tiesiog i\u0161pakuokite j\u0105 ir palaukite 24\u201348 valandas, kol ji visi\u0161kai i\u0161siskleis.<\/li>\n<\/ul>","protected":false},"featured_media":3923,"comment_status":"open","ping_status":"closed","template":"","meta":[],"product_brand":[],"product_cat":[228],"product_tag":[],"class_list":{"0":"post-3932","1":"product","2":"type-product","3":"status-publish","4":"has-post-thumbnail","6":"product_cat-cushions","8":"first","9":"outofstock","10":"shipping-taxable","11":"purchasable","12":"product-type-simple"},"_links":{"self":[{"href":"https:\/\/www.largepillow.com\/lt\/wp-json\/wp\/v2\/product\/3932","targetHints":{"allow":["GET"]}}],"collection":[{"href":"https:\/\/www.largepillow.com\/lt\/wp-json\/wp\/v2\/product"}],"about":[{"href":"https:\/\/www.largepillow.com\/lt\/wp-json\/wp\/v2\/types\/product"}],"replies":[{"embeddable":true,"href":"https:\/\/www.largepillow.com\/lt\/wp-json\/wp\/v2\/comments?post=3932"}],"wp:featuredmedia":[{"embeddable":true,"href":"https:\/\/www.largepillow.com\/lt\/wp-json\/wp\/v2\/media\/3923"}],"wp:attachment":[{"href":"https:\/\/www.largepillow.com\/lt\/wp-json\/wp\/v2\/media?parent=3932"}],"wp:term":[{"taxonomy":"product_brand","embeddable":true,"href":"https:\/\/www.largepillow.com\/lt\/wp-json\/wp\/v2\/product_brand?post=3932"},{"taxonomy":"product_cat","embeddable":true,"href":"https:\/\/www.largepillow.com\/lt\/wp-json\/wp\/v2\/product_cat?post=3932"},{"taxonomy":"product_tag","embeddable":true,"href":"https:\/\/www.largepillow.com\/lt\/wp-json\/wp\/v2\/product_tag?post=3932"}],"curies":[{"name":"wp","href":"https:\/\/api.w.org\/{rel}","templated":true}]}}