{"id":404,"date":"2022-09-15T22:40:45","date_gmt":"2022-09-15T22:40:45","guid":{"rendered":"https:\/\/www.largepillow.com\/product\/bolster-for-bed"},"modified":"2026-04-22T11:55:08","modified_gmt":"2026-04-22T11:55:08","slug":"pleisto-pagalvele","status":"publish","type":"product","link":"https:\/\/www.largepillow.com\/lt\/product\/wedge-cushion\/","title":{"rendered":"Plei\u0161to pagalv\u0117l\u0117"},"content":{"rendered":"<p>Atraskite i\u0161skirtin\u012f komfort\u0105 ir atram\u0105 su \u201eWedge Cushion\u201c pagalv\u0117le<\/p>\n<p>Patirkite neprilygstam\u0105 komfort\u0105 ir atram\u0105 su \u201eWedge Cushion\u201c pagalve \u2013 universalia ir daugiafunkcine pagalve, sukurta pagerinti j\u016bs\u0173 atsipalaidavim\u0105 ir savijaut\u0105.<\/p>\n<p>I\u0161skirtinis nugaros ir juosmens palaikymas<\/p>\n<p>Unikalus trikampio formos \u201eWedge Cushion\u201c pagalv\u0117s dizainas puikiai prisitaiko prie nugaros ir juosmens, suteikdamas i\u0161skirtin\u0119 juosmens atram\u0105. Nesvarbu, ar s\u0117dite lovoje, ar ant sofos, \u0161i pagalv\u0117 pa\u0161alina spaudim\u0105 apatinei nugaros daliai, skatina atsipalaidavim\u0105 ir suma\u017eina diskomfort\u0105.<\/p>\n<p>3 viename universalumas<\/p>\n<p>\u201eWedge Cushion\u201c pagalv\u0117 \u2013 tai ne tik galv\u016bgalio pagalv\u0117. D\u0117l 3 viename dizaino j\u0105 galima naudoti kaip didel\u0119 plei\u0161to formos pagalv\u0119 miegui ant nugaros ar \u0161ono arba kaip koj\u0173 pagalv\u0119 kojoms pakelti. Tai puikus sprendimas knyg\u0173 grau\u017eikams, naktin\u0117tojams ir visiems, kurie m\u0117gsta atsipalaiduoti lovoje.<\/p>\n<p>Daugiafunkcinis dizainas bet kokiam kambariui<\/p>\n<p>Be pagrindinio naudojimo kaip lovos galv\u016bgalio pagalv\u0117l\u0117, \u201eWedge Cushion\u201c taip pat gali b\u016bti naudojama kaip buferio pagalv\u0117l\u0117, sofos pagalv\u0117l\u0117 ar net dienos lovos atlo\u0161as. D\u0117l stilingo ir funkcionalaus dizaino ji puikiai tinka bet kuriam miegamajam, svetainei ar skaitymo kampeliui.<\/p>\n<p>Auk\u0161\u010diausios kokyb\u0117s med\u017eiagos ilgalaikiam komfortui<\/p>\n<p>\u201eWedge\u201c pagalv\u0117l\u0117 pagaminta i\u0161 geriausi\u0173 med\u017eiag\u0173, u\u017etikrinan\u010di\u0173 i\u0161skirtin\u012f komfort\u0105 ir ilgaam\u017ei\u0161kum\u0105. Pagalv\u0117s u\u017evalkalas pagamintas i\u0161 prabangaus 100% poliesterio aksomo, kuris yra mink\u0161tas liesti ir eleganti\u0161kos i\u0161vaizdos. Pamink\u0161tinimas u\u017epildytas didelio tankio, auk\u0161tos kokyb\u0117s poliesterio pluo\u0161tais, kurie nesiglam\u017eo ir i\u0161laiko savo form\u0105 net po keli\u0173 m\u0117nesi\u0173 naudojimo.<\/p>\n<p>Valymas be pastang\u0173<\/p>\n<p>\u201eWedge\u201c pagalv\u0117l\u0117s u\u017evalkalo prie\u017ei\u016bra yra labai paprasta. Pagalv\u0117s u\u017evalkalas yra nuimamas ir u\u017esegamas u\u017etrauktuku, tod\u0117l j\u012f lengva valyti. Tiesiog atsegkite u\u017evalkal\u0105 ir \u012fmeskite j\u012f \u012f skalbimo ma\u0161in\u0105, kad greitai atnaujintum\u0117te.<\/p>\n<p>Klient\u0173 atsiliepimai<\/p>\n<p>\u201e\u0160i pagalv\u0117 kei\u010dia \u017eaidimo taisykles! Naudoju j\u0105 kaip lovos galv\u016bgalio pagalv\u0119 ir ji suteikia nuostabi\u0105 atram\u0105 mano nugarai. Pasteb\u0117jau, kad mano nugaros skausmas gerokai suma\u017e\u0117jo.\u201c<\/p>\n<p>\u201eMan patinka, kokia universali yra \u201eWedge Cushion\u201c. Naudoju j\u0105 kaip koj\u0173 pagalv\u0119 nakt\u012f ir ji padeda pagerinti kraujotak\u0105.\u201c<\/p>\n<p>\u201eAksominis u\u017evalkalas toks prabangus ir mink\u0161tas. Jis suteikia mano miegamajam elegancijos ir a\u0161 nekantrauju j\u012f naudoti kiekvien\u0105 vakar\u0105.\u201c<\/p>\n<p>Galima \u012fsigyti \u012fvairi\u0173 dyd\u017ei\u0173<\/p>\n<p>\u201eWedge\u201c pagalv\u0117l\u0117 yra \u012fvairi\u0173 dyd\u017ei\u0173, kad atitikt\u0173 j\u016bs\u0173 poreikius ir pageidavimus. Nuo 45 cm iki 200 cm \u2013 tikrai rasite tobul\u0105 dyd\u012f savo lovai ar sofai.<\/p>\n<p>U\u017esisakykite plei\u0161tin\u0119 pagalv\u0117l\u0119 jau \u0161iandien<\/p>\n<p>Patirkite did\u017eiausi\u0105 komfort\u0105 ir atram\u0105 su \u201eWedge Cushion\u201c pagalv\u0117le. U\u017esisakykite j\u0105 jau \u0161iandien ir m\u0117gaukit\u0117s palaimingu atsipalaidavimu bei geresne savijauta.<\/p>","protected":false},"excerpt":{"rendered":"<ul>\n<li><strong>Maksimalus komfortas:<\/strong> \u0160i galv\u016bgalio pagalv\u0117 d\u0117l savo trikampio formos dizaino suteikia puik\u0173 komfort\u0105. Lovos atramos pagalv\u0117l\u0117 puikiai priglunda prie nugaros ir juosmens, suma\u017eindama juosmens\/nugaros spaudim\u0105. \u0160i plei\u0161to formos skaitymo pagalv\u0117 gali pad\u0117ti jums i\u0161likti ne\u012ftemptiems lovoje ar sofoje, tod\u0117l idealiai tinka dirbant naktin\u0117se pel\u0117dose, knyg\u0173 grau\u017eikams ir \u017ei\u016brint televizori\u0173 lovoje. \u0160i ypa\u010d didel\u0117 plei\u0161to formos galv\u016bgalio pagalv\u0117 yra vienintel\u0117 plei\u0161to formos galv\u016bgalio pagalv\u0117, kurioje gali miegoti du asmenys.<\/li>\n<li><strong>3 viename didel\u0117 pagalv\u0117:<\/strong> Pagalv\u0119 galite naudoti vertikaliai kaip nugaros atram\u0105 galv\u016bgaliui s\u0117dint lovoje arba patiesti j\u0105 ant lovos ir naudoti kaip didel\u0119 plei\u0161to formos pagalv\u0119 miegant ant nugaros ar \u0161ono, arba kaip koj\u0173 pagalv\u0119 kojoms pakelti. Jei norite didel\u0117s galv\u016bgalio pagalv\u0117s, kuri suteikt\u0173 atram\u0105 tiek jums, tiek j\u016bs\u0173 sutuoktiniui, tai puiki alternatyva.<\/li>\n<li><strong>Daugiafunkcinis dizainas:<\/strong> Kai kurie \u017emon\u0117s trikamp\u0119 didel\u0119 pagalv\u0117l\u0119 naudoja kaip lovos galv\u016bgalio pagalv\u0119, kiti \u2013 kaip pagalv\u0119 prie buferio, j\u0105 taip pat galima naudoti kaip sofos ar dienos lovos atlo\u0161o pagalv\u0117l\u0119. Ji stilinga ir funkcionali, tod\u0117l puikiai tinka bet kuriam miegamajam.<\/li>\n<li><strong>Auk\u0161\u010diausios kokyb\u0117s meistri\u0161kumas:<\/strong> M\u016bs\u0173 pagalv\u0117s u\u017evalkalas pagamintas i\u0161 100% poliesterio aksomo, kuris yra mink\u0161tas, eleganti\u0161kas ir malonus liesti. Pamink\u0161tinimas pagamintas i\u0161 didelio tankio, auk\u0161tos kokyb\u0117s poliesterio pluo\u0161t\u0173, kurie neleid\u017eia jam sulinkti net po keli\u0173 m\u0117nesi\u0173 naudojimo. Be to, jis turi \u0161onines ki\u0161enes knygai ar telefonui laikyti.<\/li>\n<li><strong>Lengva valyti:<\/strong> Skaitymo pagalv\u0117s u\u017evalkalas prie pagalv\u0117s pritvirtintas sagomis ir lengvai nuimamas paprastu u\u017etrauktuku. Tai leid\u017eia j\u012f lengvai valyti. Tiesiog nuimkite u\u017evalkal\u0105 ir greitai i\u0161skalbkite skalbimo ma\u0161inoje, kad pagalv\u0117 atrodyt\u0173 kaip nauja.<\/li>\n<li><strong>Dydis:<\/strong> 45 cm (I 45 x P 20 x A 50 | 0 sag\u0173), 60 cm (I 60 x P 20 x A 50 | 0 sag\u0173), 80 cm (I 80 x P 20 x A 50 | 2 sagos), 100 cm (I 100 x P 20 x A 50 | 3 sagos), 120 cm (I 120 x P 20 x A 50 | 4 sagos), 140 cm (I 140 x P 20 x A 50 | 4 sagos), 160 cm (I 160 x P 20 x A 50 | 5 sagos), 180 cm (I 180 x P 20 x A 50 | 6 sagos), 200 cm (I 200 x P 20 x A 50 | 7 sagos).<\/li>\n<\/ul>","protected":false},"featured_media":384,"comment_status":"open","ping_status":"closed","template":"","meta":[],"product_brand":[],"product_cat":[15],"product_tag":[66,60,214,206,213,163,112,143,120,212,211,65],"class_list":{"0":"post-404","1":"product","2":"type-product","3":"status-publish","4":"has-post-thumbnail","6":"product_cat-large-wedge-pillow","7":"product_tag-back-support-pillow","8":"product_tag-backrest-pillow","9":"product_tag-black-pillow","10":"product_tag-bumper-pillow","11":"product_tag-couch-bolster","12":"product_tag-leg-pillow","13":"product_tag-lumbar-support-pillow","14":"product_tag-multifunctional-pillow","15":"product_tag-velvet-pillow","16":"product_tag-waist-support-pillow","17":"product_tag-wedge-cushion","18":"product_tag-wedge-pillow","20":"first","21":"instock","22":"featured","23":"shipping-taxable","24":"purchasable","25":"product-type-variable"},"_links":{"self":[{"href":"https:\/\/www.largepillow.com\/lt\/wp-json\/wp\/v2\/product\/404","targetHints":{"allow":["GET"]}}],"collection":[{"href":"https:\/\/www.largepillow.com\/lt\/wp-json\/wp\/v2\/product"}],"about":[{"href":"https:\/\/www.largepillow.com\/lt\/wp-json\/wp\/v2\/types\/product"}],"replies":[{"embeddable":true,"href":"https:\/\/www.largepillow.com\/lt\/wp-json\/wp\/v2\/comments?post=404"}],"wp:featuredmedia":[{"embeddable":true,"href":"https:\/\/www.largepillow.com\/lt\/wp-json\/wp\/v2\/media\/384"}],"wp:attachment":[{"href":"https:\/\/www.largepillow.com\/lt\/wp-json\/wp\/v2\/media?parent=404"}],"wp:term":[{"taxonomy":"product_brand","embeddable":true,"href":"https:\/\/www.largepillow.com\/lt\/wp-json\/wp\/v2\/product_brand?post=404"},{"taxonomy":"product_cat","embeddable":true,"href":"https:\/\/www.largepillow.com\/lt\/wp-json\/wp\/v2\/product_cat?post=404"},{"taxonomy":"product_tag","embeddable":true,"href":"https:\/\/www.largepillow.com\/lt\/wp-json\/wp\/v2\/product_tag?post=404"}],"curies":[{"name":"wp","href":"https:\/\/api.w.org\/{rel}","templated":true}]}}