{"id":4147,"date":"2024-09-12T01:06:17","date_gmt":"2024-09-12T01:06:17","guid":{"rendered":"https:\/\/www.largepillow.com\/product\/anxiety-relief-dog-cat-bed-for-smallmedium-pets-cozy-washable"},"modified":"2025-01-30T21:58:42","modified_gmt":"2025-01-30T21:58:42","slug":"jaukus-ir-plaunamas-guolis-sunims-ir-katems-skirtas-maziems-ir-vidutinio-dydzio-augintiniams-malsina-nerima","status":"publish","type":"product","link":"https:\/\/www.largepillow.com\/lt\/product\/anxiety-relief-dog-cat-bed-for-smallmedium-pets-cozy-washable\/","title":{"rendered":"Nerim\u0105 mal\u0161inantis \u0161un\u0173 ir ka\u010di\u0173 guolis ma\u017eiems \/ vidutiniams augintiniams \u2013 jaukus, plaunamas"},"content":{"rendered":"<p>Ie\u0161kote jaukaus ir patogaus guolio savo p\u016bkuotam draugui? \u0160is raminantis apkabinimo lizdas gali b\u016bti b\u016btent tai, ko jums reikia! Ank\u0161ties forma puikiai tinka augintiniams, kurie m\u0117gsta susisukti ir jaustis apsupti, o itin mink\u0161tas u\u017epildas suteikia \u0161ilt\u0105 ir patogi\u0105 viet\u0105 jiems pails\u0117ti.<\/p>\n<p>\u0160is nerim\u0105 ma\u017einantis augintini\u0173 guolis sukurtas tam, kad j\u016bs\u0173 augintinis jaust\u0173si saugiai ir u\u017etikrintai. Pakeltas kra\u0161tas suteikia atram\u0105 galvai ir kaklui, o tai gali skatinti gilesn\u012f mieg\u0105. Nesvarbu, ar j\u016bs\u0173 augintinis yra kat\u0117, ar ma\u017eas \u0161uo, \u0161is glaustukas \u0161uniui yra saugi ir jauki vieta jam nusn\u016bsti.<\/p>\n<p>\u0160uns guolis pagamintas i\u0161 mink\u0161to ir netoksi\u0161ko audinio, o u\u017epildytas mink\u0161tu poliesterio pluo\u0161tu (PP medvilne), kuris i\u0161laiko savo form\u0105 ir suteikia \u0161ilt\u0105 bei jauk\u0173 poj\u016bt\u012f. \u0160i med\u017eiaga puikiai tinka \u0161uniuko odai ir gali pad\u0117ti j\u016bs\u0173 augintiniui patogiai i\u0161simiegoti. Be to, ji yra pakankamai patvari, kad ilg\u0105 laik\u0105 i\u0161laikyt\u0173 savo pradin\u0119 form\u0105.<\/p>\n<p>Neslystantis dugnas u\u017etikrina, kad raminantis apkabinimo lizdelis likt\u0173 savo vietoje, tod\u0117l j\u016bs\u0173 augintinis gali saugiai \u017eaisti ir ils\u0117tis. \u0160i savyb\u0117 ypa\u010d svarbi aktyviems augintiniams, kurie m\u0117gsta jud\u0117ti ir \u0161okin\u0117ti ant kat\u0117s guolio bei nuo jo. O kai ateina laikas susitvarkyti, nerim\u0105 ma\u017einant\u012f kat\u0117s guol\u012f galite tiesiog \u012fmesti \u012f skalbimo ma\u0161in\u0105, kad b\u016bt\u0173 lengva pri\u017ei\u016br\u0117ti.<\/p>\n<p>\u0160is jaukus \u0161uniuk\u0173 guolis tinka augintiniams iki 9 kg ir idealiai tinka naudoti tiek viduje, tiek lauke. Atkreipkite d\u0117mes\u012f, kad guolis transportavimo metu gali b\u016bti vakuumi\u0161kai u\u017esandarintas, tod\u0117l prie\u0161 naudojim\u0105 j\u012f gali tekti \u0161iek tiek supurenti. D\u0117l patogaus ir saugaus dizaino \u0161is augintini\u0173 guolis tikrai taps nauja m\u0117gstamiausia j\u016bs\u0173 augintinio vieta atsipalaiduoti ir nusn\u016bsti!<\/p>","protected":false},"excerpt":{"rendered":"<ul>\n<li><strong>Dizaino ypatyb\u0117s<\/strong>Raminantys \u0161un\u0173 guoliai yra jaukios ank\u0161ties formos su itin mink\u0161tu u\u017epildu, kuris apgaubia j\u016bs\u0173 augintinius ir skatina saugumo jausm\u0105. \u0160is nerim\u0105 ma\u017einantis augintini\u0173 guolis yra saugi ir patogi vieta j\u016bs\u0173 katei ar ma\u017eam \u0161uniui nusn\u016bsti. Pakeltas kra\u0161tas suteikia galvos ir kaklo atram\u0105, o tai gali pad\u0117ti giliau miegoti. Tai ypa\u010d svarbu \u0161unims ir kat\u0117ms, nes atpalaiduojantis j\u0173 k\u016bnas gali pad\u0117ti suma\u017einti nerim\u0105 ir stres\u0105.<\/li>\n<li><strong>Auk\u0161tos kokyb\u0117s med\u017eiaga<\/strong>M\u016bs\u0173 jaukus ma\u017eo \u0161uns guolis pagamintas i\u0161 mink\u0161to, patogaus ir odai draugi\u0161ko audinio. Jis pripildytas mink\u0161to poliesterio pluo\u0161to (PP) medviln\u0117s, kuri palaiko j\u016bs\u0173 augintinio \u0161ilum\u0105 ir komfort\u0105. \u0160i med\u017eiaga puikiai tinka j\u016bs\u0173 \u0161uniuko odai ir gali pad\u0117ti j\u016bs\u0173 augintiniams patogiai miegoti. Jis turi nuimam\u0105 ir skalbiam\u0105 u\u017evalkal\u0105, tod\u0117l j\u012f lengva valyti ir pri\u017ei\u016br\u0117ti. \u0160uns glaustyni\u0173 guolio konstrukcija sukurta taip, kad i\u0161laikyt\u0173 savo form\u0105, u\u017etikrindama j\u016bs\u0173 augintinio komfort\u0105 laikui b\u0117gant.<\/li>\n<li><strong>Neslystantis dugnas<\/strong>M\u016bs\u0173 raminantis ka\u010di\u0173 guolis yra ank\u0161ties formos, skirtas vidutinio ir ma\u017eo dyd\u017eio \u0161unims, su neslystan\u010diu dugnu ir mink\u0161tu, kv\u0117puojan\u010diu \u0161uniuk\u0173 guoliu, kuris yra patvarus ir raminantis. Neslystantis puraus \u0161un\u0173 guolio dugno dizainas u\u017etikrina geresn\u012f stabilum\u0105, tod\u0117l j\u016bs\u0173 \u0161uo gali saugiai \u017eaisti ir ils\u0117tis raminan\u010diame \u0161un\u0173 guolyje.<\/li>\n<li><strong>Optimizuokite savo gyvenam\u0105j\u0105 erdv\u0119<\/strong>D\u0117l kompakti\u0161ko dyd\u017eio j\u012f galima pastatyti bet kuriame kambaryje, \u012fskaitant ma\u017eas erdves, tokias kaip kampai ir lovos, ir jis ypa\u010d tinka augintiniams, kurie m\u0117gsta susisukti. Nesvarbu, ar gyvenate ma\u017eame bute, ar erdviame name, \u0161is kat\u0117ms skirtas guolis suteiks j\u016bs\u0173 augintiniui komfort\u0105 ir saugum\u0105, kartu optimizuodamas j\u016bs\u0173 gyvenam\u0105j\u0105 erdv\u0119.<\/li>\n<li><strong>MA\u017dI PATARIMAI<\/strong>Nerim\u0105 mal\u0161inan\u010dio kat\u0117s guolio dydis yra 76 * 46 * 32 cm, \u0161is \u0161uns guolis puikiai tinka ma\u017eiems vidutinio dyd\u017eio \u0161unims ir kat\u0117ms iki 20 svar\u0173 (9 kg). Jis idealiai tinka naudoti tiek viduje, tiek lauke. Augintinio guolis transportavimo metu bus vakuumi\u0161kai u\u017esandarintas. Atidar\u0119 pakuot\u0119, paglostykite, pakratykite ir palikite 1\u20132 dienoms, kad gavus raminant\u012f \u0161uns guol\u012f, jis v\u0117l atgaut\u0173 purum\u0105.<\/li>\n<\/ul>","protected":false},"featured_media":4131,"comment_status":"open","ping_status":"closed","template":"","meta":[],"product_brand":[],"product_cat":[227],"product_tag":[],"class_list":{"0":"post-4147","1":"product","2":"type-product","3":"status-publish","4":"has-post-thumbnail","6":"product_cat-pet-supplies","8":"first","9":"instock","10":"shipping-taxable","11":"purchasable","12":"product-type-simple"},"_links":{"self":[{"href":"https:\/\/www.largepillow.com\/lt\/wp-json\/wp\/v2\/product\/4147","targetHints":{"allow":["GET"]}}],"collection":[{"href":"https:\/\/www.largepillow.com\/lt\/wp-json\/wp\/v2\/product"}],"about":[{"href":"https:\/\/www.largepillow.com\/lt\/wp-json\/wp\/v2\/types\/product"}],"replies":[{"embeddable":true,"href":"https:\/\/www.largepillow.com\/lt\/wp-json\/wp\/v2\/comments?post=4147"}],"wp:featuredmedia":[{"embeddable":true,"href":"https:\/\/www.largepillow.com\/lt\/wp-json\/wp\/v2\/media\/4131"}],"wp:attachment":[{"href":"https:\/\/www.largepillow.com\/lt\/wp-json\/wp\/v2\/media?parent=4147"}],"wp:term":[{"taxonomy":"product_brand","embeddable":true,"href":"https:\/\/www.largepillow.com\/lt\/wp-json\/wp\/v2\/product_brand?post=4147"},{"taxonomy":"product_cat","embeddable":true,"href":"https:\/\/www.largepillow.com\/lt\/wp-json\/wp\/v2\/product_cat?post=4147"},{"taxonomy":"product_tag","embeddable":true,"href":"https:\/\/www.largepillow.com\/lt\/wp-json\/wp\/v2\/product_tag?post=4147"}],"curies":[{"name":"wp","href":"https:\/\/api.w.org\/{rel}","templated":true}]}}