{"id":4160,"date":"2024-09-12T03:12:48","date_gmt":"2024-09-12T03:12:48","guid":{"rendered":"https:\/\/www.largepillow.com\/product\/headboard-pillow-white-plush-large-wedge-reading-pillow"},"modified":"2025-08-27T10:53:28","modified_gmt":"2025-08-27T10:53:28","slug":"headboard-pillow-white-plush-large-wedge-reading-pillow","status":"publish","type":"product","link":"https:\/\/www.largepillow.com\/lt\/product\/headboard-pillow-white-plush-large-wedge-reading-pillow","title":{"rendered":"Galv\u016bgalio pagalv\u0117l\u0117, balta, pliu\u0161in\u0117, didel\u0117 plei\u0161to formos skaitymo pagalv\u0117"},"content":{"rendered":"","protected":false},"excerpt":{"rendered":"<ul>\n<li><strong>DAUGIAFUNKCIONALUMAS:<\/strong> M\u016bs\u0173 plei\u0161to formos lovos pagalv\u0117 yra daugiau nei tik galv\u016bgalio pagalv\u0117 \u2013 ji tinka \u012fvairiems tikslams ir gali b\u016bti naudojama kaip ideali pagalbin\u0117 priemon\u0117 nugarai palaikyti, kojoms pakelti, skaityti, \u017ei\u016br\u0117ti televizori\u0173 ir daugelyje kit\u0173 poz\u0173, kad patenkint\u0173 \u012fvairius j\u016bs\u0173 poreikius.<\/li>\n<li><strong>ERGONOMI\u0160KAS DIZAINAS:<\/strong> Intymi prie\u017ei\u016bra, ergonomi\u0161kas i\u0161radingumas. Suteiks Jums patogiausi\u0105 atram\u0105, suma\u017eins spaudim\u0105 kaklo ir juosmens slanksteliams, m\u0117gausis kiekviena komforto ir jaukumo akimirka.<\/li>\n<li><strong>PATOGUMAS:<\/strong> Didel\u0117 trikamp\u0117 plei\u0161to formos pagalv\u0117 pagaminta i\u0161 auk\u0161tos kokyb\u0117s med\u017eiag\u0173 ir subtilios apdorojimo technologijos, kad b\u016bt\u0173 u\u017etikrintas plei\u0161to formos galvos atramos pagalv\u0117s mink\u0161tumas ir komfortas, jog gal\u0117tum\u0117te m\u0117gautis intymiu prigludimu, \u0161iltu ir patogiu jausmu.<\/li>\n<li><strong>MED\u017dIAGA:<\/strong> Dienos lovos atlo\u0161o pagalv\u0117l\u0117s pagamintos i\u0161 auk\u0161tos kokyb\u0117s audini\u0173, kurie yra mink\u0161ti ir malon\u016bs odai, nesiglam\u017eantys ir atspar\u016bs dilimui, tod\u0117l yra patog\u016bs liesti ir puikiai kv\u0117puoja, tod\u0117l jau\u010diat\u0117s sausi ir patogiai.<\/li>\n<li><strong>LENGVA VALYTI:<\/strong> Plei\u0161to formos lovos pagalv\u0117 turi nuimam\u0105 ir skalbiam\u0105 u\u017evalkal\u0105, kad b\u016bt\u0173 lengva pri\u017ei\u016br\u0117ti, tod\u0117l visada tur\u0117site gaivi\u0105 ir tvarking\u0105 poilsio aplink\u0105.<\/li>\n<li><strong>Dydis:<\/strong> 60cm (60*20*50cm),80cm (80*20*50cm),100cm (100*20*50cm),120cm (120*20*50cm),140cm (140*20*50cm),160cm (160*20*50cm),180cm (180*20*50cm),200cm (200*20*50cm)<\/li>\n<\/ul>","protected":false},"featured_media":4148,"comment_status":"open","ping_status":"closed","template":"","meta":[],"product_brand":[],"product_cat":[15],"product_tag":[],"class_list":{"0":"post-4160","1":"product","2":"type-product","3":"status-publish","4":"has-post-thumbnail","6":"product_cat-large-wedge-pillow","8":"first","9":"instock","10":"shipping-taxable","11":"purchasable","12":"product-type-variable","13":"has-default-attributes"},"_links":{"self":[{"href":"https:\/\/www.largepillow.com\/lt\/wp-json\/wp\/v2\/product\/4160","targetHints":{"allow":["GET"]}}],"collection":[{"href":"https:\/\/www.largepillow.com\/lt\/wp-json\/wp\/v2\/product"}],"about":[{"href":"https:\/\/www.largepillow.com\/lt\/wp-json\/wp\/v2\/types\/product"}],"replies":[{"embeddable":true,"href":"https:\/\/www.largepillow.com\/lt\/wp-json\/wp\/v2\/comments?post=4160"}],"wp:featuredmedia":[{"embeddable":true,"href":"https:\/\/www.largepillow.com\/lt\/wp-json\/wp\/v2\/media\/4148"}],"wp:attachment":[{"href":"https:\/\/www.largepillow.com\/lt\/wp-json\/wp\/v2\/media?parent=4160"}],"wp:term":[{"taxonomy":"product_brand","embeddable":true,"href":"https:\/\/www.largepillow.com\/lt\/wp-json\/wp\/v2\/product_brand?post=4160"},{"taxonomy":"product_cat","embeddable":true,"href":"https:\/\/www.largepillow.com\/lt\/wp-json\/wp\/v2\/product_cat?post=4160"},{"taxonomy":"product_tag","embeddable":true,"href":"https:\/\/www.largepillow.com\/lt\/wp-json\/wp\/v2\/product_tag?post=4160"}],"curies":[{"name":"wp","href":"https:\/\/api.w.org\/{rel}","templated":true}]}}