{"id":4197,"date":"2024-09-12T04:05:24","date_gmt":"2024-09-12T04:05:24","guid":{"rendered":"https:\/\/www.largepillow.com\/product\/large-bed-wedge-pillow-backrest-support-with-side-pocket"},"modified":"2026-03-05T19:55:59","modified_gmt":"2026-03-05T19:55:59","slug":"didele-lovos-pleisto-formos-pagalve-atlosui-su-sonine-kisene","status":"publish","type":"product","link":"https:\/\/www.largepillow.com\/lt\/product\/large-bed-wedge-pillow-backrest-support-with-side-pocket","title":{"rendered":"Didel\u0117s lovos plei\u0161to formos pagalv\u0117s atlo\u0161o atrama su \u0161onine ki\u0161ene"},"content":{"rendered":"","protected":false},"excerpt":{"rendered":"<ul>\n<li><strong>Auk\u0161tos kokyb\u0117s meistri\u0161kumas:<\/strong> Kad nugaros pagalv\u0117l\u0117s atrodyt\u0173 tobuliau ir harmoningiau, dizainer\u0117 parinko dekoratyvin\u0119 sag\u0105 tokios pat spalvos kaip ir pagalv\u0117l\u0117s u\u017evalkalas. Pagalv\u0117l\u0117s u\u017evalkalas lygus ir patvarus, o plei\u0161to formos pagalv\u0117l\u0117 mink\u0161ta ir elastinga. Apa\u010dioje yra u\u017etrauktukas, o u\u017epildas medvilninis, supakuotas \u012f pamink\u0161tinimo sluoksn\u012f. PP medviln\u0117s kiek\u012f galima prid\u0117ti arba suma\u017einti pagal savo nuovok\u0105 naudojimo metu.<\/li>\n<li><strong>Med\u017eiaga:<\/strong> Ra\u0161tuotas plei\u0161to formos pagalv\u0117s u\u017evalkalas, pagamintas i\u0161 100% medviln\u0117s. U\u017epildas pagamintas i\u0161 poliesterio pluo\u0161to (PP medviln\u0117s). \u0160velnus liesti, da\u017eytas aplinkai nekenksmingu b\u016bdu, nesip\u016bkuoja, neblunka. Subtil\u016bs ra\u0161tai geriau papuo\u0161ia vidaus aplink\u0105.<\/li>\n<li><strong>Funkcija:<\/strong>\u00a0M\u016bs\u0173 funkcionalios atramin\u0117s pagalv\u0117l\u0117s gali paremti j\u016bs\u0173 nugar\u0105 dirbant ar skaitant, kad nejustum\u0117te toki\u0173 nuovargi\u0173. Tiesiog parsine\u0161kite jas namo, ir j\u016bs\u0173 \u012fprastos sofos bei lovos taps rafinuotesn\u0117s. Be to, m\u016bs\u0173 ra\u0161tuotas pliu\u0161inis galv\u016bgalio pagalv\u0117l\u0117 gali suteikti gaivumo ir stilingos i\u0161vaizdos vidaus svetain\u0117s balkonams ir lauko sodo k\u0117d\u0117ms. Mobiliuosius telefonus ar kitus kasdienius daiktus galima laikyti pagalv\u0117li\u0173 \u0161onin\u0117se ki\u0161en\u0117se.<\/li>\n<li><strong>Dydis:<\/strong> 60 cm (60 * 20 * 50 cm), 140 cm (140 * 20 * 50 cm), 180 cm (180 * 20 * 50 cm)<\/li>\n<li>Atkreipkite d\u0117mes\u012f, kad sagos n\u0117ra nuimamos ir yra tvirtai prisi\u016btos prie pagalv\u0117l\u0117s \u0161erdies. Po kiekviena saga yra skylut\u0117, kuri s\u0105moningai palikta, kad b\u016bt\u0173 lengviau nuimti pagalv\u0117l\u0117s u\u017evalkal\u0105.<\/li>\n<\/ul>","protected":false},"featured_media":4186,"comment_status":"open","ping_status":"closed","template":"","meta":[],"product_brand":[],"product_cat":[15],"product_tag":[],"class_list":{"0":"post-4197","1":"product","2":"type-product","3":"status-publish","4":"has-post-thumbnail","6":"product_cat-large-wedge-pillow","8":"first","9":"instock","10":"shipping-taxable","11":"purchasable","12":"product-type-variable","13":"has-default-attributes"},"_links":{"self":[{"href":"https:\/\/www.largepillow.com\/lt\/wp-json\/wp\/v2\/product\/4197","targetHints":{"allow":["GET"]}}],"collection":[{"href":"https:\/\/www.largepillow.com\/lt\/wp-json\/wp\/v2\/product"}],"about":[{"href":"https:\/\/www.largepillow.com\/lt\/wp-json\/wp\/v2\/types\/product"}],"replies":[{"embeddable":true,"href":"https:\/\/www.largepillow.com\/lt\/wp-json\/wp\/v2\/comments?post=4197"}],"wp:featuredmedia":[{"embeddable":true,"href":"https:\/\/www.largepillow.com\/lt\/wp-json\/wp\/v2\/media\/4186"}],"wp:attachment":[{"href":"https:\/\/www.largepillow.com\/lt\/wp-json\/wp\/v2\/media?parent=4197"}],"wp:term":[{"taxonomy":"product_brand","embeddable":true,"href":"https:\/\/www.largepillow.com\/lt\/wp-json\/wp\/v2\/product_brand?post=4197"},{"taxonomy":"product_cat","embeddable":true,"href":"https:\/\/www.largepillow.com\/lt\/wp-json\/wp\/v2\/product_cat?post=4197"},{"taxonomy":"product_tag","embeddable":true,"href":"https:\/\/www.largepillow.com\/lt\/wp-json\/wp\/v2\/product_tag?post=4197"}],"curies":[{"name":"wp","href":"https:\/\/api.w.org\/{rel}","templated":true}]}}