{"id":4212,"date":"2024-09-13T00:40:09","date_gmt":"2024-09-13T00:40:09","guid":{"rendered":"https:\/\/www.largepillow.com\/product\/space-themed-backrest-cushion-for-kids-headboard-pillow-moon"},"modified":"2024-10-03T16:31:23","modified_gmt":"2024-10-03T16:31:23","slug":"kosmoso-tematikos-atloso-pagalvele-vaikams-galvugalio-pagalve-menuliui","status":"publish","type":"product","link":"https:\/\/www.largepillow.com\/lt\/product\/space-themed-backrest-cushion-for-kids-headboard-pillow-moon","title":{"rendered":"Vaiki\u0161ka atlo\u0161o pagalv\u0117l\u0117 su kosmoso tematika \u2013 galv\u016bgalio pagalv\u0117 (m\u0117nulis)"},"content":{"rendered":"[zc_getpagecontent mb=&#8221;mb_aplus&#8221; apid=&#8221;90&#8243;]\n","protected":false},"excerpt":{"rendered":"<ul>\n<li><strong>Produkto dydis:<\/strong>\u00a0Si\u016blome 3 r\u016b\u0161i\u0173 planetos formos nugaros atramos pagalves: \u017dem\u0117s, M\u0117nulio ir Jupiterio, kuri\u0173 matmenys yra ma\u017edaug 39 x 19,6 colio. Galite pasirinkti m\u0117gstamiausi\u0173 pagalvi\u0173 i\u0161vaizd\u0105 pagal savo nuotaik\u0105; sukurkite svajing\u0105 ir i\u0161rading\u0105 miegam\u0105j\u012f su \u0161ia \u017eavinga planetos formos pagalve, skirta \u012fkv\u0117pti j\u016bs\u0173 ma\u017eylio svajones apie kosmoso tyrin\u0117jimus.<\/li>\n<li><strong>Mink\u0161tas ir patogus:<\/strong>\u00a0\u201ePlanet\u201c skaitymo pagalv\u0117 pagaminta i\u0161 trumpo, mink\u0161to ir patogaus, pliu\u0161inio audinio, pasi\u017eymin\u010dio lygia, \u0161ilta ir jaukia tekst\u016bra; vidin\u0117 med\u017eiaga yra PP medviln\u0117, mink\u0161ta ir suteikianti atram\u0105, j\u0105 galima pad\u0117ti ant lovos ar sofos, ji suteikia pakankamai atramos nugarai, taip pat pagerina laikysen\u0105 ir mal\u0161ina mechaninius nugaros skausmus.<\/li>\n<li><strong>Ry\u0161kus ir tikrovi\u0161kas dizainas:<\/strong>\u00a0M\u016bs\u0173 planet\u0173 galv\u016bgalio pagalv\u0117l\u0117 yra i\u0161 dviej\u0173 pusi\u0173 atspausdinta nuostabia Kosmoso visatos galaktikos planetos tema. Vaikai gali mokytis apie kiekvien\u0105 planet\u0105 su tekst\u016bruotomis detal\u0117mis ir palyginti j\u0173 dyd\u017eius, ils\u0117damiesi ant mink\u0161t\u0173 pagalv\u0117li\u0173, puikiai tinkan\u010di\u0173 vaizduot\u0117s \u017eaidimui. \u0160ios \u0161aunios kosmoso galaktikos dekoracijos suteiks j\u016bs\u0173 galaktikos nam\u0173 dekorui \u0161iek tiek galaktin\u0117s atmosferos. Sukurkite unikali\u0105 astronaut\u0173 planetos dekoravimo miegam\u0105j\u012f berniukams ir mergait\u0117ms.<\/li>\n<li><strong>Universalus naudojimas:<\/strong>\u00a03D modeliuojamos planetos atlo\u0161o pagalv\u0117s su ry\u0161kiu dvipusiu spausdinimo ra\u0161tu gali b\u016bti naudojamos ne tik kaip i\u0161skirtinis nam\u0173 dekoro elementas ant grind\u0173, miegamojo, sofos, svetain\u0117s ir bald\u0173, bet ir kaip \u012fdomi apkabinimo pagalv\u0117 j\u016bs\u0173 \u0161eimai, pagerinanti daugelio viet\u0173 i\u0161vaizd\u0105.<\/li>\n<li><strong>Pasl\u0117pto u\u017etrauktuko dizainas:<\/strong>\u00a0Kiekvienas \u201ePlanet\u201c stiliaus pagalv\u0117s u\u017evalkalas turi pasl\u0117pt\u0105 u\u017etrauktuk\u0105, tod\u0117l atrodo vientisai ir subtiliai; Be to, pagalvi\u0173 i\u0161\u0117mimas ir \u012fd\u0117jimas valymui ar keitimui yra labai paprastas, tai ypatinga stebuklinga gimtadienio kal\u0117din\u0117 dovana berniukams ir mergait\u0117ms.<\/li>\n<\/ul>","protected":false},"featured_media":4204,"comment_status":"open","ping_status":"closed","template":"","meta":[],"product_brand":[],"product_cat":[228],"product_tag":[],"class_list":{"0":"post-4212","1":"product","2":"type-product","3":"status-publish","4":"has-post-thumbnail","6":"product_cat-cushions","8":"first","9":"instock","10":"shipping-taxable","11":"purchasable","12":"product-type-simple"},"_links":{"self":[{"href":"https:\/\/www.largepillow.com\/lt\/wp-json\/wp\/v2\/product\/4212","targetHints":{"allow":["GET"]}}],"collection":[{"href":"https:\/\/www.largepillow.com\/lt\/wp-json\/wp\/v2\/product"}],"about":[{"href":"https:\/\/www.largepillow.com\/lt\/wp-json\/wp\/v2\/types\/product"}],"replies":[{"embeddable":true,"href":"https:\/\/www.largepillow.com\/lt\/wp-json\/wp\/v2\/comments?post=4212"}],"wp:featuredmedia":[{"embeddable":true,"href":"https:\/\/www.largepillow.com\/lt\/wp-json\/wp\/v2\/media\/4204"}],"wp:attachment":[{"href":"https:\/\/www.largepillow.com\/lt\/wp-json\/wp\/v2\/media?parent=4212"}],"wp:term":[{"taxonomy":"product_brand","embeddable":true,"href":"https:\/\/www.largepillow.com\/lt\/wp-json\/wp\/v2\/product_brand?post=4212"},{"taxonomy":"product_cat","embeddable":true,"href":"https:\/\/www.largepillow.com\/lt\/wp-json\/wp\/v2\/product_cat?post=4212"},{"taxonomy":"product_tag","embeddable":true,"href":"https:\/\/www.largepillow.com\/lt\/wp-json\/wp\/v2\/product_tag?post=4212"}],"curies":[{"name":"wp","href":"https:\/\/api.w.org\/{rel}","templated":true}]}}