{"id":4260,"date":"2024-09-13T02:12:22","date_gmt":"2024-09-13T02:12:22","guid":{"rendered":"https:\/\/www.largepillow.com\/product\/v-shaped-side-sleeper-pillow-for-shoulder-and-leg-relief"},"modified":"2025-01-23T19:06:54","modified_gmt":"2025-01-23T19:06:54","slug":"v-formos-pagalve-miegui-ant-sono-skirta-peciu-ir-koju-atramai","status":"publish","type":"product","link":"https:\/\/www.largepillow.com\/lt\/product\/v-shaped-side-sleeper-pillow-for-shoulder-and-leg-relief","title":{"rendered":"V formos pagalv\u0117 miegui ant \u0161ono pe\u010di\u0173 ir koj\u0173 palengvinimui"},"content":{"rendered":"<p>Pristatome m\u016bs\u0173 V formos pagalv\u0119 miegui ant \u0161ono \u2013 tobul\u0105 sprendim\u0105 patogesniam ir ramesniam miegui! \u0160i pagalv\u0117, specialiai sukurta siekiant suma\u017einti spaudim\u0105 pe\u010diams ir kojoms, pasi\u017eymi unikalia V forma, kuri suteikia optimali\u0105 atram\u0105 miegantiems ant \u0161ono. Pamink\u0161tinti nuolyd\u017eiai abiejose pagalv\u0117s pus\u0117se padeda suma\u017einti spaudim\u0105 rankoms ir kojoms, o auk\u0161\u010diausias ta\u0161kas vir\u0161uje pakelia ir palaiko pe\u010dius.<\/p>\n<p>\u0160i pagalv\u0117 ne tik suteikia i\u0161skirtin\u0119 atram\u0105 pe\u010diams ir kojoms, bet ir puikiai tinka vir\u0161utin\u0117s k\u016bno dalies pak\u0117limui, siekiant suma\u017einti r\u016bg\u0161ties refliukso ir knarkimo simptomus.<\/p>\n<p>Pagamintas i\u0161 auk\u0161tos kokyb\u0117s 100% poliesterio aksomo, jis suteikia prabang\u0173 ir eleganti\u0161k\u0105 poj\u016bt\u012f, yra mink\u0161tas liesti. Be to, pagalv\u0117s u\u017evalkal\u0105 lengva skalbti skalbimo ma\u0161inoje, tod\u0117l j\u016bs\u0173 pagalv\u0117 i\u0161liks \u0161vari ir gaivi ilgalaikiam naudojimui.<\/p>\n<p>Patirkite ramesn\u012f ir gaivesn\u012f mieg\u0105 su m\u016bs\u0173 V formos pagalve miegui ant \u0161ono \u2013 puikus pasirinkimas miegantiems ant \u0161ono ir visiems, ie\u0161kantiems geresn\u0117s miego kokyb\u0117s!<\/p>","protected":false},"excerpt":{"rendered":"<ul>\n<li><strong>Pe\u010di\u0173 ir koj\u0173 atpalaidavimas:<\/strong> V formos pagalv\u0117 miegui ant \u0161ono yra specialiai sukurta taip, kad suteikt\u0173 atram\u0105 pe\u010diams ir kojoms. Auk\u0161\u010diausias jos ta\u0161kas yra vir\u0161uje, kad pakelt\u0173 ir paremt\u0173 pe\u010dius, o pamink\u0161tinti nuolyd\u017eiai abiejose pagalv\u0117s pus\u0117se padeda suma\u017einti spaudim\u0105 rankoms ir kojoms.<\/li>\n<li><strong>Lovos plei\u0161to formos pagalv\u0117:<\/strong> Tai gali pad\u0117ti pakelti vir\u0161utin\u0119 k\u016bno dal\u012f, o tai gali suma\u017einti r\u016bg\u0161ties refliukso ir knarkimo simptomus. \u0160i pasvirusi pad\u0117tis taip pat gali pagerinti kraujotak\u0105 ir suma\u017einti spaudim\u0105 apatinei nugaros daliai. Be to, pagalv\u0117s V formos dizainas suteikia atram\u0105 ir komfort\u0105 pe\u010diams ir kaklui.<\/li>\n<li><strong>Patirkite ram\u0173 mieg\u0105:<\/strong> M\u016bs\u0173 V formos pagalv\u0117 miegui ant \u0161ono yra ypa\u010d naudinga miegantiems ant \u0161ono, nes ji suteikia tinkam\u0105 atram\u0105 kaklui, pe\u010diams ir kojoms. M\u016bs\u0173 pagalv\u0117 miegui ant \u0161ono gali pad\u0117ti jums pasiekti geresn\u0119 miego kokyb\u0119.<\/li>\n<li><strong>Auk\u0161\u010diausios kokyb\u0117s:<\/strong> M\u016bs\u0173 pagalv\u0117s u\u017evalkalas miegui ant \u0161ono yra pagamintas i\u0161 100% poliesterio aksomo, kuris suteikia prabangos ir elegancijos poj\u016bt\u012f bei yra mink\u0161tas liesti. \u0160i med\u017eiaga pasi\u017eymi i\u0161skirtiniu komfortu ir jaukumu, tod\u0117l tai puikus pasirinkimas ramiam ir atgaivinan\u010diam nakties miegui.<\/li>\n<li><strong>Galima skalbti skalbimo ma\u0161inoje:<\/strong> Pagalv\u0117s aksominis u\u017evalkalas lengvai nuimamas ir skalbiamas skalbimo ma\u0161inoje, kad b\u016bt\u0173 patogu valyti, tod\u0117l pagalv\u0117 i\u0161liks higieni\u0161ka ir toliau bus naudojama.<\/li>\n<\/ul>","protected":false},"featured_media":4251,"comment_status":"open","ping_status":"closed","template":"","meta":[],"product_brand":[],"product_cat":[228],"product_tag":[],"class_list":{"0":"post-4260","1":"product","2":"type-product","3":"status-publish","4":"has-post-thumbnail","6":"product_cat-cushions","8":"first","9":"instock","10":"shipping-taxable","11":"purchasable","12":"product-type-simple"},"_links":{"self":[{"href":"https:\/\/www.largepillow.com\/lt\/wp-json\/wp\/v2\/product\/4260","targetHints":{"allow":["GET"]}}],"collection":[{"href":"https:\/\/www.largepillow.com\/lt\/wp-json\/wp\/v2\/product"}],"about":[{"href":"https:\/\/www.largepillow.com\/lt\/wp-json\/wp\/v2\/types\/product"}],"replies":[{"embeddable":true,"href":"https:\/\/www.largepillow.com\/lt\/wp-json\/wp\/v2\/comments?post=4260"}],"wp:featuredmedia":[{"embeddable":true,"href":"https:\/\/www.largepillow.com\/lt\/wp-json\/wp\/v2\/media\/4251"}],"wp:attachment":[{"href":"https:\/\/www.largepillow.com\/lt\/wp-json\/wp\/v2\/media?parent=4260"}],"wp:term":[{"taxonomy":"product_brand","embeddable":true,"href":"https:\/\/www.largepillow.com\/lt\/wp-json\/wp\/v2\/product_brand?post=4260"},{"taxonomy":"product_cat","embeddable":true,"href":"https:\/\/www.largepillow.com\/lt\/wp-json\/wp\/v2\/product_cat?post=4260"},{"taxonomy":"product_tag","embeddable":true,"href":"https:\/\/www.largepillow.com\/lt\/wp-json\/wp\/v2\/product_tag?post=4260"}],"curies":[{"name":"wp","href":"https:\/\/api.w.org\/{rel}","templated":true}]}}