{"id":4340,"date":"2024-09-13T03:20:32","date_gmt":"2024-09-13T03:20:32","guid":{"rendered":"https:\/\/www.largepillow.com\/product\/large-headboard-reading-pillow-bolster-body-pillow-blue"},"modified":"2024-10-03T16:31:33","modified_gmt":"2024-10-03T16:31:33","slug":"didele-skaitymo-pagalve-su-paminkstinimu-kunui-melyna","status":"publish","type":"product","link":"https:\/\/www.largepillow.com\/lt\/product\/large-headboard-reading-pillow-bolster-body-pillow-blue","title":{"rendered":"Didel\u0117 galv\u016bgalio pagalv\u0117 skaitymui, k\u016bno pamink\u0161tinimo pagalv\u0117, m\u0117lyna"},"content":{"rendered":"[zc_getpagecontent mb=&#8221;mb_aplus&#8221; apid=&#8221;60&#8243;]\n","protected":false},"excerpt":{"rendered":"<ul>\n<li>Modernus dizainas: su dygsniuotomis sagomis ir dygsniuotomis detal\u0117mis, u\u017elenkti kra\u0161tai suteikia papildomo dekoratyvinio \u017eavesio. \u0160i didel\u0117 juosmens pagalv\u0117 su gausiu u\u017epildu suteikia papildomo komforto ir u\u017etikrina geriausi\u0105 atram\u0105 atsis\u0117dus ir atsipalaiduojant. Naudokite vien\u0105 kaip akcent\u0105 arba derinkite su kitomis standartin\u0117mis margintomis \/ vienspalv\u0117mis ar kitaip siuvin\u0117tomis pagalv\u0117l\u0117mis, kad sukurtum\u0117te darn\u0173 vaizd\u0105.<\/li>\n<li>Puiki nugaros atramos pagalv\u0117: \u0161i didel\u0117 dekoratyvin\u0117 pagalv\u0117 suteikia geresn\u0119 atram\u0105 nei \u012fprasto dyd\u017eio p\u016bkuotos dekoratyvin\u0117s pagalv\u0117s, buduaro pagalv\u0117s ar europieti\u0161ko stiliaus pagalv\u0117s ir yra tvirta, kad i\u0161likt\u0173 savo forma. \u0160i didel\u0117 galv\u016bgalio pagalv\u0117 su gausiu u\u017epildu suteikia papildomo komforto, o kartu su mink\u0161tu \u010diu\u017einiu u\u017etikrina geriausi\u0105 atram\u0105 atsilo\u0161iant ir atsipalaiduojant. \u0160i moderni didel\u0117 pagalv\u0117 nugarai taip pat i\u0161spr\u0119s problem\u0105, kai pagalv\u0117s slysta tarp \u010diu\u017einio ir galv\u016bgalio.<\/li>\n<li>Daugiafunkcis: \u0161i\u0105 didel\u0119 nugaros atramos pagalv\u0117l\u0119 galite naudoti kaip alternatyv\u0105 galv\u016bgaliui, sofos atlo\u0161ui arba pad\u0117kite j\u0105 ant suoliuko, kad tur\u0117tum\u0117te nauj\u0105 sof\u0105. \u0160i ilga lovos pagalv\u0117 taip pat gali b\u016bti naudojama kaip didel\u0117 k\u016bno pagalv\u0117, kad gerai i\u0161simiegotum\u0117te. \u0160i apmu\u0161ta lovos galv\u016bgalio pagalv\u0117 yra tokia nuostabi, i\u0161skirtin\u0117s kokyb\u0117s ir itin patogi atsiremti. Tuo pa\u010diu metu ji dera prie \u012fvairi\u0173 nam\u0173 dekoro stili\u0173, suteikdama miegamajam \u0161ilumos ir jaukumo poj\u016bt\u012f.<\/li>\n<li>I\u0161skirtinis meistri\u0161kumas: 100% poliesterio audinio ilga pagalv\u0117l\u0117 yra itin mink\u0161ta ir patogi j\u016bs\u0173 odai. Tradicin\u0117s pagalv\u0117l\u0117s laikui b\u0117gant linkusios sulinkti, ta\u010diau \u0161i skaitymo pagalv\u0117 pasi\u017eymi dygsniuotomis sagomis, kurios ne tik suteikia modern\u0173 stili\u0173, bet ir palaiko u\u017epildo ilgaam\u017ei\u0161kum\u0105. Lop\u0161in\u0117s si\u016bl\u0117s ir briaunuoti kra\u0161tai taip pat suteikia papildomo puo\u0161numo.<\/li>\n<li>Pagalvi\u0173 u\u017evalkal\u0173 prie\u017ei\u016bros instrukcijos: Pagalvi\u0173 u\u017evalkalai yra nuimami, neblunka ir nedilsta, lengvai pri\u017ei\u016brimi ir skalbiami skalbimo ma\u0161inoje d\u0117l dygsniuot\u0173 sag\u0173 dizaino ir nematomo u\u017etrauktuko.<\/li>\n<\/ul>","protected":false},"featured_media":4322,"comment_status":"open","ping_status":"closed","template":"","meta":[],"product_brand":[],"product_cat":[28],"product_tag":[],"class_list":{"0":"post-4340","1":"product","2":"type-product","3":"status-publish","4":"has-post-thumbnail","6":"product_cat-large-body-pillow","8":"first","9":"instock","10":"shipping-taxable","11":"purchasable","12":"product-type-variable","13":"has-default-attributes"},"_links":{"self":[{"href":"https:\/\/www.largepillow.com\/lt\/wp-json\/wp\/v2\/product\/4340","targetHints":{"allow":["GET"]}}],"collection":[{"href":"https:\/\/www.largepillow.com\/lt\/wp-json\/wp\/v2\/product"}],"about":[{"href":"https:\/\/www.largepillow.com\/lt\/wp-json\/wp\/v2\/types\/product"}],"replies":[{"embeddable":true,"href":"https:\/\/www.largepillow.com\/lt\/wp-json\/wp\/v2\/comments?post=4340"}],"wp:featuredmedia":[{"embeddable":true,"href":"https:\/\/www.largepillow.com\/lt\/wp-json\/wp\/v2\/media\/4322"}],"wp:attachment":[{"href":"https:\/\/www.largepillow.com\/lt\/wp-json\/wp\/v2\/media?parent=4340"}],"wp:term":[{"taxonomy":"product_brand","embeddable":true,"href":"https:\/\/www.largepillow.com\/lt\/wp-json\/wp\/v2\/product_brand?post=4340"},{"taxonomy":"product_cat","embeddable":true,"href":"https:\/\/www.largepillow.com\/lt\/wp-json\/wp\/v2\/product_cat?post=4340"},{"taxonomy":"product_tag","embeddable":true,"href":"https:\/\/www.largepillow.com\/lt\/wp-json\/wp\/v2\/product_tag?post=4340"}],"curies":[{"name":"wp","href":"https:\/\/api.w.org\/{rel}","templated":true}]}}