{"id":4493,"date":"2024-10-08T04:01:12","date_gmt":"2024-10-08T04:01:12","guid":{"rendered":"https:\/\/www.largepillow.com\/product\/portable-folding-sofa-bed-play-mat-space-saving-waterproof"},"modified":"2024-10-29T11:16:09","modified_gmt":"2024-10-29T11:16:09","slug":"nesiojama-sulankstoma-sofa-lova-zaidimu-kilimelis-taupantis-vieta-ir-atsparus-vandeniui","status":"publish","type":"product","link":"https:\/\/www.largepillow.com\/lt\/product\/portable-folding-sofa-bed-play-mat-space-saving-waterproof\/","title":{"rendered":"Ne\u0161iojama sulankstoma sofa-lova, \u017eaidim\u0173 kilim\u0117lis: taupanti viet\u0105 ir atspari vandeniui"},"content":{"rendered":"","protected":false},"excerpt":{"rendered":"<ul>\n<li><strong>Daugiafunkcis patogumas:<\/strong> \u0160i universali sulankstoma sofa-lova skland\u017eiai transformuojasi i\u0161 patogios grind\u0173 sofos \u012f dvigul\u012f \u010diu\u017ein\u012f ar net erdv\u0173 grind\u0173 \u017eaidim\u0173 kilim\u0117l\u012f. D\u0117l novatori\u0161ko dizaino ir ne\u0161iojamumo ji idealiai tinka apgyvendinti nakvyn\u0117s sve\u010dius, atsipalaiduoti per film\u0173 vakarus ar suteikti papildom\u0105 miegojimo viet\u0105 kelyje.<\/li>\n<li><strong>Auk\u0161\u010diausios kokyb\u0117s med\u017eiagos:<\/strong> Pagaminta i\u0161 auk\u0161\u010diausios kokyb\u0117s didelio tankio putplas\u010dio, \u0161i futono sofa-lova sukurta taip, kad laikui b\u0117gant i\u0161laikyt\u0173 savo form\u0105 ir tvirtum\u0105, u\u017etikrindama lyg\u0173 ir pastov\u0173 pavir\u0161i\u0173, kuris net ir po ilgo naudojimo atrodo kaip naujas. Vandeniui atsparus, lengvai valomas dirbtin\u0117s odos u\u017evalkalas suteikia prabangos ir i\u0161skirtinio patvarumo.<\/li>\n<li><strong>Kruop\u0161\u010diai apgalvotos detal\u0117s:<\/strong> Kiekvienas sulankstomos sofos-lovos aspektas sukurtas atsi\u017evelgiant \u012f j\u016bs\u0173 patogum\u0105 \u2013 nuo minimali\u0173 tarp\u0173, u\u017etikrinan\u010di\u0173 skland\u0173 mieg\u0105, iki patogi\u0173 dideli\u0173 poranki\u0173, idealiai tinkan\u010di\u0173 ramiam s\u0117d\u0117jimui. Rankena leid\u017eia lengvai transportuoti ir laikyti, o neslystantis dugnas u\u017etikrina stabilum\u0105 ir ramyb\u0119.<\/li>\n<li><strong>Universalus bet kokiam nustatymui:<\/strong> \u0160i lova-miegamoji dalis yra stilinga ir taupanti erdv\u0119, puikiai tinkanti ma\u017eiems butams, bendrabu\u010dio kambariams, biurams arba kelion\u0117ms ir stovyklavimui. Ji taip pat yra fantasti\u0161kas ir funkcionalus vaik\u0173 miegam\u0173j\u0173 ar \u017eaidim\u0173 aik\u0161teli\u0173 papildymas, derantis prie \u012fvairi\u0173 interjero aplink\u0173 ir d\u0117l kompakti\u0161ko dyd\u017eio maksimaliai i\u0161naudojanti erdv\u0119.<\/li>\n<li><strong>Paruo\u0161tas naudoti su lengvu i\u0161pl\u0117timu:<\/strong> Sulankstoma sofa-lova pristatoma suspausta vakuume, kad b\u016bt\u0173 lengva j\u0105 ne\u0161ti ir surinkti, tod\u0117l galite j\u0105 naudoti i\u0161 karto. Palaukite 3\u20137 dienas, kol ji nat\u016braliai i\u0161siskleis iki reikiamo dyd\u017eio ir formos, ir netrukus ji v\u0117l suteiks norim\u0105 mink\u0161tumo poj\u016bt\u012f.<\/li>\n<\/ul>","protected":false},"featured_media":4486,"comment_status":"open","ping_status":"closed","template":"","meta":[],"product_brand":[],"product_cat":[228],"product_tag":[],"class_list":{"0":"post-4493","1":"product","2":"type-product","3":"status-publish","4":"has-post-thumbnail","6":"product_cat-cushions","8":"first","9":"outofstock","10":"shipping-taxable","11":"purchasable","12":"product-type-simple"},"_links":{"self":[{"href":"https:\/\/www.largepillow.com\/lt\/wp-json\/wp\/v2\/product\/4493","targetHints":{"allow":["GET"]}}],"collection":[{"href":"https:\/\/www.largepillow.com\/lt\/wp-json\/wp\/v2\/product"}],"about":[{"href":"https:\/\/www.largepillow.com\/lt\/wp-json\/wp\/v2\/types\/product"}],"replies":[{"embeddable":true,"href":"https:\/\/www.largepillow.com\/lt\/wp-json\/wp\/v2\/comments?post=4493"}],"wp:featuredmedia":[{"embeddable":true,"href":"https:\/\/www.largepillow.com\/lt\/wp-json\/wp\/v2\/media\/4486"}],"wp:attachment":[{"href":"https:\/\/www.largepillow.com\/lt\/wp-json\/wp\/v2\/media?parent=4493"}],"wp:term":[{"taxonomy":"product_brand","embeddable":true,"href":"https:\/\/www.largepillow.com\/lt\/wp-json\/wp\/v2\/product_brand?post=4493"},{"taxonomy":"product_cat","embeddable":true,"href":"https:\/\/www.largepillow.com\/lt\/wp-json\/wp\/v2\/product_cat?post=4493"},{"taxonomy":"product_tag","embeddable":true,"href":"https:\/\/www.largepillow.com\/lt\/wp-json\/wp\/v2\/product_tag?post=4493"}],"curies":[{"name":"wp","href":"https:\/\/api.w.org\/{rel}","templated":true}]}}