{"id":4576,"date":"2024-10-25T03:48:45","date_gmt":"2024-10-25T03:48:45","guid":{"rendered":"https:\/\/www.largepillow.com\/product\/3-storey-felt-cat-cave-multi-cat-condo-tunnel-bed"},"modified":"2024-12-20T18:18:54","modified_gmt":"2024-12-20T18:18:54","slug":"3-aukstu-veltinio-tunelio-formos-lova-katems-su-urvu-ir-kelioms-katems","status":"publish","type":"product","link":"https:\/\/www.largepillow.com\/lt\/product\/3-storey-felt-cat-cave-multi-cat-condo-tunnel-bed","title":{"rendered":"Trij\u0173 auk\u0161t\u0173 veltinio ka\u010di\u0173 ola, daugiaviet\u0117 ka\u010di\u0173 rezidencija ir tunelio formos lova"},"content":{"rendered":"[zc_getpagecontent mb=&#8221;mb_aplus&#8221; apid=&#8221;98&#8243;]\n","protected":false},"excerpt":{"rendered":"<ul>\n<li><strong>Tinka nam\u0173 \u016bkiams, kuriuose yra daug ka\u010di\u0173:<\/strong> Kartoniniai ka\u010di\u0173 nameliai yra sukurti galvojant apie daugiakat\u017ei\u0173 nam\u0173 \u016bkius, suteikiant daug erdv\u0117s kelioms kat\u0117ms \u017eaisti ir harmoningai sugyventi. \u0160ie ka\u010di\u0173 nameliai yra suprojektuoti su keliais langais, kurie ne tik patenkina \u012fgimt\u0105 ka\u010di\u0173 smalsum\u0105, bet ir suteikia joms \u012fvairi\u0173 po\u017ei\u016brio ta\u0161k\u0173 tyrin\u0117ti ir m\u0117gautis aplinka.<\/li>\n<li><strong>Atsparus \u012fbr\u0117\u017eimams ir patvarus:<\/strong> M\u016bs\u0173 ka\u010di\u0173 nameliai ir apartamentai pagaminti i\u0161 lengvos veltinio med\u017eiagos, kuri yra ne tik atspari \u012fbr\u0117\u017eimams, bet ir ne\u012ftik\u0117tinai patvari. \u0160i med\u017eiaga suteikia kat\u0117ms puik\u0173 pavir\u0161i\u0173 draskyti ir gal\u0105sti nagus nepa\u017eeid\u017eiant konstrukcijos. Konstrukcija taip pat yra atspari vandeniui ir d\u0117m\u0117ms, tod\u0117l j\u0105 lengva valyti ir pri\u017ei\u016br\u0117ti, u\u017etikrinant, kad j\u016bs\u0173 kat\u0117s \u017eaidim\u0173 namelis i\u0161likt\u0173 puikios b\u016bkl\u0117s be dideli\u0173 pastang\u0173.<\/li>\n<li><strong>Lengva surinkti:<\/strong>\u00a0Vidiniai ka\u010di\u0173 tuneliai sukurti taip, kad juos b\u016bt\u0173 lengva surinkti, tod\u0117l galite juos greitai pastatyti pagal savo ir savo kat\u0117s pageidavimus. Paprastas m\u016bs\u0173 kartoninio ka\u010di\u0173 namelio surinkimo procesas garantuoja be r\u016bpes\u010di\u0173. \u017dingsnis po \u017eingsnio instrukcijas rasite prid\u0117tame surinkimo vaizdo \u012fra\u0161e, kuriame u\u017etikrinsite, kad gal\u0117site lengvai surinkti smagi\u0105 ir saugi\u0105 erdv\u0119 savo kat\u0117ms draug\u0117ms.<\/li>\n<li><strong>Kv\u0117puojantis dizainas:<\/strong> Pasigirkite kv\u0117puojan\u010diu dizainu, kuris padidins j\u016bs\u0173 ka\u010di\u0173 draug\u0173 komfort\u0105. Unikali veltinio med\u017eiaga kartu su strategi\u0161kai i\u0161d\u0117stytais langais u\u017etikrina optimali\u0105 ventiliacij\u0105, leid\u017eian\u010di\u0105 laisvai cirkuliuoti grynam orui. \u0160is kartoninis ka\u010di\u0173 draskykl\u0117s namelis yra kruop\u0161\u010diai pagamintas, kad b\u016bt\u0173 patogi ir gerai v\u0117dinama erdv\u0117, kurioje j\u016bs\u0173 kat\u0117s gal\u0117t\u0173 \u017eaisti ir atsipalaiduoti nejausdamos ank\u0161tos ar tvankios. Dizainas efektyviai palaiko jauki\u0105 ir kv\u0117puojan\u010di\u0105 aplink\u0105, tod\u0117l vasar\u0105 jos bus v\u0117sios, o \u017eiem\u0105 \u2013 \u0161iltos.<\/li>\n<li><strong>Erdvus interjeras:<\/strong> \u017davinga \u017eaidim\u0173 aik\u0161tel\u0117, kuri\u0105 i\u0161 tikr\u0173j\u0173 sudaro trys tarpusavyje sujungti ka\u010di\u0173 nameliai. Kartu jie sudaro didel\u0119 erdv\u0119, kurios matmenys yra 17 x 17 x 39 coli\u0173 (43 x 48 x 99 cm), kuri puikiai tinka kelioms kat\u0117ms klaid\u017eioti, \u017eaisti ir tyrin\u0117ti. \u0160is erdvus interjeras suteikia daug vietos j\u016bs\u0173 kat\u0117ms i\u0161sitiesti, ils\u0117tis ir u\u017esiimti \u017eaismingomis i\u0161daigomis. \u0160i sujungta ka\u010di\u0173 ola, kurios bendra svorio talpa siekia iki 35 svar\u0173 (15,6 kg), u\u017etikrina, kad net didesn\u0117s kat\u0117s gal\u0117t\u0173 patogiai m\u0117gautis erdve. Tai puiki vieta j\u016bs\u0173 kat\u0117ms draug\u0117ms atsipalaiduoti ir \u017eaisti, sukuriant jauki\u0105 ir patraukli\u0105 aplink\u0105, kuri yra ir funkcionali, ir patraukli.<\/li>\n<\/ul>","protected":false},"featured_media":4563,"comment_status":"open","ping_status":"closed","template":"","meta":[],"product_brand":[],"product_cat":[227],"product_tag":[],"class_list":{"0":"post-4576","1":"product","2":"type-product","3":"status-publish","4":"has-post-thumbnail","6":"product_cat-pet-supplies","8":"first","9":"outofstock","10":"shipping-taxable","11":"purchasable","12":"product-type-simple"},"_links":{"self":[{"href":"https:\/\/www.largepillow.com\/lt\/wp-json\/wp\/v2\/product\/4576","targetHints":{"allow":["GET"]}}],"collection":[{"href":"https:\/\/www.largepillow.com\/lt\/wp-json\/wp\/v2\/product"}],"about":[{"href":"https:\/\/www.largepillow.com\/lt\/wp-json\/wp\/v2\/types\/product"}],"replies":[{"embeddable":true,"href":"https:\/\/www.largepillow.com\/lt\/wp-json\/wp\/v2\/comments?post=4576"}],"wp:featuredmedia":[{"embeddable":true,"href":"https:\/\/www.largepillow.com\/lt\/wp-json\/wp\/v2\/media\/4563"}],"wp:attachment":[{"href":"https:\/\/www.largepillow.com\/lt\/wp-json\/wp\/v2\/media?parent=4576"}],"wp:term":[{"taxonomy":"product_brand","embeddable":true,"href":"https:\/\/www.largepillow.com\/lt\/wp-json\/wp\/v2\/product_brand?post=4576"},{"taxonomy":"product_cat","embeddable":true,"href":"https:\/\/www.largepillow.com\/lt\/wp-json\/wp\/v2\/product_cat?post=4576"},{"taxonomy":"product_tag","embeddable":true,"href":"https:\/\/www.largepillow.com\/lt\/wp-json\/wp\/v2\/product_tag?post=4576"}],"curies":[{"name":"wp","href":"https:\/\/api.w.org\/{rel}","templated":true}]}}