{"id":4585,"date":"2024-10-25T04:02:31","date_gmt":"2024-10-25T04:02:31","guid":{"rendered":"https:\/\/www.largepillow.com\/product\/ergonomic-u-shaped-reading-support-pillow-with-armrests"},"modified":"2025-12-03T14:22:08","modified_gmt":"2025-12-03T14:22:08","slug":"ergonomiska-u-formos-skaitymo-pagalve-su-porankiais","status":"publish","type":"product","link":"https:\/\/www.largepillow.com\/lt\/product\/ergonomic-u-shaped-reading-support-pillow-with-armrests","title":{"rendered":"Ergonomi\u0161ka U formos \u017eaidim\u0173 ir skaitymo pagalv\u0117 su porankiais"},"content":{"rendered":"[zc_getpagecontent mb=&#8221;mb_aplus&#8221; apid=&#8221;84&#8243;]\n","protected":false},"excerpt":{"rendered":"<ul>\n<li><strong>Ne\u0161iojama poranki\u0173 pagalv\u0117:<\/strong>\u00a0M\u016bs\u0173 poranki\u0173 pagalv\u0117l\u0117s matmenys yra 2,8 \u00d7 2,5 \u00d7 0,6 colio ilgio, plo\u010dio ir auk\u0161\u010dio, o ne\u0161iojamos rankenos d\u0117ka poranki\u0173 pagalv\u0119 galite lengvai perne\u0161ti \u012f kit\u0105 kambar\u012f arba pad\u0117ti ant grind\u0173. M\u016bs\u0173 poranki\u0173 pagalv\u0117 turi \u0161onines ki\u0161enes, kuriose patogu \u012fsid\u0117ti telefon\u0105, nuotolinio valdymo pult\u0105, ne\u0161iojam\u0105j\u012f kompiuter\u012f, knyg\u0105, \u017eurnal\u0105 ir kt.<\/li>\n<li><strong>Skaitymo pagalv\u0117 komfortui:<\/strong> Plat\u016bs ir mink\u0161ti porankiai gali b\u016bti naudojami kaip skaitymo pagalv\u0117l\u0117, prisitaikanti prie k\u016bno form\u0173, suteikianti komfort\u0105 ir atram\u0105 rankoms bei alk\u016bn\u0117ms. Jie didesni ir patogesni, su atrama rankoms, kad atpalaiduot\u0173 rank\u0173 j\u0117g\u0105, ir plok\u0161\u010diu stalvir\u0161iu darbui kompiuteriu. Jie veiksmingai ma\u017eina rank\u0173 ir kaklo nuovarg\u012f, kur\u012f sukelia ilgas darbas, \u017eaidimai, skaitymas ar televizoriaus \u017ei\u016br\u0117jimas.<\/li>\n<li><strong>K\u016bno atramos pagalv\u0117:<\/strong> Ji yra daugiau nei tik skaitymo pagalv\u0117 \u2013 ji gali b\u016bti naudojama kaip atpalaiduojanti miego pagalv\u0117. Ergonomi\u0161ka U formos konstrukcija ir k\u016bno atramos pagalv\u0117s nuolydis i\u0161laiko stubur\u0105 neutralioje pad\u0117tyje, suteikdamas tinkam\u0105 atram\u0105 galvai ir kaklui. Efektyviai reguliuodama ir koreguodama miegojimo ant \u0161ono pad\u0117t\u012f, m\u016bs\u0173 U formos pagalv\u0117 padeda suma\u017einti galvos, kaklo ir pe\u010di\u0173 skausmus, kad gal\u0117tum\u0117te patogiai miegoti ant bet kurio \u0161ono.<\/li>\n<li><strong>Auk\u0161\u010diausios kokyb\u0117s med\u017eiagos:<\/strong> M\u016bs\u0173 \u017eaidim\u0173 pagalv\u0117 pagaminta i\u0161 unikalaus prabangaus aksomo audinio, su kv\u0117puojan\u010diu ir puriu tinkleliu \u0161onuose ir pripildyta PP medviln\u0117s, kuri suteikia ilgalaik\u0119 atram\u0105 ir maloniai atsipalaiduoja suspaudus. Ypa\u010d didel\u0117 skaitymo pagalv\u0117 su porankiais suteikia pakankam\u0105 atram\u0105 rankoms, suma\u017eindama spaudim\u0105 pe\u010diams, kaklui ir kojoms. U formos \u012fduba prisitaiko prie j\u016bs\u0173 k\u016bno linij\u0173, koreguodama laikysen\u0105.<\/li>\n<li><strong>Ergonomi\u0161kas dizainas:<\/strong> \u017daidimams skirtos skaitymo pagalv\u0117l\u0117s \u0161onin\u0117 dalis yra s\u016bpyni\u0173 formos lanko formos, o priekin\u0117s ir galin\u0117s atramin\u0117s pagalv\u0117l\u0117s auk\u0161t\u012f galima reguliuoti pagal skirtingas s\u0117d\u0117jimo pozas. Ergonomi\u0161kas dizainas leid\u017eia i\u0161laikyti akis tinkamu atstumu nuo telefono ir ne\u0161iojamojo kompiuterio, taip apsaugant reg\u0117jim\u0105. Tai naudinga stuburui, didinant bendr\u0105 komfort\u0105 ir u\u017etikrinant rami\u0105 patirt\u012f.<\/li>\n<\/ul>","protected":false},"featured_media":4577,"comment_status":"open","ping_status":"closed","template":"","meta":[],"product_brand":[],"product_cat":[228],"product_tag":[],"class_list":{"0":"post-4585","1":"product","2":"type-product","3":"status-publish","4":"has-post-thumbnail","6":"product_cat-cushions","8":"first","9":"outofstock","10":"shipping-taxable","11":"purchasable","12":"product-type-simple"},"_links":{"self":[{"href":"https:\/\/www.largepillow.com\/lt\/wp-json\/wp\/v2\/product\/4585","targetHints":{"allow":["GET"]}}],"collection":[{"href":"https:\/\/www.largepillow.com\/lt\/wp-json\/wp\/v2\/product"}],"about":[{"href":"https:\/\/www.largepillow.com\/lt\/wp-json\/wp\/v2\/types\/product"}],"replies":[{"embeddable":true,"href":"https:\/\/www.largepillow.com\/lt\/wp-json\/wp\/v2\/comments?post=4585"}],"wp:featuredmedia":[{"embeddable":true,"href":"https:\/\/www.largepillow.com\/lt\/wp-json\/wp\/v2\/media\/4577"}],"wp:attachment":[{"href":"https:\/\/www.largepillow.com\/lt\/wp-json\/wp\/v2\/media?parent=4585"}],"wp:term":[{"taxonomy":"product_brand","embeddable":true,"href":"https:\/\/www.largepillow.com\/lt\/wp-json\/wp\/v2\/product_brand?post=4585"},{"taxonomy":"product_cat","embeddable":true,"href":"https:\/\/www.largepillow.com\/lt\/wp-json\/wp\/v2\/product_cat?post=4585"},{"taxonomy":"product_tag","embeddable":true,"href":"https:\/\/www.largepillow.com\/lt\/wp-json\/wp\/v2\/product_tag?post=4585"}],"curies":[{"name":"wp","href":"https:\/\/api.w.org\/{rel}","templated":true}]}}