{"id":4594,"date":"2024-10-25T04:14:57","date_gmt":"2024-10-25T04:14:57","guid":{"rendered":"https:\/\/www.largepillow.com\/product\/cross-legged-meditation-chair-cushion-for-yoga-and-sitting"},"modified":"2025-05-25T11:09:42","modified_gmt":"2025-05-25T11:09:42","slug":"sukryziuota-meditacijos-kede-jogai-ir-sedejimui","status":"publish","type":"product","link":"https:\/\/www.largepillow.com\/lt\/product\/cross-legged-meditation-chair-cushion-for-yoga-and-sitting","title":{"rendered":"Sukry\u017eiuot\u0173 koj\u0173 meditacijos k\u0117d\u0117s pagalv\u0117l\u0117 jogai ir s\u0117d\u0117jimui"},"content":{"rendered":"[zc_getpagecontent mb=&#8221;mb_aplus&#8221; apid=&#8221;66&#8243;]\n","protected":false},"excerpt":{"rendered":"<ul>\n<li>\u0160is ergonomi\u0161kas pagalv\u0117li\u0173 komplektas puikiai tinka norint i\u0161laikyti sveik\u0105 laikysen\u0105 s\u0117dint, nesvarbu, ar tai b\u016bt\u0173 biure, automobilyje, l\u0117ktuve ar net medituojant. Vir\u0161utin\u0117s pagalv\u0117l\u0117s matmenys yra 22,6 \u00d7 21,6 colio ilgio ir plo\u010dio, o apatin\u0117s \u2013 14,5 \u00d7 8,5 colio. 5,5 colio (13,9 cm) storesn\u0117 ypa\u010d stora vir\u0161utin\u0117 pagalv\u0117l\u0117 kartu su 3 coli\u0173 (7,5 cm) storio apatine pagalv\u0117le suteikia komfort\u0105 ir atram\u0105 j\u016bs\u0173 klubams, juosmens sri\u010diai ir keliams kei\u010diant pozas, efektyviai suma\u017eindamos nugaros spaudim\u0105 ir raumen\u0173 nuovarg\u012f, kur\u012f sukelia ilgalaikis s\u0117d\u0117jimas.<\/li>\n<li>Pagamintas i\u0161 auk\u0161tos kokyb\u0117s Oksfordo audinio ir u\u017epildytas didelio elastingumo putomis, \u0161is pagalv\u0117li\u0173 komplektas yra labai \u0161velnus ir suteikia atpalaiduojan\u010di\u0105 patirt\u012f klubams bei juosmeniui. Sukry\u017eiuota pagalv\u0117l\u0117 netgi leid\u017eia patogiai palaikyti ir reguliuoti laikysen\u0105, tod\u0117l dirbant galite i\u0161laikyti stabili\u0105 s\u0117d\u0117jimo sukry\u017eiuotomis kojomis pad\u0117t\u012f. Dviej\u0173 lygi\u0173 dizainas leid\u017eia pasirinkti \u012fvairias patogias s\u0117d\u0117jimo pad\u0117tis, pavyzd\u017eiui, sukry\u017eiuotas kojas, prit\u016bpimus, kl\u016bp\u0117jim\u0105 ir kitas. Jis gali suma\u017einti kaul\u0173 skausm\u0105 ir atpalaiduoti raumenis po ilgo s\u0117d\u0117jimo, o tai gali pad\u0117ti m\u0117gautis darbu kompiuteriu, spausdinimu, \u017eaidimais ar net meditacija.<\/li>\n<li>\u0160is pagalv\u0117li\u0173 komplektas taip pat pasi\u017eymi \u012fvairiu panaudojimu ir funkcijomis. Vir\u0161utin\u0119 pagalv\u0117l\u0119 galima u\u017ed\u0117ti ant juosmens kaip juosmens pagalv\u0119, kad b\u016bt\u0173 u\u017etikrinta atrama, arba netgi naudoti kaip ne\u0161iojamojo kompiuterio pagalv\u0119, u\u017ed\u0117jus j\u0105 ant koj\u0173. \u0160is ergonomi\u0161kas pagalv\u0117li\u0173 komplektas yra universalus ir puikiai tinka naudoti tiek viduje, tiek lauke, suteikiant patogi\u0105 viet\u0105 meditacijai ar poilsiui, kad ir kur eitum\u0117te. Tai taip pat ideali dovana gimtadieniams, Valentino dienai ar \u012fkurtuvi\u0173 vakar\u0117liams.<\/li>\n<li>Rinkit\u0117s \u0161\u012f pagalv\u0117li\u0173 komplekt\u0105, kad i\u0161laikytum\u0117te sveik\u0105 laikysen\u0105 ir atsisveikintum\u0117te su nugaros skausmais bei juosmens slanksteli\u0173 nuovargiu. Puikiai tinka biuro k\u0117d\u0117ms, \u017eaidim\u0173 k\u0117d\u0117ms, automobili\u0173 s\u0117dyn\u0117ms, l\u0117ktuvams, traukiniams, sporto rungtyni\u0173 trib\u016bnoms ir kelion\u0117ms, jis suma\u017eina spaudim\u0105 s\u0117dmenims ir pa\u0161alina diskomfort\u0105, kur\u012f sukelia ilgas s\u0117d\u0117jimas. Idealiai tinka tiems, kurie praktikuoja meditacij\u0105 ar s\u0105moningum\u0105 namuose, biure ar lauke, \u0161is patogus pagalv\u0117li\u0173 komplektas taip pat puikiai tinka ilgalaikiam naudojimui ir laikui b\u0117gant nesusmuks ir nesuplok\u0161t\u0117s.<\/li>\n<\/ul>","protected":false},"featured_media":4586,"comment_status":"open","ping_status":"closed","template":"","meta":[],"product_brand":[],"product_cat":[228],"product_tag":[],"class_list":{"0":"post-4594","1":"product","2":"type-product","3":"status-publish","4":"has-post-thumbnail","6":"product_cat-cushions","8":"first","9":"outofstock","10":"shipping-taxable","11":"purchasable","12":"product-type-simple"},"_links":{"self":[{"href":"https:\/\/www.largepillow.com\/lt\/wp-json\/wp\/v2\/product\/4594","targetHints":{"allow":["GET"]}}],"collection":[{"href":"https:\/\/www.largepillow.com\/lt\/wp-json\/wp\/v2\/product"}],"about":[{"href":"https:\/\/www.largepillow.com\/lt\/wp-json\/wp\/v2\/types\/product"}],"replies":[{"embeddable":true,"href":"https:\/\/www.largepillow.com\/lt\/wp-json\/wp\/v2\/comments?post=4594"}],"wp:featuredmedia":[{"embeddable":true,"href":"https:\/\/www.largepillow.com\/lt\/wp-json\/wp\/v2\/media\/4586"}],"wp:attachment":[{"href":"https:\/\/www.largepillow.com\/lt\/wp-json\/wp\/v2\/media?parent=4594"}],"wp:term":[{"taxonomy":"product_brand","embeddable":true,"href":"https:\/\/www.largepillow.com\/lt\/wp-json\/wp\/v2\/product_brand?post=4594"},{"taxonomy":"product_cat","embeddable":true,"href":"https:\/\/www.largepillow.com\/lt\/wp-json\/wp\/v2\/product_cat?post=4594"},{"taxonomy":"product_tag","embeddable":true,"href":"https:\/\/www.largepillow.com\/lt\/wp-json\/wp\/v2\/product_tag?post=4594"}],"curies":[{"name":"wp","href":"https:\/\/api.w.org\/{rel}","templated":true}]}}