{"id":4620,"date":"2024-10-29T01:07:52","date_gmt":"2024-10-29T01:07:52","guid":{"rendered":"https:\/\/www.largepillow.com\/product\/space-saving-ottoman-pouf-with-storage-round-comfy-for-any-room"},"modified":"2024-10-29T11:16:09","modified_gmt":"2024-10-29T11:16:09","slug":"vieta-taupantis-pufas-su-apvalia-saugykla-patogus-bet-kuriame-kambaryje","status":"publish","type":"product","link":"https:\/\/www.largepillow.com\/lt\/product\/space-saving-ottoman-pouf-with-storage-round-comfy-for-any-room","title":{"rendered":"Viet\u0105 taupantis pufas su daiktad\u0117\u017ee \u2013 apvalus ir patogus bet kokiam kambariui"},"content":{"rendered":"[zc_getpagecontent mb=&#8221;mb_aplus&#8221; apid=&#8221;97&#8243;]\n","protected":false},"excerpt":{"rendered":"<ul>\n<li><strong>Novatori\u0161kas dizainas:<\/strong> M\u016bs\u0173 pufas su vieta daiktams laikyti \u2013 tai prakti\u0161kumo ir gro\u017eio derinys. \u0160is pufas, pasi\u017eymintis unikaliu trij\u0173 sluoksni\u0173 u\u017epildo dizainu, gali pasigirti mink\u0161tu poliesterio pluo\u0161to vir\u0161utiniu sluoksniu, padidinta talpa viduryje ir tvirtu, didelio tankio putplas\u010dio pagrindu, u\u017etikrinan\u010diu patvarum\u0105 ir patogum\u0105. Puikiai tinka laikyti daiktus, kuriuos reikia tur\u0117ti po ranka.<\/li>\n<li><strong>Universalus ir stilingas:<\/strong> M\u016bs\u0173 apvalus pufas yra universalus bet kurios erdv\u0117s papildymas. Nesvarbu, ar jums reikia papildomos s\u0117dimos vietos, pakoj\u0117lio, ar tiesiog stilingo akcento, \u0161is pufas yra idealus pasirinkimas j\u016bs\u0173 svetainei, miegamajam, vaik\u0173 kambariui, bendrabu\u010dio kambariui, balkonui ar poilsio zonai.<\/li>\n<li><strong>Patogu ir lengva pri\u017ei\u016br\u0117ti:<\/strong> \u0160is lengvas, mink\u0161tas koj\u0173 atramos pufas turi porankius, kad b\u016bt\u0173 lengva jud\u0117ti namuose. Lygus u\u017etrauktukas leid\u017eia lengvai reguliuoti arba pakeisti u\u017epild\u0105, u\u017etikrinant individual\u0173 komfort\u0105 ir lengv\u0105 valym\u0105. Neslystantis dugno dizainas suteikia stabilumo.<\/li>\n<li><strong>I\u0161skirtinis komfortas ir ilgaam\u017ei\u0161kumas:<\/strong> Patirkite neprilygstam\u0105 mink\u0161tum\u0105 ir komfort\u0105 su auk\u0161\u010diausios kokyb\u0117s trumpu pliu\u0161iniu vir\u0161utiniu sluoksniu ir ilgaam\u017e\u0117mis didelio tankio putomis, kurios laikui b\u0117gant i\u0161laiko savo form\u0105. M\u0117lynai baltai dry\u017euota odin\u0117 i\u0161or\u0117 suteikia stiliaus ir rafinuotumo, skland\u017eiai \u012fsilieja \u012f bet kok\u012f interjer\u0105.<\/li>\n<li><strong>Ilgalaik\u0117 parama:<\/strong> Pristatoma vakuumin\u0117je pakuot\u0117je, kad b\u016bt\u0173 u\u017etikrintas efektyvus siuntimas, tod\u0117l koj\u0173 pufas gali visi\u0161kai i\u0161siskleisti iki 72 valand\u0173, kad pasiekt\u0173 optimal\u0173 dyd\u012f ir komfort\u0105. Per 5 dienas patirkite ilgalaik\u0119 atram\u0105 ir ger\u0105 savijaut\u0105, kuri\u0105 suteikia auk\u0161tos kokyb\u0117s putplastis, u\u017etikrindamas patogi\u0105 ir jauki\u0105 atmosfer\u0105 j\u016bs\u0173 namuose.<\/li>\n<\/ul>","protected":false},"featured_media":4613,"comment_status":"open","ping_status":"closed","template":"","meta":[],"product_brand":[],"product_cat":[228],"product_tag":[],"class_list":{"0":"post-4620","1":"product","2":"type-product","3":"status-publish","4":"has-post-thumbnail","6":"product_cat-cushions","8":"first","9":"instock","10":"shipping-taxable","11":"purchasable","12":"product-type-simple"},"_links":{"self":[{"href":"https:\/\/www.largepillow.com\/lt\/wp-json\/wp\/v2\/product\/4620","targetHints":{"allow":["GET"]}}],"collection":[{"href":"https:\/\/www.largepillow.com\/lt\/wp-json\/wp\/v2\/product"}],"about":[{"href":"https:\/\/www.largepillow.com\/lt\/wp-json\/wp\/v2\/types\/product"}],"replies":[{"embeddable":true,"href":"https:\/\/www.largepillow.com\/lt\/wp-json\/wp\/v2\/comments?post=4620"}],"wp:featuredmedia":[{"embeddable":true,"href":"https:\/\/www.largepillow.com\/lt\/wp-json\/wp\/v2\/media\/4613"}],"wp:attachment":[{"href":"https:\/\/www.largepillow.com\/lt\/wp-json\/wp\/v2\/media?parent=4620"}],"wp:term":[{"taxonomy":"product_brand","embeddable":true,"href":"https:\/\/www.largepillow.com\/lt\/wp-json\/wp\/v2\/product_brand?post=4620"},{"taxonomy":"product_cat","embeddable":true,"href":"https:\/\/www.largepillow.com\/lt\/wp-json\/wp\/v2\/product_cat?post=4620"},{"taxonomy":"product_tag","embeddable":true,"href":"https:\/\/www.largepillow.com\/lt\/wp-json\/wp\/v2\/product_tag?post=4620"}],"curies":[{"name":"wp","href":"https:\/\/api.w.org\/{rel}","templated":true}]}}