{"id":4670,"date":"2024-11-05T04:13:37","date_gmt":"2024-11-05T04:13:37","guid":{"rendered":"https:\/\/www.largepillow.com\/product\/wood-log-ottoman-pouf-cushion-foam-removable-cover"},"modified":"2025-11-24T01:41:33","modified_gmt":"2025-11-24T01:41:33","slug":"medinio-rasto-pufo-pagalveles-nuimamas-putplascio-uzvalkalas","status":"publish","type":"product","link":"https:\/\/www.largepillow.com\/lt\/product\/wood-log-ottoman-pouf-cushion-foam-removable-cover","title":{"rendered":"Medini\u0173 r\u0105st\u0173 pufo pagalv\u0117l\u0117 \u2013 putplastis ir nuimamas u\u017evalkalas"},"content":{"rendered":"[zc_getpagecontent mb=&#8221;mb_aplus&#8221; apid=&#8221;101&#8243;]\n","protected":false},"excerpt":{"rendered":"<ul>\n<li>I\u0161skirtinis med\u017eio tekst\u016bros dizainas: \u0161is novatori\u0161kas med\u017eio pufas, pasi\u017eymintis k\u016brybingu kamieno ra\u0161tu, spinduliuoja stiliumi ir suteikia j\u016bs\u0173 erdvei vizualinio bei funkcinio dramatizmo. Ry\u0161kios spalvos ir universalus panaudojimas paver\u010dia j\u012f i\u0161skirtiniu bet kokio bald\u0173 i\u0161d\u0117stymo papildymu, pagerindamas bendr\u0105 estetik\u0105.<\/li>\n<li>Daugiafunkcis ir stilingas: \u0160is stilingas kombinuotas pakojis puikiai tinka \u012fvairioms aplinkoms, pavyzd\u017eiui, prie\u0161ais miegamojo praustuv\u0105, kaip papildoma s\u0117dima vieta ar pakoj\u0117. Jis suteikia elegancijos bet kuriam kambariui. Naudokite j\u012f kaip kavos staliuk\u0105 su pad\u0117klu dekorui \u2013 tai universalus dekoratyvinis elementas.<\/li>\n<li>Patogumas ir kokyb\u0117: \u0160is geometrinis pakojis, u\u017edengtas mink\u0161tu aksominiu u\u017evalkalu ir u\u017epildytas didelio tankio putomis, suteikia patog\u0173 ir atramin\u012f s\u0117d\u0117jimo poj\u016bt\u012f. D\u0117l odai draugi\u0161k\u0173 med\u017eiag\u0173 ir tvirtos konstrukcijos pufas idealiai tinka bet kokiam nam\u0173 dekoro stiliui.<\/li>\n<li>Patogi prie\u017ei\u016bra: \u0160is pufas-ottomanas, skirtas naudoti patalpose, turi skland\u0173 u\u017etrauktuk\u0105, kad b\u016bt\u0173 lengva nuimti u\u017evalkal\u0105 valymui. Lengvas ir lengvai perkeliamas i\u0161 vieno kambario \u012f kit\u0105, tod\u0117l j\u012f lengva pri\u017ei\u016br\u0117ti, kad j\u016bs\u0173 erdv\u0117 atrodyt\u0173 gaivi ir tvarkinga.<\/li>\n<li>Efektyvus pristatymas ir i\u0161skleidimas: Siekiant u\u017etikrinti saug\u0173 ir efektyv\u0173 pristatym\u0105, m\u016bs\u0173 koj\u0173 atramos pufai yra vakuumin\u0117je pakuot\u0117je. Nor\u0117dami geriausios kokyb\u0117s, tiesiog leiskite jiems i\u0161skleisti 24\u201348 valandas po pristatymo ir u\u017etikrinkite, kad j\u016bs\u0173 geometrinis pufas b\u016bt\u0173 paruo\u0161tas stilingai ir patogiai papuo\u0161 j\u016bs\u0173 erdv\u0119.<\/li>\n<\/ul>","protected":false},"featured_media":4659,"comment_status":"open","ping_status":"closed","template":"","meta":[],"product_brand":[],"product_cat":[228],"product_tag":[],"class_list":{"0":"post-4670","1":"product","2":"type-product","3":"status-publish","4":"has-post-thumbnail","6":"product_cat-cushions","8":"first","9":"instock","10":"shipping-taxable","11":"purchasable","12":"product-type-variable","13":"has-default-attributes"},"_links":{"self":[{"href":"https:\/\/www.largepillow.com\/lt\/wp-json\/wp\/v2\/product\/4670","targetHints":{"allow":["GET"]}}],"collection":[{"href":"https:\/\/www.largepillow.com\/lt\/wp-json\/wp\/v2\/product"}],"about":[{"href":"https:\/\/www.largepillow.com\/lt\/wp-json\/wp\/v2\/types\/product"}],"replies":[{"embeddable":true,"href":"https:\/\/www.largepillow.com\/lt\/wp-json\/wp\/v2\/comments?post=4670"}],"wp:featuredmedia":[{"embeddable":true,"href":"https:\/\/www.largepillow.com\/lt\/wp-json\/wp\/v2\/media\/4659"}],"wp:attachment":[{"href":"https:\/\/www.largepillow.com\/lt\/wp-json\/wp\/v2\/media?parent=4670"}],"wp:term":[{"taxonomy":"product_brand","embeddable":true,"href":"https:\/\/www.largepillow.com\/lt\/wp-json\/wp\/v2\/product_brand?post=4670"},{"taxonomy":"product_cat","embeddable":true,"href":"https:\/\/www.largepillow.com\/lt\/wp-json\/wp\/v2\/product_cat?post=4670"},{"taxonomy":"product_tag","embeddable":true,"href":"https:\/\/www.largepillow.com\/lt\/wp-json\/wp\/v2\/product_tag?post=4670"}],"curies":[{"name":"wp","href":"https:\/\/api.w.org\/{rel}","templated":true}]}}