{"id":4855,"date":"2024-11-21T03:10:06","date_gmt":"2024-11-21T03:10:06","guid":{"rendered":"https:\/\/www.largepillow.com\/product\/round-ottoman-table-with-tassel-cushioned-for-bedroom-living"},"modified":"2024-12-13T02:58:30","modified_gmt":"2024-12-13T02:58:30","slug":"apvalus-pufas-su-kutais-miegamajam","status":"publish","type":"product","link":"https:\/\/www.largepillow.com\/lt\/product\/round-ottoman-table-with-tassel-cushioned-for-bedroom-living","title":{"rendered":"Apvalus Osman\u0173 stalas su kutais, pamink\u0161tintas miegamajam ir svetainei"},"content":{"rendered":"[zc_getpagecontent mb=&#8221;mb_aplus&#8221; apid=&#8221;104&#8243;]\n","protected":false},"excerpt":{"rendered":"<ul>\n<li>Prabangus \u2013 pakelkite savo svetain\u0117s, priimamojo ar pos\u0117d\u017ei\u0173 zonos \u012fsp\u016bd\u012f su \u0161iuo 40 coli\u0173 apvaliu pufu, kuris tarnauja kaip stilingas kavos staliukas. Aptrauktas prabangiu aksomu ir paremtas didelio tankio putomis, jis yra patogus ir rafinuotas, puikiai tinkantis neformaliems susib\u016brimams ar oficialiems renginiams.<\/li>\n<li>Auk\u0161\u010diausios kokyb\u0117s \u2013 \u0161viesiai m\u0117lynas aksomas ne tik sukuria raminant\u012f ir malon\u0173 vaizdin\u012f efekt\u0105, bet ir prabangos poj\u016bt\u012f, kur\u012f pabr\u0117\u017eia jo geb\u0117jimas atspind\u0117ti \u0161vies\u0105 ir suteikti baldams prabangos; sidabri\u0161kai balti kutai suteikia modernumo ir eleganti\u0161kumo, sustiprindami pufo elegancij\u0105; \u0161is med\u017eiagos ir dizaino derinys sukuria esteti\u0161kai patraukl\u0173 ir patog\u0173 gamin\u012f.<\/li>\n<li>Universalus funkcionalumas \u2013 16 coli\u0173 auk\u0161\u010dio \u0161is pufas atlieka dvigubas funkcijas: patogi persirengimo kambario taburet\u0117 arba atrama kojoms; tvirta konstrukcija ir mink\u0161tas pavir\u0161ius u\u017etikrina komfort\u0105, nesvarbu, ar s\u0117dite persirengti, ar ilsinate kojas, tod\u0117l jis yra b\u016btinas bet kuri\u0173 nam\u0173 papildymas.<\/li>\n<li>Elegancija be pastang\u0173 \u2013 pufas sukurtas taip, kad j\u012f b\u016bt\u0173 lengva naudoti, tod\u0117l nereikia sud\u0117tingo surinkimo; tiesiog i\u0161imkite j\u012f i\u0161 pakuot\u0117s, u\u017emaukite aksomin\u012f u\u017evalkal\u0105 ant putplas\u010dio ir palaukite 2\u20133 dienas, kol putplastis atgaus tinkam\u0105 form\u0105; \u0161is patogus naudoti b\u016bdas u\u017etikrina be r\u016bpes\u010di\u0173 naudojim\u0105, tod\u0117l j\u012f galima naudoti bet kuriame j\u016bs\u0173 nam\u0173 kambaryje be dideli\u0173 pastang\u0173.<\/li>\n<\/ul>","protected":false},"featured_media":4847,"comment_status":"open","ping_status":"closed","template":"","meta":[],"product_brand":[],"product_cat":[228],"product_tag":[],"class_list":{"0":"post-4855","1":"product","2":"type-product","3":"status-publish","4":"has-post-thumbnail","6":"product_cat-cushions","8":"first","9":"instock","10":"shipping-taxable","11":"purchasable","12":"product-type-simple"},"_links":{"self":[{"href":"https:\/\/www.largepillow.com\/lt\/wp-json\/wp\/v2\/product\/4855","targetHints":{"allow":["GET"]}}],"collection":[{"href":"https:\/\/www.largepillow.com\/lt\/wp-json\/wp\/v2\/product"}],"about":[{"href":"https:\/\/www.largepillow.com\/lt\/wp-json\/wp\/v2\/types\/product"}],"replies":[{"embeddable":true,"href":"https:\/\/www.largepillow.com\/lt\/wp-json\/wp\/v2\/comments?post=4855"}],"wp:featuredmedia":[{"embeddable":true,"href":"https:\/\/www.largepillow.com\/lt\/wp-json\/wp\/v2\/media\/4847"}],"wp:attachment":[{"href":"https:\/\/www.largepillow.com\/lt\/wp-json\/wp\/v2\/media?parent=4855"}],"wp:term":[{"taxonomy":"product_brand","embeddable":true,"href":"https:\/\/www.largepillow.com\/lt\/wp-json\/wp\/v2\/product_brand?post=4855"},{"taxonomy":"product_cat","embeddable":true,"href":"https:\/\/www.largepillow.com\/lt\/wp-json\/wp\/v2\/product_cat?post=4855"},{"taxonomy":"product_tag","embeddable":true,"href":"https:\/\/www.largepillow.com\/lt\/wp-json\/wp\/v2\/product_tag?post=4855"}],"curies":[{"name":"wp","href":"https:\/\/api.w.org\/{rel}","templated":true}]}}