{"id":488,"date":"2022-09-16T02:22:03","date_gmt":"2022-09-16T02:22:03","guid":{"rendered":"https:\/\/www.largepillow.com\/product\/big-bed-pillow"},"modified":"2025-11-05T02:15:31","modified_gmt":"2025-11-05T02:15:31","slug":"lovos-pleisto-atramine-pagalve","status":"publish","type":"product","link":"https:\/\/www.largepillow.com\/lt\/product\/bed-wedge-support-pillow","title":{"rendered":"Lovos plei\u0161to atramin\u0117 pagalv\u0117"},"content":{"rendered":"<p>Lovos plei\u0161to formos pagalv\u0117: did\u017eiausias komfortas j\u016bs\u0173 lovai ar sofai!<\/p>\n<p>Jei esate vienas i\u0161 t\u0173 \u017emoni\u0173, kurie m\u0117gsta leisti laik\u0105 lovoje ar ant sofos skaitydami, dirbdami ar \u017ei\u016br\u0117dami televizori\u0173, tuomet jums reik\u0117s i\u0161skirtinio komforto aksesuaro: plei\u0161to formos pagalv\u0117s lovai! \u0160i unikali pagalv\u0117 u\u017etikrina puik\u0173 komfort\u0105 d\u0117l savo trikampio formos dizaino, kuris puikiai priglunda prie nugaros ir juosmens, suma\u017eindamas juosmens\/nugaros spaudim\u0105, tod\u0117l puikiai tinka ilgoms s\u0117d\u0117jimo ar gul\u0117jimo valandoms.<\/p>\n<p>Vienas geriausi\u0173 \u201eBed Wedge Support Pillow\u201c privalum\u0173 yra jos universalumas. J\u0105 galite naudoti kaip nugaros atramos galv\u016bgal\u012f s\u0117dint lovoje arba patiesti ant lovos kaip didel\u0119 plei\u0161to formos pagalv\u0119 miegant ant nugaros ar \u0161ono. Be to, j\u0105 galima naudoti kaip koj\u0173 pagalv\u0119, kad pakeltum\u0117te kojas, suteikdami puiki\u0105 atram\u0105 ir komfort\u0105 visam k\u016bnui. \u0160i ypa\u010d didel\u0117 pagalv\u0117 taip pat yra vienintel\u0117 plei\u0161to formos galv\u016bgalio pagalv\u0117, kurioje gali tilpti du \u017emon\u0117s. Tai puiki alternatyva poroms, kurios mieliau dalijasi pagalve skaitydamos ar \u017ei\u016br\u0117damos televizori\u0173.<\/p>\n<p>Lovos plei\u0161to formos atramin\u0117 pagalv\u0117 yra daugiafunkcinio dizaino, tod\u0117l j\u0105 galima naudoti kaip lovos galv\u016bgalio pagalv\u0119, pagalv\u0119 prie buferio ar net kaip sofos ar dienos lovos atlo\u0161o pagalv\u0117l\u0119. Ji ne tik funkcionali, bet ir stilinga, tod\u0117l puikiai tinka bet kuriam miegamajam.<\/p>\n<p>I\u0161skirtinis meistri\u0161kumas akivaizdus kiekviename \u0161ios pagalv\u0117s aspekte. Pagalv\u0117s u\u017evalkalas pagamintas i\u0161 100% poliesterio aksomo, kuris yra mink\u0161tas, eleganti\u0161kas ir malonus liesti. Pamink\u0161tinimas pagamintas i\u0161 didelio tankio, auk\u0161tos kokyb\u0117s poliesterio pluo\u0161t\u0173, tod\u0117l pagalv\u0117 nesulinks net po keli\u0173 m\u0117nesi\u0173 naudojimo. Pagalv\u0117 taip pat turi \u0161onines ki\u0161enes knygai ar telefonui laikyti.<\/p>\n<p>Bed Wedge atramin\u0117 pagalv\u0117 taip pat yra ne\u012ftik\u0117tinai lengvai valoma. Skaitymo pagalv\u0117s u\u017evalkalas prie pagalv\u0117s pritvirtintas sagomis ir turi paprast\u0105 u\u017etrauktuk\u0105, tod\u0117l j\u012f lengva nuimti skalbimui. Tiesiog skalbkite u\u017evalkal\u0105 skalbimo ma\u0161inoje ir j\u016bs\u0173 pagalv\u0117 atrodys kaip nauja.<\/p>\n<p>Lovos plei\u0161to formos atramin\u0117 pagalv\u0117 yra \u012fvairi\u0173 dyd\u017ei\u0173, kad tikt\u0173 bet kokio plo\u010dio lovai. Rinkit\u0117s i\u0161 45 cm, 60 cm, 80 cm, 100 cm, 120 cm, 140 cm, 160 cm, 180 cm arba 200 cm, kad atitikt\u0173 j\u016bs\u0173 pageidavimus.<\/p>\n<p>Klientai labai giria \u201cBed Wedge Support Pillow\u201d pagalv\u0119, o vienas patenkintas klientas sako: \u201e\u0160i pagalv\u0117 yra nuostabi. Ji patogi, universali, o kokyb\u0117 neprilygstama. M\u0117lyna spalva gra\u017ei, o aksomin\u0117 med\u017eiaga mink\u0161ta ir prabangi. Man patinka \u0161onin\u0117s ki\u0161en\u0117s, kuriose telefonas ir knyga yra ranka pasiekiami. Labai rekomenduoju \u0161i\u0105 pagalv\u0119 visiems, norintiems pagerinti savo komforto lyg\u012f gulint lovoje ar ant sofos.\u201c<\/p>\n<p>Pagerinkite savo komforto lyg\u012f jau \u0161iandien su lovos plei\u0161to formos atramine pagalve. \u012esigykite j\u0105 dabar ir patirkite did\u017eiausi\u0105 komfort\u0105 savo lovoje ar sofoje!<\/p>","protected":false},"excerpt":{"rendered":"<ul>\n<li><strong>Maksimalus komfortas:<\/strong> \u0160i galv\u016bgalio pagalv\u0117 d\u0117l savo trikampio formos dizaino suteikia puik\u0173 komfort\u0105. Lovos atramos pagalv\u0117l\u0117 puikiai priglunda prie nugaros ir juosmens, suma\u017eindama juosmens\/nugaros spaudim\u0105. \u0160i plei\u0161to formos skaitymo pagalv\u0117 gali pad\u0117ti jums i\u0161likti ne\u012ftemptiems lovoje ar sofoje, tod\u0117l idealiai tinka dirbant naktin\u0117se pel\u0117dose, knyg\u0173 grau\u017eikams ir \u017ei\u016brint televizori\u0173 lovoje. \u0160i ypa\u010d didel\u0117 plei\u0161to formos galv\u016bgalio pagalv\u0117 yra vienintel\u0117 plei\u0161to formos galv\u016bgalio pagalv\u0117, kurioje gali miegoti du asmenys.<\/li>\n<li><strong>3 viename didel\u0117 pagalv\u0117:<\/strong> Pagalv\u0119 galite naudoti vertikaliai kaip nugaros atram\u0105 galv\u016bgaliui s\u0117dint lovoje arba patiesti j\u0105 ant lovos ir naudoti kaip didel\u0119 plei\u0161to formos pagalv\u0119 miegant ant nugaros ar \u0161ono, arba kaip koj\u0173 pagalv\u0119 kojoms pakelti. Jei norite didel\u0117s galv\u016bgalio pagalv\u0117s, kuri suteikt\u0173 atram\u0105 tiek jums, tiek j\u016bs\u0173 sutuoktiniui, tai puiki alternatyva.<\/li>\n<li><strong>Daugiafunkcinis dizainas:<\/strong> Kai kurie \u017emon\u0117s trikamp\u0119 didel\u0119 pagalv\u0117l\u0119 naudoja kaip lovos galv\u016bgalio pagalv\u0119, kiti \u2013 kaip pagalv\u0119 prie buferio, j\u0105 taip pat galima naudoti kaip sofos ar dienos lovos atlo\u0161o pagalv\u0117l\u0119. Ji stilinga ir funkcionali, tod\u0117l puikiai tinka bet kuriam miegamajam.<\/li>\n<li><strong>Auk\u0161\u010diausios kokyb\u0117s meistri\u0161kumas:<\/strong> M\u016bs\u0173 pagalv\u0117s u\u017evalkalas pagamintas i\u0161 100% poliesterio aksomo, kuris yra mink\u0161tas, eleganti\u0161kas ir malonus liesti. Pamink\u0161tinimas pagamintas i\u0161 didelio tankio, auk\u0161tos kokyb\u0117s poliesterio pluo\u0161t\u0173, kurie neleid\u017eia jam sulinkti net po keli\u0173 m\u0117nesi\u0173 naudojimo. Be to, jis turi \u0161onines ki\u0161enes knygai ar telefonui laikyti.<\/li>\n<li><strong>Lengva valyti:<\/strong> Skaitymo pagalv\u0117s u\u017evalkalas prie pagalv\u0117s pritvirtintas sagomis ir lengvai nuimamas paprastu u\u017etrauktuku. Tai leid\u017eia j\u012f lengvai valyti. Tiesiog nuimkite u\u017evalkal\u0105 ir greitai i\u0161skalbkite skalbimo ma\u0161inoje, kad pagalv\u0117 atrodyt\u0173 kaip nauja.<\/li>\n<li><strong>Dydis:<\/strong> 45 cm (I 45 x P 20 x A 50 | 0 sag\u0173), 60 cm (I 60 x P 20 x A 50 | 0 sag\u0173), 80 cm (I 80 x P 20 x A 50 | 2 sagos), 100 cm (I 100 x P 20 x A 50 | 3 sagos), 120 cm (I 120 x P 20 x A 50 | 4 sagos), 140 cm (I 140 x P 20 x A 50 | 4 sagos), 160 cm (I 160 x P 20 x A 50 | 5 sagos), 180 cm (I 180 x P 20 x A 50 | 6 sagos), 200 cm (I 200 x P 20 x A 50 | 7 sagos).<\/li>\n<\/ul>","protected":false},"featured_media":469,"comment_status":"open","ping_status":"closed","template":"","meta":[],"product_brand":[],"product_cat":[15],"product_tag":[66,204,208,194,206,102,207,209,168,132,163,112,120,68],"class_list":{"0":"post-488","1":"product","2":"type-product","3":"status-publish","4":"has-post-thumbnail","6":"product_cat-large-wedge-pillow","7":"product_tag-back-support-pillow","8":"product_tag-bed-support-cushion","9":"product_tag-bed-wedge-support-pillow","10":"product_tag-blue-pillow","11":"product_tag-bumper-pillow","12":"product_tag-couch-pillow","13":"product_tag-daybed-backrest-bolster-pillow","14":"product_tag-extra-large-bolster-pillow","15":"product_tag-headboard-pillow","16":"product_tag-large-bolster-pillow","17":"product_tag-leg-pillow","18":"product_tag-lumbar-support-pillow","19":"product_tag-velvet-pillow","20":"product_tag-wedge-reading-pillow","22":"first","23":"instock","24":"shipping-taxable","25":"purchasable","26":"product-type-variable"},"_links":{"self":[{"href":"https:\/\/www.largepillow.com\/lt\/wp-json\/wp\/v2\/product\/488","targetHints":{"allow":["GET"]}}],"collection":[{"href":"https:\/\/www.largepillow.com\/lt\/wp-json\/wp\/v2\/product"}],"about":[{"href":"https:\/\/www.largepillow.com\/lt\/wp-json\/wp\/v2\/types\/product"}],"replies":[{"embeddable":true,"href":"https:\/\/www.largepillow.com\/lt\/wp-json\/wp\/v2\/comments?post=488"}],"wp:featuredmedia":[{"embeddable":true,"href":"https:\/\/www.largepillow.com\/lt\/wp-json\/wp\/v2\/media\/469"}],"wp:attachment":[{"href":"https:\/\/www.largepillow.com\/lt\/wp-json\/wp\/v2\/media?parent=488"}],"wp:term":[{"taxonomy":"product_brand","embeddable":true,"href":"https:\/\/www.largepillow.com\/lt\/wp-json\/wp\/v2\/product_brand?post=488"},{"taxonomy":"product_cat","embeddable":true,"href":"https:\/\/www.largepillow.com\/lt\/wp-json\/wp\/v2\/product_cat?post=488"},{"taxonomy":"product_tag","embeddable":true,"href":"https:\/\/www.largepillow.com\/lt\/wp-json\/wp\/v2\/product_tag?post=488"}],"curies":[{"name":"wp","href":"https:\/\/api.w.org\/{rel}","templated":true}]}}