{"id":4881,"date":"2024-11-21T04:01:01","date_gmt":"2024-11-21T04:01:01","guid":{"rendered":"https:\/\/www.largepillow.com\/product\/versatile-fold-out-couch-chair-bed-for-home-outdoor"},"modified":"2024-12-13T02:58:30","modified_gmt":"2024-12-13T02:58:30","slug":"universali-sulankstoma-sofa-lova-namams-ir-lauko-erdvei","status":"publish","type":"product","link":"https:\/\/www.largepillow.com\/lt\/product\/versatile-fold-out-couch-chair-bed-for-home-outdoor","title":{"rendered":"Universali sulankstoma sofa ir kr\u0117slas-lova namams \/ laukui"},"content":{"rendered":"[zc_getpagecontent mb=&#8221;mb_aplus&#8221; apid=&#8221;107&#8243;]\n","protected":false},"excerpt":{"rendered":"<ul>\n<li>Auk\u0161tos kokyb\u0117s med\u017eiagos: m\u016bs\u0173 sulankstoma sofa-lova pagaminta i\u0161 Oksfordo audinio u\u017evalkalo, kuris yra patvarus, atsparus vandeniui ir lengvai valomas. Poliesterio u\u017epildas leid\u017eia jaustis \u012fsmig\u0119s, suteikdamas puiki\u0105 nugaros atram\u0105 ilgai s\u0117dint ar gulint, u\u017etikrindamas patogi\u0105 ir atpalaiduojan\u010di\u0105 patirt\u012f.<\/li>\n<li>Universalus ir viet\u0105 taupantis dizainas: m\u016bs\u0173 sulankstoma sofa lengvai transformuojasi \u012f pastatomas sofas, \u0161ezlong\u0105 ir sof\u0105-lov\u0105, patenkindama \u012fvairius j\u016bs\u0173 poreikius. Lengva ir sulankstoma sofa-lova leid\u017eia lengvai jud\u0117ti, sulankstyti, laikyti ir perne\u0161ti. Tai idealus pasirinkimas ma\u017eiems butams, bendrabu\u010diams ar bet kokiai gyvenamajai erdvei su ribota erdve. Sujungdami sofos ir \u010diu\u017einio funkcijas \u012f vien\u0105 dal\u012f, galite maksimaliai i\u0161naudoti erdv\u0119 neaukodami komforto.<\/li>\n<li>Reguliuojamas ir saugus atlo\u0161as: reguliuojamas atlo\u0161as taip pat leid\u017eia lengvai j\u012f reguliuoti pagal j\u016bs\u0173 konkre\u010dius pageidavimus. Jis leid\u017eia jums jud\u0117ti \u012f priek\u012f arba atgal, kad paremt\u0173 vir\u0161utin\u0119 nugaros dal\u012f ir galv\u0105, u\u017etikrindamas patogi\u0105 atram\u0105, nesvarbu, ar atsigulate pails\u0117ti, ar s\u0117dite skaityti. Tai skatina sveik\u0105 laikysen\u0105 ir ma\u017eina diskomfort\u0105.<\/li>\n<li>Auk\u0161\u010diausios kokyb\u0117s med\u017eiagos ir lengvas montavimas: sofos-lovos i\u0161orinis u\u017evalkalas pagamintas i\u0161 Oksfordo audinio, u\u017etikrinan\u010dio ilgalaik\u012f komfort\u0105. U\u017evalkalas su u\u017etrauktuku yra lengvai nuimamas ir skalbiamas, tod\u0117l j\u012f lengva pri\u017ei\u016br\u0117ti.<\/li>\n<li>Vakuumin\u0117 kompresin\u0117 pakuot\u0117: siekiant u\u017etikrinti efektyv\u0173 transportavim\u0105, m\u016bs\u0173 grind\u0173 sofa-lova yra vakuumin\u0117je pakuot\u0117je ir atidarius gali \u0161iek tiek deformuotis. Galite pabandyti tap\u0161noti sof\u0105, kad ji greitai atgaut\u0173 form\u0105. B\u016bkite tikri, kad per 48\u201372 valandas nuo i\u0161pakavimo sofa-lova atgaus pradin\u0119 form\u0105 ir u\u017etikrins geriausi\u0105 naudojimo patirt\u012f.<\/li>\n<\/ul>","protected":false},"featured_media":4866,"comment_status":"open","ping_status":"closed","template":"","meta":[],"product_brand":[],"product_cat":[228],"product_tag":[],"class_list":{"0":"post-4881","1":"product","2":"type-product","3":"status-publish","4":"has-post-thumbnail","6":"product_cat-cushions","8":"first","9":"outofstock","10":"shipping-taxable","11":"purchasable","12":"product-type-simple"},"_links":{"self":[{"href":"https:\/\/www.largepillow.com\/lt\/wp-json\/wp\/v2\/product\/4881","targetHints":{"allow":["GET"]}}],"collection":[{"href":"https:\/\/www.largepillow.com\/lt\/wp-json\/wp\/v2\/product"}],"about":[{"href":"https:\/\/www.largepillow.com\/lt\/wp-json\/wp\/v2\/types\/product"}],"replies":[{"embeddable":true,"href":"https:\/\/www.largepillow.com\/lt\/wp-json\/wp\/v2\/comments?post=4881"}],"wp:featuredmedia":[{"embeddable":true,"href":"https:\/\/www.largepillow.com\/lt\/wp-json\/wp\/v2\/media\/4866"}],"wp:attachment":[{"href":"https:\/\/www.largepillow.com\/lt\/wp-json\/wp\/v2\/media?parent=4881"}],"wp:term":[{"taxonomy":"product_brand","embeddable":true,"href":"https:\/\/www.largepillow.com\/lt\/wp-json\/wp\/v2\/product_brand?post=4881"},{"taxonomy":"product_cat","embeddable":true,"href":"https:\/\/www.largepillow.com\/lt\/wp-json\/wp\/v2\/product_cat?post=4881"},{"taxonomy":"product_tag","embeddable":true,"href":"https:\/\/www.largepillow.com\/lt\/wp-json\/wp\/v2\/product_tag?post=4881"}],"curies":[{"name":"wp","href":"https:\/\/api.w.org\/{rel}","templated":true}]}}