{"id":5627,"date":"2025-01-07T01:53:41","date_gmt":"2025-01-07T01:53:41","guid":{"rendered":"https:\/\/www.largepillow.com\/product\/big-teddy-bear-giant-teddy-bear-large-stuffed-animal-toy-pink"},"modified":"2025-02-05T00:54:20","modified_gmt":"2025-02-05T00:54:20","slug":"didelis-meskiukas-milziniskas-meskiukas-didelis-pliusinis-zaislas-rozinis","status":"publish","type":"product","link":"https:\/\/www.largepillow.com\/lt\/product\/big-teddy-bear-giant-teddy-bear-large-stuffed-animal-toy-pink","title":{"rendered":"Didelis me\u0161kiukas, mil\u017eini\u0161kas me\u0161kiukas, didelis pliu\u0161inis \u017eaislas, ro\u017einis"},"content":{"rendered":"[zc_getpagecontent mb=&#8221;mb_aplus&#8221; apid=&#8221;15&#8243;]\n","protected":false},"excerpt":{"rendered":"<ul>\n<li>M\u016bs\u0173 me\u0161kiukai yra pilno dyd\u017eio ir pakankamai pripildyti, tod\u0117l galime b\u016bti tikri, kad gauta prek\u0117 yra tokia pati kaip nuotraukose; M\u016bs\u0173 auk\u0161tos kokyb\u0117s me\u0161kiukas yra ideali dovana artimiesiems ir labai populiari kaip dovana \u0161vent\u0117ms, tokioms kaip Kal\u0117dos ir Valentino diena.<\/li>\n<li>Mil\u017eini\u0161kas me\u0161kiukas i\u0161 itin mink\u0161tos pliu\u0161in\u0117s med\u017eiagos, labai purus, slidus, tod\u0117l puikiai tinka apkabinti ir glamon\u0117ti.<\/li>\n<li>Did\u017eiulis 183 cm (6 p\u0117d\u0173 72 coli\u0173) me\u0161kiukas turi vaikams atspar\u0173 u\u017etrauktuk\u0105 nugaroje, tod\u0117l j\u012f saugu ir lengva skalbti.<\/li>\n<li>\u0160is didelis me\u0161kiukas suspaustas \u012f ma\u017eesn\u012f nei tikrasis jo dydis paket\u0105, o i\u0161\u0117mus pakavimo mai\u0161el\u012f, jis greitai i\u0161siple\u010dia iki 6 p\u0117d\u0173 auk\u0161\u010dio.<\/li>\n<li>Puikus me\u0161kiukas apkabinimui ir glamon\u0117jimui. \u0160is mielas me\u0161kiukas gali b\u016bti lydimas j\u016bs\u0173 skaitant knygas, \u017ei\u016brint televizori\u0173 ir linksmai leid\u017eiant laik\u0105. Jis gali b\u016bti geras kompanionas! Mielas pliu\u0161inis \u017eaisliukas greitai taps mylimu kompanionu tiek ma\u017eiems, tiek dideliems.<\/li>\n<li>Me\u0161kiukas toks \u017eavus, kad gali papuo\u0161ti miegam\u0105j\u012f ar \u017eaidim\u0173 kambar\u012f. Prie \u0161io me\u0161kiuko galite prisiglausti kaip prie mink\u0161tos pagalv\u0117s. Vaikai gali \u017eaisti su \u0161iuo me\u0161kiuku, o tai taip pat gali b\u016bti labai \u012fdomus laikas \u0161eimos pramogai.<\/li>\n<li>Tai idealus pasirinkimas k\u016bdikiams, vaikams ar draugams. Tai bus geriausia dovana ypatingomis dienomis, tokiomis kaip Pad\u0117kos diena, Valentino diena, Kal\u0117dos, gimtadieniai ar bet kokios sukaktys.<\/li>\n<li>\u0160is me\u0161kiukas labai mink\u0161tas. Sagut\u0117s formos akys yra labai tvirtos. Pliu\u0161as ir u\u017epildas yra auk\u0161tos kokyb\u0117s.<\/li>\n<li>Pliu\u0161as ir pamink\u0161tinimas yra geros kokyb\u0117s. Visi me\u0161kiukai siun\u010diami po grie\u017etos kokyb\u0117s kontrol\u0117s. Pliu\u0161\u0105 patikrina \u012fgaliota kokyb\u0117s u\u017etikrinimo \u012fstaiga ir jis gauna CE sertifikat\u0105.<\/li>\n<\/ul>","protected":false},"featured_media":5606,"comment_status":"open","ping_status":"closed","template":"","meta":[],"product_brand":[],"product_cat":[235],"product_tag":[],"class_list":{"0":"post-5627","1":"product","2":"type-product","3":"status-publish","4":"has-post-thumbnail","6":"product_cat-plush-toys","8":"first","9":"instock","10":"shipping-taxable","11":"purchasable","12":"product-type-simple"},"_links":{"self":[{"href":"https:\/\/www.largepillow.com\/lt\/wp-json\/wp\/v2\/product\/5627","targetHints":{"allow":["GET"]}}],"collection":[{"href":"https:\/\/www.largepillow.com\/lt\/wp-json\/wp\/v2\/product"}],"about":[{"href":"https:\/\/www.largepillow.com\/lt\/wp-json\/wp\/v2\/types\/product"}],"replies":[{"embeddable":true,"href":"https:\/\/www.largepillow.com\/lt\/wp-json\/wp\/v2\/comments?post=5627"}],"wp:featuredmedia":[{"embeddable":true,"href":"https:\/\/www.largepillow.com\/lt\/wp-json\/wp\/v2\/media\/5606"}],"wp:attachment":[{"href":"https:\/\/www.largepillow.com\/lt\/wp-json\/wp\/v2\/media?parent=5627"}],"wp:term":[{"taxonomy":"product_brand","embeddable":true,"href":"https:\/\/www.largepillow.com\/lt\/wp-json\/wp\/v2\/product_brand?post=5627"},{"taxonomy":"product_cat","embeddable":true,"href":"https:\/\/www.largepillow.com\/lt\/wp-json\/wp\/v2\/product_cat?post=5627"},{"taxonomy":"product_tag","embeddable":true,"href":"https:\/\/www.largepillow.com\/lt\/wp-json\/wp\/v2\/product_tag?post=5627"}],"curies":[{"name":"wp","href":"https:\/\/api.w.org\/{rel}","templated":true}]}}