{"id":5959,"date":"2025-02-02T13:23:53","date_gmt":"2025-02-02T13:23:53","guid":{"rendered":"https:\/\/www.largepillow.com\/product\/side-sleeper-pillow-with-arm-hole-foam-wedge-for-neck-and-shoulder-pain"},"modified":"2025-11-23T05:21:48","modified_gmt":"2025-11-23T05:21:48","slug":"soninio-miegojimo-pagalve-su-rankai-skirta-anga-putplascio-pleistu-kaklo-ir-peciu-skausmui-malsinti","status":"publish","type":"product","link":"https:\/\/www.largepillow.com\/lt\/product\/side-sleeper-pillow-with-arm-hole-foam-wedge-for-neck-and-shoulder-pain","title":{"rendered":"\u0160oninio miegojimo pagalv\u0117 su rankai skirta skylute ir putplas\u010dio plei\u0161tu kaklo ir pe\u010di\u0173 skausmui mal\u0161inti"},"content":{"rendered":"[zc_getpagecontent mb=&#8221;mb_aplus&#8221; apid=&#8221;116&#8243;]\n","protected":false},"excerpt":{"rendered":"<ul>\n<li>Pa\u017eangus dizainas: M\u016bs\u0173 naujoji versija miegui ant \u0161ono, skirta pe\u010di\u0173 skausmui mal\u0161inti, susideda i\u0161 trij\u0173 esmini\u0173 dali\u0173: putplas\u010dio plei\u0161to formos pagalv\u0117s stabiliam atramos u\u017etikrinimui, ma\u017eos galvos atramos ir patogios H formos k\u016bno pagalv\u0117s. \u0160is revoliucinis dizainas si\u016blo reik\u0161mingus funkcinius patobulinimus, palyginti su tradicin\u0117mis U formos k\u016bno pagalv\u0117mis, leid\u017eian\u010diomis lengvai keisti \u0161on\u0105 miego metu.<\/li>\n<li>Patobulintas funkcionalumas: skirtingai nuo \u012fprast\u0173 U formos pagalvi\u0173 miegant ant \u0161ono, kurios var\u017eo judesius miego metu, m\u016bs\u0173 H formos k\u016bno pagalv\u0117 ir atskira galvos atrama leid\u017eia lengvai judinti rankas ir keisti \u0161on\u0105. Optimizuotas plei\u0161to formos pagalv\u0117s nuolydis u\u017etikrina \u0161velni\u0105 atram\u0105, patenkinant \u012fvairius miegan\u010di\u0173j\u0173 ant \u0161ono poreikius.<\/li>\n<li>Rank\u0173 spaudimo ma\u017einimas: m\u0117gaukit\u0117s neprilygstamu komfortu su sumaniai suprojektuota dviguba rankovi\u0173 anga putplas\u010dio plei\u0161to formos pagalv\u0117je. \u0160i konstrukcija suma\u017eina rank\u0173 spaudim\u0105, skatina geresn\u0119 kraujotak\u0105 ir u\u017etikrina ram\u0173 nakties mieg\u0105 be kaban\u010di\u0173 rank\u0173 diskomforto.<\/li>\n<li>I\u0161skirtinis komfortas: Pagaminti i\u0161 mink\u0161to ir puraus poliesterio pluo\u0161to, H formos k\u016bno pagalv\u0117 ir galvos atrama garantuoja maksimal\u0173 komfort\u0105 miegant. Kv\u0117puojantis pagalv\u0117s u\u017evalkalo audinys u\u017etikrina ram\u0173 nakties mieg\u0105. Ergonomi\u0161ka putplas\u010dio plei\u0161to formos pagalv\u0117 pakelia vir\u0161utin\u0119 k\u016bno dal\u012f, veiksmingai mal\u0161indama nugaros skausm\u0105, r\u0117men\u012f ir r\u0117men\u012f. U\u017epildyta didelio tankio putomis, u\u017etikrinan\u010diomis ilgalaik\u012f stabilum\u0105, \u0161i pagalv\u0117 suteikia tvirt\u0105 atram\u0105 vis\u0105 nakt\u012f ir padeda miegantiems ant \u0161ono grei\u010diau atsigauti.<\/li>\n<li>Visapusi\u0161ka atrama: M\u0117gaukit\u0117s viso k\u016bno atrama su pailga vir\u0161utine H formos ergonomi\u0161kos pagalv\u0117s dalimi, besit\u0119sian\u010dia nuo galvos iki koj\u0173. Nesvarbu, ar jums reikia atsipalaidavimo klubams, nugarai, kaklui ar pilvui, \u0161i k\u016bno pagalv\u0117 suteikia individualiai pritaikyt\u0105 atram\u0105. Jung\u010di\u0173 dizainas k\u016bno pagalv\u0117s viduryje u\u017etikrina, kad suaugusi\u0173j\u0173 \u0161oninio miegojimo pagalv\u0117 neapsivyniot\u0173 aplink j\u016bs\u0173 k\u016bn\u0105, kai apsiver\u010diate.<\/li>\n<\/ul>","protected":false},"featured_media":5945,"comment_status":"open","ping_status":"closed","template":"","meta":[],"product_brand":[],"product_cat":[228],"product_tag":[],"class_list":{"0":"post-5959","1":"product","2":"type-product","3":"status-publish","4":"has-post-thumbnail","6":"product_cat-cushions","8":"first","9":"instock","10":"shipping-taxable","11":"purchasable","12":"product-type-variable","13":"has-default-attributes"},"_links":{"self":[{"href":"https:\/\/www.largepillow.com\/lt\/wp-json\/wp\/v2\/product\/5959","targetHints":{"allow":["GET"]}}],"collection":[{"href":"https:\/\/www.largepillow.com\/lt\/wp-json\/wp\/v2\/product"}],"about":[{"href":"https:\/\/www.largepillow.com\/lt\/wp-json\/wp\/v2\/types\/product"}],"replies":[{"embeddable":true,"href":"https:\/\/www.largepillow.com\/lt\/wp-json\/wp\/v2\/comments?post=5959"}],"wp:featuredmedia":[{"embeddable":true,"href":"https:\/\/www.largepillow.com\/lt\/wp-json\/wp\/v2\/media\/5945"}],"wp:attachment":[{"href":"https:\/\/www.largepillow.com\/lt\/wp-json\/wp\/v2\/media?parent=5959"}],"wp:term":[{"taxonomy":"product_brand","embeddable":true,"href":"https:\/\/www.largepillow.com\/lt\/wp-json\/wp\/v2\/product_brand?post=5959"},{"taxonomy":"product_cat","embeddable":true,"href":"https:\/\/www.largepillow.com\/lt\/wp-json\/wp\/v2\/product_cat?post=5959"},{"taxonomy":"product_tag","embeddable":true,"href":"https:\/\/www.largepillow.com\/lt\/wp-json\/wp\/v2\/product_tag?post=5959"}],"curies":[{"name":"wp","href":"https:\/\/api.w.org\/{rel}","templated":true}]}}