{"id":665,"date":"2022-09-16T03:51:40","date_gmt":"2022-09-16T03:51:40","guid":{"rendered":"https:\/\/www.largepillow.com\/product\/bed-wedge-cushion"},"modified":"2025-12-13T21:06:55","modified_gmt":"2025-12-13T21:06:55","slug":"lovos-galvugalio-pagalvele","status":"publish","type":"product","link":"https:\/\/www.largepillow.com\/lt\/product\/bed-headboard-cushion","title":{"rendered":"Lovos galv\u016bgalio pagalv\u0117l\u0117"},"content":{"rendered":"<p>M\u016bs\u0173 lovos galv\u016bgalio pagalv\u0117l\u0117 \u2013 geriausias sprendimas komfortui ir patogumui. Nesvarbu, ar skaitote, \u017ei\u016brite televizori\u0173, ar miegate, m\u016bs\u0173 galv\u016bgalio pagalv\u0117 sukurta taip, kad u\u017etikrint\u0173 optimal\u0173 komfort\u0105 ir atram\u0105 j\u016bs\u0173 galvai, nugarai ir kojoms.<\/p>\n<p>M\u016bs\u0173 pagalv\u0117s u\u017evalkalas, pagamintas i\u0161 auk\u0161\u010diausios kokyb\u0117s poliesterio ir lino mi\u0161inio, pasi\u017eymi susipynusia tekst\u016bra ir i\u0161skirtin\u0117mis si\u016bl\u0117mis, tod\u0117l yra tvirtas ir patvarus. Pamink\u0161tinimas pagamintas i\u0161 didelio tankio, auk\u0161tos kokyb\u0117s poliesterio pluo\u0161t\u0173, kurie neleid\u017eia jam sulinkti net po keli\u0173 m\u0117nesi\u0173 naudojimo.<\/p>\n<p>M\u016bs\u0173 didel\u0117 pagalv\u0117l\u0117 yra daugiafunkcin\u0117 ir gali b\u016bti naudojama kaip nugaros atrama skaitymui, ilga plei\u0161to formos pagalv\u0117 arba koj\u0173 pagalv\u0117 kojoms pakelti. Ji stilinga ir funkcionali, tod\u0117l puikiai tiks bet kuriame miegamajame.<\/p>\n<p>Vienas i\u0161 m\u016bs\u0173 klient\u0173 m\u0117gstamiausi\u0173 savybi\u0173 \u2013 lengvai valomas u\u017evalkalas. U\u017evalkalas u\u017esegamas sagomis ir u\u017etrauktuku, tereikia nuimti u\u017evalkal\u0105 ir greitai i\u0161skalbti skalbimo ma\u0161inoje, kad j\u016bs\u0173 pagalv\u0117 atrodyt\u0173 kaip nauja.<\/p>\n<p>Bet tai dar ne viskas \u2013 m\u016bs\u0173 galv\u016bgalio pagalv\u0117l\u0117 taip pat turi patogi\u0105 \u0161onin\u0119 ki\u0161en\u0119 daiktams susid\u0117ti. Niekada daugiau nepamesite savo nuotolinio valdymo pulto!<\/p>\n<p>Si\u016blome \u012fvairi\u0173 dyd\u017ei\u0173 lovas, tinkan\u010dias bet kokiai lovai \u2013 45 cm, 60 cm, 80 cm, 100 cm, 120 cm, 140 cm, 160 cm, 180 cm ir 200 cm. Visos su skirtingu sag\u0173 skai\u010diumi, kad idealiai tikt\u0173 j\u016bs\u0173 lovos r\u0117mui.<\/p>\n<p>Vienas patenkintas klientas pasak\u0117: \u201cMan labai patinka \u0161is lovos galv\u016bgalio pagalv\u0117l\u0117. Medviln\u0117s ir lino med\u017eiaga yra mink\u0161ta ir patogi. M\u0117lyna spalva yra gra\u017ei ir puikiai dera prie mano patalyn\u0117s. Be to, \u0161onin\u0117 ki\u0161en\u0117 yra labai patogi mano telefonui ir nuotolinio valdymo pulteliui.\u201d<\/p>\n<p>Investuokite \u012f savo komfort\u0105 su m\u016bs\u0173 lovos galv\u016bgalio pagalv\u0117le. U\u017esisakykite dabar ir paverskite savo lov\u0105 jaukia poilsio oaze.<\/p>","protected":false},"excerpt":{"rendered":"<ul>\n<li><strong>Maksimalus komfortas:<\/strong> M\u016bs\u0173 lovos galv\u016bgalio pagalv\u0117 sukurta taip, kad suteikt\u0173 jums maksimal\u0173 komfort\u0105 skaitant, \u017ei\u016brint televizori\u0173 ar miegant. Ji puikiai tinka lovai, sofai, ku\u0161etei ir dar daugiau!<\/li>\n<li><strong>Daugiafunkcinis dizainas:<\/strong> M\u016bs\u0173 didel\u0117 pagalv\u0117 gali b\u016bti naudojama \u012fvairiais b\u016bdais \u2013 kaip nugaros atrama skaitymui, ilga plei\u0161to formos pagalv\u0117 arba koj\u0173 pagalv\u0117 kojoms pakelti. Ji stilinga ir funkcionali, tod\u0117l puikiai tiks bet kuriame miegamajame.<\/li>\n<li><strong>Auk\u0161\u010diausios kokyb\u0117s med\u017eiagos:<\/strong> M\u016bs\u0173 pagalv\u0117s u\u017evalkalas pagamintas i\u0161 100% poliesterio su susipynusia tekst\u016bra ir i\u0161skirtin\u0117mis, tvirtomis si\u016bl\u0117mis. Pamink\u0161tinimas pagamintas i\u0161 didelio tankio, auk\u0161tos kokyb\u0117s poliesterio pluo\u0161t\u0173, kurie nesiglam\u017eo net po keli\u0173 m\u0117nesi\u0173 naudojimo.<\/li>\n<li><strong>Lengva valyti:<\/strong> Galv\u016bgalio u\u017evalkalas prie pagalv\u0117s pritvirtintas sagomis ir lengvai nuimamas paprastu u\u017etrauktuku. Tiesiog nuimkite u\u017evalkal\u0105 ir greitai i\u0161skalbkite skalbimo ma\u0161inoje, kad pagalv\u0117 atrodyt\u0173 kaip nauja.<\/li>\n<li><strong>Puiki daikt\u0173 laikymo ki\u0161en\u0117:<\/strong> M\u016bs\u0173 galv\u016bgalio pagalv\u0117l\u0117 turi patogi\u0105 \u0161onin\u0119 ki\u0161en\u0119, u\u017etikrinan\u010di\u0105, kad niekada daugiau nepamesite nuotolinio valdymo pulto.<\/li>\n<li><strong>Audinys:<\/strong>\u00a0Poliesterio ir lino mi\u0161inys.<\/li>\n<li><strong>Dydis:<\/strong> 45 cm (I 45 x P 20 x A 50 | 0 sag\u0173), 60 cm (I 60 x P 20 x A 50 | 0 sag\u0173), 80 cm (I 80 x P 20 x A 50 | 2 sagos), 100 cm (I 100 x P 20 x A 50 | 3 sagos), 120 cm (I 120 x P 20 x A 50 | 4 sagos), 140 cm (I 140 x P 20 x A 50 | 4 sagos), 160 cm (I 160 x P 20 x A 50 | 5 sagos), 180 cm (I 180 x P 20 x A 50 | 6 sagos), 200 cm (I 200 x P 20 x A 50 | 7 sagos).<\/li>\n<\/ul>","protected":false},"featured_media":650,"comment_status":"open","ping_status":"closed","template":"","meta":[],"product_brand":[],"product_cat":[15],"product_tag":[193,194,75,192,191,189,143,59,71,167,68],"class_list":{"0":"post-665","1":"product","2":"type-product","3":"status-publish","4":"has-post-thumbnail","6":"product_cat-large-wedge-pillow","7":"product_tag-bed-headboard-cushion","8":"product_tag-blue-pillow","9":"product_tag-daybed-pillow","10":"product_tag-headboard-cushion","11":"product_tag-headboard-pillow-wedge","12":"product_tag-linen-pillow","13":"product_tag-multifunctional-pillow","14":"product_tag-reading-pillow","15":"product_tag-tv-pillow","16":"product_tag-wedge-bolster-pillow","17":"product_tag-wedge-reading-pillow","19":"first","20":"instock","21":"featured","22":"shipping-taxable","23":"purchasable","24":"product-type-variable"},"_links":{"self":[{"href":"https:\/\/www.largepillow.com\/lt\/wp-json\/wp\/v2\/product\/665","targetHints":{"allow":["GET"]}}],"collection":[{"href":"https:\/\/www.largepillow.com\/lt\/wp-json\/wp\/v2\/product"}],"about":[{"href":"https:\/\/www.largepillow.com\/lt\/wp-json\/wp\/v2\/types\/product"}],"replies":[{"embeddable":true,"href":"https:\/\/www.largepillow.com\/lt\/wp-json\/wp\/v2\/comments?post=665"}],"wp:featuredmedia":[{"embeddable":true,"href":"https:\/\/www.largepillow.com\/lt\/wp-json\/wp\/v2\/media\/650"}],"wp:attachment":[{"href":"https:\/\/www.largepillow.com\/lt\/wp-json\/wp\/v2\/media?parent=665"}],"wp:term":[{"taxonomy":"product_brand","embeddable":true,"href":"https:\/\/www.largepillow.com\/lt\/wp-json\/wp\/v2\/product_brand?post=665"},{"taxonomy":"product_cat","embeddable":true,"href":"https:\/\/www.largepillow.com\/lt\/wp-json\/wp\/v2\/product_cat?post=665"},{"taxonomy":"product_tag","embeddable":true,"href":"https:\/\/www.largepillow.com\/lt\/wp-json\/wp\/v2\/product_tag?post=665"}],"curies":[{"name":"wp","href":"https:\/\/api.w.org\/{rel}","templated":true}]}}