{"id":712,"date":"2022-09-16T05:49:00","date_gmt":"2022-09-16T05:49:00","guid":{"rendered":"https:\/\/www.largepillow.com\/product\/triangle-pillow"},"modified":"2025-08-21T14:57:02","modified_gmt":"2025-08-21T14:57:02","slug":"didele-pagalve-lovos-galvugaliui","status":"publish","type":"product","link":"https:\/\/www.largepillow.com\/lt\/product\/big-pillow-for-bed-headboard","title":{"rendered":"Didel\u0117 pagalv\u0117 lovos galv\u016bgaliui"},"content":{"rendered":"<p>Padidinkite savo komfort\u0105 su didele lovos galv\u016bgalio pagalve: b\u016btinas daiktas kiekvienuose namuose<\/p>\n<p>Ie\u0161kant maksimalaus komforto gyvenamosiose erdv\u0117se, didel\u0117 lovos galv\u016bgalio pagalv\u0117 i\u0161siskiria kaip universalus ir b\u016btinas bet kurio modernaus miegamojo, svetain\u0117s ar jaukaus kampelio papildymas. \u0160i daugiafunkcin\u0117 pagalv\u0117 yra ne tik dekoro elementas; tai j\u016bs\u0173 poilsio akimirk\u0173 palydovas, pritaikytas padidinti j\u016bs\u0173 komfort\u0105, nesvarbu, ar m\u0117gaujat\u0117s m\u0117gstama knyga, \u017ei\u016brite m\u0117gstam\u0105 serial\u0105, ar grimztate \u012f ram\u0173 mieg\u0105.<\/p>\n<p>I\u0161 naujo apibr\u0117\u017etas maksimalus komfortas<\/p>\n<p>Sukurta atsi\u017evelgiant \u012f j\u016bs\u0173 komforto poreikius, didel\u0117 lovos galv\u016bgalio pagalv\u0117 yra puikus j\u016bs\u0173 atsipalaidavimo partneris. Nesvarbu, ar pad\u0117ta prie lovos galv\u016bgalio, ant sofos ar ku\u0161et\u0117s, ji \u017eada neprilygstam\u0105 komfort\u0105 ir atram\u0105. Jos universalumas apima daugiau nei paprast\u0105 nugaros atramos skaitymui pagalv\u0119; ji gali b\u016bti naudojama kaip ilga plei\u0161to formos pagalv\u0117 arba koj\u0173 pagalv\u0117, pakelianti kojas, \u012fk\u016bnijant stili\u0173 ir funkcionalum\u0105 viename.<\/p>\n<p>Auk\u0161\u010diausios kokyb\u0117s med\u017eiagos ilgalaikiam komfortui<\/p>\n<p>Pagalv\u0117s u\u017evalkalas pagamintas i\u0161 100% poliesterio, pasi\u017eymin\u010dio i\u0161skirtine susipynusia tekst\u016bra ir tiksliais si\u016bliais, tod\u0117l patvarumas garantuotas. Didelio tankio poliesterio pluo\u0161tai, naudojami kaip pamink\u0161tinimas, u\u017etikrina, kad pagalv\u0117 i\u0161likt\u0173 savo forma ir atrama, nesmukt\u0173 net ir po ilgo naudojimo. \u0160is \u012fsipareigojimas naudoti kokybi\u0161kas med\u017eiagas u\u017etikrina, kad j\u016bs\u0173 komfortas niekada nebus pa\u017eeistas.<\/p>\n<p>Nesud\u0117tinga prie\u017ei\u016bra<\/p>\n<p>Suprasdami patogumo ir paprastumo poreik\u012f, ypa\u010d \u0161iandieniniame spar\u010diai besikei\u010dian\u010diame pasaulyje, \u201eBig Pillow For Bed Headboard\u201c galv\u016bgalio u\u017evalkalas lengvai nuimamas paprastu u\u017etrauktuku. U\u017evalkalas pritvirtintas sagomis, j\u012f galima lengvai nuimti ir greitai i\u0161skalbti skalbimo ma\u0161ina, tod\u0117l j\u016bs\u0173 pagalv\u0117 i\u0161liks gaivi ir jauki.<\/p>\n<p>Sukurta galvojant apie jus<\/p>\n<p>Vienas i\u0161 i\u0161skirtini\u0173 bruo\u017e\u0173 \u2013 novatori\u0161ka daiktad\u0117\u017e\u0117, i\u0161radingai sukurta taip, kad svarbiausi daiktai, pavyzd\u017eiui, nuotolinio valdymo pulteliai, b\u016bt\u0173 lengvai pasiekiami, taip i\u0161vengiant nusivylimo d\u0117l pamest\u0173 daikt\u0173. Be to, poliesterio ir lino audinio mi\u0161inys yra ne tik patvarus, bet ir eleganti\u0161kas bet kuriai erdvei.<\/p>\n<p>Dyd\u017eio universalumas<\/p>\n<p>Si\u016blome \u012fvairi\u0173 dyd\u017ei\u0173 galv\u016bgal\u012f nuo 45 cm iki 200 cm, su skirtingu sag\u0173 skai\u010diumi estetiniam ir funkciniam pritaikymui, tod\u0117l kiekvienas ras sau tinkam\u0105 didel\u0119 lovos galv\u016bgalio pagalv\u0119. Nesvarbu, ar turite kompakti\u0161k\u0105 viengul\u0119 lov\u0105, ar didel\u0119 karali\u0161ko dyd\u017eio lov\u0105, \u0161i\u0105 pagalv\u0117l\u0119 galima pritaikyti pagal savo poreikius.<\/p>\n<p>Klient\u0173 pripa\u017einimas: Tikri \u012fsp\u016bd\u017eiai<\/p>\n<p>M\u016bs\u0173 klientai, palik\u0119 daug teigiam\u0173 atsiliepim\u0173, pasidalijo savo patirtimi, pabr\u0117\u017edami auk\u0161tos kokyb\u0117s pagalv\u0117s audinio mi\u0161in\u012f \u2013 \u201ctrikampio formos nugaros pagalv\u0117l\u0119, medviln\u0119 ir lin\u0105\u201d, kuris suteikia j\u0173 erdv\u0117ms prabangos ir komforto. Daugelis gyr\u0117 jos daugiafunkc\u012f dizain\u0105, pasteb\u0117dami, kaip jis \u017eymiai pagerino j\u0173 komfort\u0105 atliekant \u012fvairi\u0105 veikl\u0105, pavyzd\u017eiui, skaitant ir miegant. Lengvas valymas taip pat buvo labai vertinamas aspektas, pabr\u0117\u017eiantis pagalv\u0117s funkcionalumo ir paprastumo derin\u012f.<\/p>\n<p>I\u0161vada<\/p>\n<p>Didel\u0117 lovos galv\u016bgalio pagalv\u0117 yra daugiau nei tiesiog pagalv\u0117; tai funkcionalumo, komforto ir stiliaus derinio \u012frodymas. Auk\u0161\u010diausios kokyb\u0117s med\u017eiagos, lengva prie\u017ei\u016bra ir daugiafunkcis dizainas paver\u010dia j\u0105 nepakei\u010diamu aksesuaru kiekvienuose namuose. Padidinkite savo komfort\u0105 ir suteikite savo erdvei elegancijos su \u0161ia b\u016btina pagalve. Kaip jau \u017eino m\u016bs\u0173 patenkinti klientai, tai investicija \u012f j\u016bs\u0173 komfort\u0105 ir nam\u0173 estetin\u012f patrauklum\u0105.<\/p>","protected":false},"excerpt":{"rendered":"<ul>\n<li><strong>Maksimalus komfortas:<\/strong> M\u016bs\u0173 lovos galv\u016bgalio pagalv\u0117 sukurta taip, kad suteikt\u0173 jums maksimal\u0173 komfort\u0105 skaitant, \u017ei\u016brint televizori\u0173 ar miegant. Ji puikiai tinka lovai, sofai, ku\u0161etei ir dar daugiau!<\/li>\n<li><strong>Daugiafunkcinis dizainas:<\/strong> M\u016bs\u0173 didel\u0117 pagalv\u0117 gali b\u016bti naudojama \u012fvairiais b\u016bdais \u2013 kaip nugaros atrama skaitymui, ilga plei\u0161to formos pagalv\u0117 arba koj\u0173 pagalv\u0117 kojoms pakelti. Ji stilinga ir funkcionali, tod\u0117l puikiai tiks bet kuriame miegamajame.<\/li>\n<li><strong>Auk\u0161\u010diausios kokyb\u0117s med\u017eiagos:<\/strong> M\u016bs\u0173 pagalv\u0117s u\u017evalkalas pagamintas i\u0161 100% poliesterio su susipynusia tekst\u016bra ir i\u0161skirtin\u0117mis, tvirtomis si\u016bl\u0117mis. Pamink\u0161tinimas pagamintas i\u0161 didelio tankio, auk\u0161tos kokyb\u0117s poliesterio pluo\u0161t\u0173, kurie nesiglam\u017eo net po keli\u0173 m\u0117nesi\u0173 naudojimo.<\/li>\n<li><strong>Lengva valyti:<\/strong> Galv\u016bgalio u\u017evalkalas prie pagalv\u0117s pritvirtintas sagomis ir lengvai nuimamas paprastu u\u017etrauktuku. Tiesiog nuimkite u\u017evalkal\u0105 ir greitai i\u0161skalbkite skalbimo ma\u0161inoje, kad pagalv\u0117 atrodyt\u0173 kaip nauja.<\/li>\n<li><strong>Puiki daikt\u0173 laikymo ki\u0161en\u0117:<\/strong> M\u016bs\u0173 galv\u016bgalio pagalv\u0117l\u0117 turi patogi\u0105 \u0161onin\u0119 ki\u0161en\u0119, u\u017etikrinan\u010di\u0105, kad niekada daugiau nepamesite nuotolinio valdymo pulto.<\/li>\n<li><strong>Audinys:<\/strong>\u00a0Poliesterio ir lino mi\u0161inys.<\/li>\n<li><strong>Dydis:<\/strong> 45 cm (I 45 x P 20 x A 50 | 0 sag\u0173), 60 cm (I 60 x P 20 x A 50 | 0 sag\u0173), 80 cm (I 80 x P 20 x A 50 | 2 sagos), 100 cm (I 100 x P 20 x A 50 | 3 sagos), 120 cm (I 120 x P 20 x A 50 | 4 sagos), 140 cm (I 140 x P 20 x A 50 | 4 sagos), 160 cm (I 160 x P 20 x A 50 | 5 sagos), 180 cm (I 180 x P 20 x A 50 | 6 sagos), 200 cm (I 200 x P 20 x A 50 | 7 sagos).<\/li>\n<\/ul>","protected":false},"featured_media":698,"comment_status":"open","ping_status":"closed","template":"","meta":[],"product_brand":[],"product_cat":[15],"product_tag":[187,186,185,75,168,163,184,143],"class_list":{"0":"post-712","1":"product","2":"type-product","3":"status-publish","4":"has-post-thumbnail","6":"product_cat-large-wedge-pillow","7":"product_tag-back-support-reading-pillow","8":"product_tag-bed-headboard","9":"product_tag-big-pillow","10":"product_tag-daybed-pillow","11":"product_tag-headboard-pillow","12":"product_tag-leg-pillow","13":"product_tag-long-wedge-pillow","14":"product_tag-multifunctional-pillow","16":"first","17":"instock","18":"shipping-taxable","19":"purchasable","20":"product-type-variable"},"_links":{"self":[{"href":"https:\/\/www.largepillow.com\/lt\/wp-json\/wp\/v2\/product\/712","targetHints":{"allow":["GET"]}}],"collection":[{"href":"https:\/\/www.largepillow.com\/lt\/wp-json\/wp\/v2\/product"}],"about":[{"href":"https:\/\/www.largepillow.com\/lt\/wp-json\/wp\/v2\/types\/product"}],"replies":[{"embeddable":true,"href":"https:\/\/www.largepillow.com\/lt\/wp-json\/wp\/v2\/comments?post=712"}],"wp:featuredmedia":[{"embeddable":true,"href":"https:\/\/www.largepillow.com\/lt\/wp-json\/wp\/v2\/media\/698"}],"wp:attachment":[{"href":"https:\/\/www.largepillow.com\/lt\/wp-json\/wp\/v2\/media?parent=712"}],"wp:term":[{"taxonomy":"product_brand","embeddable":true,"href":"https:\/\/www.largepillow.com\/lt\/wp-json\/wp\/v2\/product_brand?post=712"},{"taxonomy":"product_cat","embeddable":true,"href":"https:\/\/www.largepillow.com\/lt\/wp-json\/wp\/v2\/product_cat?post=712"},{"taxonomy":"product_tag","embeddable":true,"href":"https:\/\/www.largepillow.com\/lt\/wp-json\/wp\/v2\/product_tag?post=712"}],"curies":[{"name":"wp","href":"https:\/\/api.w.org\/{rel}","templated":true}]}}